{"id":57227,"date":"2025-11-04T10:47:51","date_gmt":"2025-11-04T10:47:51","guid":{"rendered":"https:\/\/skinstudio.ee\/?post_type=product&#038;p=57227"},"modified":"2025-12-18T13:27:19","modified_gmt":"2025-12-18T13:27:19","slug":"biretix-triactive-gel","status":"publish","type":"product","link":"https:\/\/skinstudio.ee\/lv\/catalog\/cantabria-labs-lv\/biretix-triactive-gel\/","title":{"rendered":"Biretix Triactive Gel"},"content":{"rendered":"<p data-start=\"306\" data-end=\"701\"><strong data-start=\"313\" data-end=\"338\">Biretix Triactive Gel<\/strong> ir inovat\u012bvs gels sejai, kas izstr\u0101d\u0101ts \u0101dai ar noslieci uz iekaisumiem un p\u0113caknes r\u0113t\u0101m. T\u0101 formula, kuras pamat\u0101 ir ekskluz\u012bv\u0101 <strong data-start=\"469\" data-end=\"496\">RetinSphere\u00ae Technology<\/strong> tehnolo\u0123ija un <strong data-start=\"512\" data-end=\"525\">BIOPEP-15<\/strong> akt\u012bvais komplekss, pal\u012bdz samazin\u0101t bakt\u0113riju vairo\u0161anos, regul\u0113 sebuma izdal\u012b\u0161anos un pa\u0101trina \u0161\u016bnu atjauno\u0161anos. Jau p\u0113c da\u017e\u0101m dien\u0101m \u0101da k\u013c\u016bst redzami t\u012br\u0101ka un glud\u0101ka.<\/p>\n<p data-start=\"703\" data-end=\"1070\">Kl\u012bniskie p\u0113t\u012bjumi apstiprina efektivit\u0101ti: regul\u0101ri lietojot, iekaisumu daudzums samazin\u0101s l\u012bdz <strong data-start=\"800\" data-end=\"807\">76%<\/strong>, bet melno punktu skaits &#8211; par <strong data-start=\"839\" data-end=\"846\">61%<\/strong> tikai 30 dien\u0101s. Gels ne tikai pal\u012bdz mazin\u0101t izsitumus, bet ar\u012b izl\u012bdzina \u0101das tekst\u016bru, samazina p\u0113caknes p\u0113das un padara \u0101du maigu un vienm\u0113r\u012bgu. T\u0101 viegl\u0101 tekst\u016bra \u0101tri ies\u016bcas un nerada kairin\u0101jumu, pat jut\u012bgai \u0101dai.<\/p>\n<p data-start=\"1072\" data-end=\"1230\">Biretix Triactive Gel lieliski papildina ikdienas \u0101das kop\u0161anas rut\u012bnu, pal\u012bdzot redzami uzlabot \u0101das st\u0101vokli un atjaunot t\u0101s dabisko svaigumu un mirdzumu.<\/p>\n<p data-start=\"1232\" data-end=\"1252\"><strong data-start=\"1232\" data-end=\"1244\">Tilpums:<\/strong> 50 ml<\/p>\n","protected":false},"excerpt":{"rendered":"<p data-start=\"1592\" data-end=\"1628\">Mitrino\u0161s gels problem\u0101tiskai \u0101dai<\/p>\n<h2 data-start=\"1630\" data-end=\"1863\"><strong data-start=\"1630\" data-end=\"1681\">\u012apa\u0161\u012bbas Cantabria Labs &#8211; Biretix Triactive Gel<\/strong><\/h2>\n<p data-start=\"1630\" data-end=\"1863\">\u2714\ufe0fSamazina iekaisumus un p\u0113caknes p\u0113das<br data-start=\"1723\" data-end=\"1726\" \/>\u2714\ufe0fMazina melno punktu daudzumu<br data-start=\"1756\" data-end=\"1759\" \/>\u2714\ufe0fRegul\u0113 sebuma izdal\u012b\u0161anos<br data-start=\"1786\" data-end=\"1789\" \/>\u2714\ufe0fIzl\u012bdzina \u0101das tekst\u016bru un toni<br data-start=\"1822\" data-end=\"1825\" \/>\u2714\ufe0fNomierina kairin\u0101jumu un aps\u0101rtumu<\/p>\n","protected":false},"featured_media":65293,"template":"","meta":[],"pwb-brand":[1201],"product_brand":[],"product_cat":[715,741,745],"product_tag":[],"giftcard-category":[],"class_list":{"0":"post-57227","1":"product","2":"type-product","3":"status-publish","4":"has-post-thumbnail","6":"pwb-brand-cantabria-labs-lv","7":"product_cat-attirisana","8":"product_cat-izsitumi","9":"product_cat-jutigai-adai","11":"first","12":"instock","13":"taxable","14":"shipping-taxable","15":"purchasable","16":"product-type-simple"},"acf":[],"brands":[{"id":1201,"name":"Cantabria Labs","slug":"cantabria-labs-lv"}],"_links":{"self":[{"href":"https:\/\/skinstudio.ee\/lv\/wp-json\/wp\/v2\/product\/57227","targetHints":{"allow":["GET"]}}],"collection":[{"href":"https:\/\/skinstudio.ee\/lv\/wp-json\/wp\/v2\/product"}],"about":[{"href":"https:\/\/skinstudio.ee\/lv\/wp-json\/wp\/v2\/types\/product"}],"version-history":[{"count":0,"href":"https:\/\/skinstudio.ee\/lv\/wp-json\/wp\/v2\/product\/57227\/revisions"}],"wp:featuredmedia":[{"embeddable":true,"href":"https:\/\/skinstudio.ee\/lv\/wp-json\/wp\/v2\/media\/65293"}],"wp:attachment":[{"href":"https:\/\/skinstudio.ee\/lv\/wp-json\/wp\/v2\/media?parent=57227"}],"wp:term":[{"taxonomy":"pwb-brand","embeddable":true,"href":"https:\/\/skinstudio.ee\/lv\/wp-json\/wp\/v2\/pwb-brand?post=57227"},{"taxonomy":"product_brand","embeddable":true,"href":"https:\/\/skinstudio.ee\/lv\/wp-json\/wp\/v2\/product_brand?post=57227"},{"taxonomy":"product_cat","embeddable":true,"href":"https:\/\/skinstudio.ee\/lv\/wp-json\/wp\/v2\/product_cat?post=57227"},{"taxonomy":"product_tag","embeddable":true,"href":"https:\/\/skinstudio.ee\/lv\/wp-json\/wp\/v2\/product_tag?post=57227"},{"taxonomy":"giftcard-category","embeddable":true,"href":"https:\/\/skinstudio.ee\/lv\/wp-json\/wp\/v2\/giftcard-category?post=57227"}],"curies":[{"name":"wp","href":"https:\/\/api.w.org\/{rel}","templated":true}]}}