{"id":57249,"date":"2025-11-04T11:09:20","date_gmt":"2025-11-04T11:09:20","guid":{"rendered":"https:\/\/skinstudio.ee\/?post_type=product&#038;p=57249"},"modified":"2025-12-18T13:27:19","modified_gmt":"2025-12-18T13:27:19","slug":"biretix-triactive-spray","status":"publish","type":"product","link":"https:\/\/skinstudio.ee\/lv\/catalog\/cantabria-labs-lv\/biretix-triactive-spray\/","title":{"rendered":"Biretix Triactive Spray"},"content":{"rendered":"<p data-start=\"277\" data-end=\"721\"><strong data-start=\"284\" data-end=\"311\">Biretix Triactive Spray<\/strong> ir inovat\u012bvs \u0137erme\u0146a sprejs, kas paredz\u0113ts \u0101dai ar noslieci uz iekaisumiem, izsitumiem un p\u0113caknes r\u0113t\u0101m. T\u0101 formula apvieno ekskluz\u012bvo <strong data-start=\"448\" data-end=\"475\">RetinSphere\u00ae Technology<\/strong> tehnolo\u0123iju un <strong data-start=\"491\" data-end=\"504\">BIOPEP-15<\/strong> akt\u012bvo kompleksu, kas pal\u012bdz samazin\u0101t bakt\u0113riju vairo\u0161anos, regul\u0113 sebuma izdal\u012b\u0161anos un pa\u0101trina \u0161\u016bnu atjauno\u0161anos. Produkts maigi noloba \u0101du, pal\u012bdz samazin\u0101t p\u0113caknes p\u0113das un padara \u0101du vienm\u0113r\u012bg\u0101ku un t\u012br\u0101ku.<\/p>\n<p data-start=\"723\" data-end=\"994\"><strong data-start=\"723\" data-end=\"750\">Biretix Triactive Spray<\/strong> \u0101tri ies\u016bcas un neatst\u0101j p\u0113das uz \u0101das vai ap\u0123\u0113rba. Viegl\u0101 un neredzam\u0101 tekst\u016bra nodro\u0161ina komfortu un svaigumu, savuk\u0101rt ergonomiskais izsmidzin\u0101t\u0101js \u013cauj viegli uzkl\u0101t produktu ar\u012b gr\u016bti sasniedzam\u0101s viet\u0101s &#8211; uz muguras, kr\u016bt\u012bm un pleciem.<\/p>\n<p data-start=\"996\" data-end=\"1208\">Regul\u0101ri lietojot, sprejs redzami samazina iekaisumus un nepiln\u012bbas, uzlabo \u0101das tekst\u016bru un visp\u0101r\u0113jo izskatu. Tas ir ide\u0101li piem\u0113rots ikdienas lieto\u0161anai, pal\u012bdzot uztur\u0113t \u0137erme\u0146a \u0101du t\u012bru, gludu un vesel\u012bgu.<\/p>\n<p data-start=\"1210\" data-end=\"1231\"><strong data-start=\"1210\" data-end=\"1222\">Tilpums:<\/strong> 100 ml<\/p>\n","protected":false},"excerpt":{"rendered":"<p data-start=\"1685\" data-end=\"1730\">Att\u012bro\u0161s sprejs problem\u0101tiskai \u0137erme\u0146a \u0101dai<\/p>\n<h2 data-start=\"1732\" data-end=\"2002\"><strong data-start=\"1732\" data-end=\"1785\">\u012apa\u0161\u012bbas Cantabria Labs &#8211; Biretix Triactive Spray<\/strong><\/h2>\n<p data-start=\"1732\" data-end=\"2002\">\u2714\ufe0fSamazina iekaisumus un izsitumus uz \u0137erme\u0146a<br data-start=\"1833\" data-end=\"1836\" \/>\u2714\ufe0fRegul\u0113 sebuma izdal\u012b\u0161anos un mat\u0113 \u0101du<br data-start=\"1875\" data-end=\"1878\" \/>\u2714\ufe0fSamazina p\u0113caknes p\u0113das un izl\u012bdzina tekst\u016bru<br data-start=\"1925\" data-end=\"1928\" \/>\u2714\ufe0f\u0100tri ies\u016bcas, neatst\u0101jot lip\u012bgumu<br data-start=\"1963\" data-end=\"1966\" \/>\u2714\ufe0fAtst\u0101j \u0101du gludu, t\u012bru un svaigu<\/p>\n","protected":false},"featured_media":65288,"template":"","meta":[],"pwb-brand":[1201],"product_brand":[],"product_cat":[741,757],"product_tag":[],"giftcard-category":[],"class_list":{"0":"post-57249","1":"product","2":"type-product","3":"status-publish","4":"has-post-thumbnail","6":"pwb-brand-cantabria-labs-lv","7":"product_cat-izsitumi","8":"product_cat-kermena-kopsana","10":"first","11":"instock","12":"taxable","13":"shipping-taxable","14":"purchasable","15":"product-type-simple"},"acf":[],"brands":[{"id":1201,"name":"Cantabria Labs","slug":"cantabria-labs-lv"}],"_links":{"self":[{"href":"https:\/\/skinstudio.ee\/lv\/wp-json\/wp\/v2\/product\/57249","targetHints":{"allow":["GET"]}}],"collection":[{"href":"https:\/\/skinstudio.ee\/lv\/wp-json\/wp\/v2\/product"}],"about":[{"href":"https:\/\/skinstudio.ee\/lv\/wp-json\/wp\/v2\/types\/product"}],"version-history":[{"count":0,"href":"https:\/\/skinstudio.ee\/lv\/wp-json\/wp\/v2\/product\/57249\/revisions"}],"wp:featuredmedia":[{"embeddable":true,"href":"https:\/\/skinstudio.ee\/lv\/wp-json\/wp\/v2\/media\/65288"}],"wp:attachment":[{"href":"https:\/\/skinstudio.ee\/lv\/wp-json\/wp\/v2\/media?parent=57249"}],"wp:term":[{"taxonomy":"pwb-brand","embeddable":true,"href":"https:\/\/skinstudio.ee\/lv\/wp-json\/wp\/v2\/pwb-brand?post=57249"},{"taxonomy":"product_brand","embeddable":true,"href":"https:\/\/skinstudio.ee\/lv\/wp-json\/wp\/v2\/product_brand?post=57249"},{"taxonomy":"product_cat","embeddable":true,"href":"https:\/\/skinstudio.ee\/lv\/wp-json\/wp\/v2\/product_cat?post=57249"},{"taxonomy":"product_tag","embeddable":true,"href":"https:\/\/skinstudio.ee\/lv\/wp-json\/wp\/v2\/product_tag?post=57249"},{"taxonomy":"giftcard-category","embeddable":true,"href":"https:\/\/skinstudio.ee\/lv\/wp-json\/wp\/v2\/giftcard-category?post=57249"}],"curies":[{"name":"wp","href":"https:\/\/api.w.org\/{rel}","templated":true}]}}