{"id":57270,"date":"2025-11-04T11:18:45","date_gmt":"2025-11-04T11:18:45","guid":{"rendered":"https:\/\/skinstudio.ee\/?post_type=product&#038;p=57270"},"modified":"2025-12-18T13:27:19","modified_gmt":"2025-12-18T13:27:19","slug":"biretix-duo","status":"publish","type":"product","link":"https:\/\/skinstudio.ee\/lv\/catalog\/cantabria-labs-lv\/biretix-duo\/","title":{"rendered":"Biretix Duo"},"content":{"rendered":"<p data-start=\"263\" data-end=\"676\"><strong data-start=\"270\" data-end=\"285\">Biretix Duo<\/strong> ir viegls gels, kas izstr\u0101d\u0101ts \u0101dai ar noslieci uz iekaisumiem un akni. T\u0101 formula apvieno ekskluz\u012bvo <strong data-start=\"388\" data-end=\"415\">RetinSphere\u00ae Technology<\/strong> tehnolo\u0123iju un inovat\u012bvo <strong data-start=\"441\" data-end=\"454\">BIOPEP-15<\/strong> akt\u012bvo kompleksu, kas pal\u012bdz samazin\u0101t bakt\u0113riju vairo\u0161anos, regul\u0113 sebuma izdal\u012b\u0161anos un veicina \u0161\u016bnu atjauno\u0161anos. <strong data-start=\"572\" data-end=\"586\">E vitam\u012bns<\/strong> stiprina \u0101das aizsargbarjeru un pal\u012bdz uztur\u0113t t\u0101s dabisko l\u012bdzsvaru, nov\u0113r\u0161ot sausumu.<\/p>\n<p data-start=\"678\" data-end=\"976\">Gelam piem\u012bt maigas antibakteri\u0101las \u012bpa\u0161\u012bbas &#8211; tas samazina izsitumus un nov\u0113r\u0161 jaunu nepiln\u012bbu ra\u0161anos. Pateicoties <strong data-start=\"795\" data-end=\"812\">salicilsk\u0101bei<\/strong>, produkts maigi att\u012bra poras, uzlabo \u0101das tekst\u016bru un izl\u012bdzina toni, neradot kairin\u0101jumu. Formulai ir lieliska panesam\u012bba, un to var lietot ar\u012b vasaras period\u0101.<\/p>\n<p data-start=\"978\" data-end=\"1199\"><strong data-start=\"978\" data-end=\"993\">Biretix Duo<\/strong> efekt\u012bvi samazina iekaisumus, p\u0113caknes p\u0113das un taukainu sp\u012bdumu, pal\u012bdzot \u0101dai k\u013c\u016bt t\u012br\u0101kai, glud\u0101kai un vesel\u012bg\u0101kai. Tas ir ide\u0101li piem\u0113rots ikdienas lieto\u0161anai, nodro\u0161inot \u0101das kop\u0161anu un aizsardz\u012bbu.<\/p>\n<p data-start=\"1201\" data-end=\"1221\"><strong data-start=\"1201\" data-end=\"1213\">Tilpums:<\/strong> 30 ml<\/p>\n","protected":false},"excerpt":{"rendered":"<p data-start=\"1650\" data-end=\"1686\">Mitrino\u0161s gels problem\u0101tiskai \u0101dai<\/p>\n<h2 data-start=\"1688\" data-end=\"1979\"><strong data-start=\"1688\" data-end=\"1729\">\u012apa\u0161\u012bbas Cantabria Labs &#8211; Biretix Duo<\/strong><\/h2>\n<p data-start=\"1688\" data-end=\"1979\">\u2714\ufe0fSamazina iekaisumus un nov\u0113r\u0161 jaunu izsitumu veido\u0161anos<br data-start=\"1789\" data-end=\"1792\" \/>\u2714\ufe0fRegul\u0113 sebuma izdal\u012b\u0161anos un att\u012bra poras<br data-start=\"1835\" data-end=\"1838\" \/>\u2714\ufe0fUzlabo \u0101das tekst\u016bru un izl\u012bdzina toni<br data-start=\"1878\" data-end=\"1881\" \/>\u2714\ufe0fNomierina \u0101du un stiprina aizsargbarjeru<br data-start=\"1923\" data-end=\"1926\" \/>\u2714\ufe0fMazina taukainu sp\u012bdumu un atjauno svaigu izskatu<\/p>\n","protected":false},"featured_media":65283,"template":"","meta":[],"pwb-brand":[1201],"product_brand":[],"product_cat":[715,741,747],"product_tag":[],"giftcard-category":[],"class_list":{"0":"post-57270","1":"product","2":"type-product","3":"status-publish","4":"has-post-thumbnail","6":"pwb-brand-cantabria-labs-lv","7":"product_cat-attirisana","8":"product_cat-izsitumi","9":"product_cat-taukainai-adai","11":"first","12":"instock","13":"taxable","14":"shipping-taxable","15":"purchasable","16":"product-type-simple"},"acf":[],"brands":[{"id":1201,"name":"Cantabria Labs","slug":"cantabria-labs-lv"}],"_links":{"self":[{"href":"https:\/\/skinstudio.ee\/lv\/wp-json\/wp\/v2\/product\/57270","targetHints":{"allow":["GET"]}}],"collection":[{"href":"https:\/\/skinstudio.ee\/lv\/wp-json\/wp\/v2\/product"}],"about":[{"href":"https:\/\/skinstudio.ee\/lv\/wp-json\/wp\/v2\/types\/product"}],"version-history":[{"count":0,"href":"https:\/\/skinstudio.ee\/lv\/wp-json\/wp\/v2\/product\/57270\/revisions"}],"wp:featuredmedia":[{"embeddable":true,"href":"https:\/\/skinstudio.ee\/lv\/wp-json\/wp\/v2\/media\/65283"}],"wp:attachment":[{"href":"https:\/\/skinstudio.ee\/lv\/wp-json\/wp\/v2\/media?parent=57270"}],"wp:term":[{"taxonomy":"pwb-brand","embeddable":true,"href":"https:\/\/skinstudio.ee\/lv\/wp-json\/wp\/v2\/pwb-brand?post=57270"},{"taxonomy":"product_brand","embeddable":true,"href":"https:\/\/skinstudio.ee\/lv\/wp-json\/wp\/v2\/product_brand?post=57270"},{"taxonomy":"product_cat","embeddable":true,"href":"https:\/\/skinstudio.ee\/lv\/wp-json\/wp\/v2\/product_cat?post=57270"},{"taxonomy":"product_tag","embeddable":true,"href":"https:\/\/skinstudio.ee\/lv\/wp-json\/wp\/v2\/product_tag?post=57270"},{"taxonomy":"giftcard-category","embeddable":true,"href":"https:\/\/skinstudio.ee\/lv\/wp-json\/wp\/v2\/giftcard-category?post=57270"}],"curies":[{"name":"wp","href":"https:\/\/api.w.org\/{rel}","templated":true}]}}