{"id":57286,"date":"2025-11-04T11:31:49","date_gmt":"2025-11-04T11:31:49","guid":{"rendered":"https:\/\/skinstudio.ee\/?post_type=product&#038;p=57286"},"modified":"2025-12-18T13:27:19","modified_gmt":"2025-12-18T13:27:19","slug":"biretix-focus","status":"publish","type":"product","link":"https:\/\/skinstudio.ee\/lv\/catalog\/cantabria-labs-lv\/biretix-focus\/","title":{"rendered":"Biretix Focus Gel"},"content":{"rendered":"<p data-start=\"259\" data-end=\"637\"><strong>Biretix Focus Gel<\/strong> ir inovat\u012bvs punktveida gels ar vieglu tekst\u016bru, kas paredz\u0113ts \u0101trai iekaisumu un izsitumu mazin\u0101\u0161anai. Formula apvieno augstu akt\u012bvo sast\u0101vda\u013cu koncentr\u0101ciju, kas darbojas siner\u0123iski, nodro\u0161inot sp\u0113c\u012bgu pretiekaisuma un sebuma regul\u0113jo\u0161u efektu. Produkts pal\u012bdz samazin\u0101t aps\u0101rtumu, piet\u016bkumu un \u0101das jut\u012bgumu, pa\u0101trinot problem\u0101to zonu atjauno\u0161anos.<\/p>\n<p data-start=\"639\" data-end=\"899\">Pateicoties caursp\u012bd\u012bgajai, neredzamajai tekst\u016brai, <strong>Biretix Focus Gel<\/strong>\u00a0viegli uzkl\u0101jas, \u0101tri ies\u016bcas un to var lietot gan zem, gan virs grima. Tas iedarbojas uz \u0101das nepiln\u012bb\u0101m uzreiz, samazinot to izm\u0113ru un iekaisumu, k\u0101 ar\u012b nov\u0113r\u0161 jaunu izsitumu veido\u0161anos.<\/p>\n<p data-start=\"901\" data-end=\"1112\">Regul\u0101ra lieto\u0161ana uzlabo \u0101das st\u0101vokli, padarot to t\u012br\u0101ku, glud\u0101ku un vesel\u012bg\u0101ku. Tas ir neaizst\u0101jams l\u012bdzeklis steidzamai kop\u0161anai, kad nepiecie\u0161ams \u0101tri nomierin\u0101t iekaisumu un atjaunot koptas \u0101das izskatu.<\/p>\n<p data-start=\"1114\" data-end=\"1134\"><strong data-start=\"1114\" data-end=\"1126\">Tilpums:<\/strong> 15 ml<\/p>\n","protected":false},"excerpt":{"rendered":"<p data-start=\"1448\" data-end=\"1493\">Punktveida gels \u0101trai iekaisumu mazin\u0101\u0161anai<\/p>\n<h2 data-start=\"1495\" data-end=\"1746\"><strong data-start=\"1495\" data-end=\"1538\">\u012apa\u0161\u012bbas Cantabria Labs &#8211; Biretix Focus Gel<\/strong><\/h2>\n<p data-start=\"1495\" data-end=\"1746\">\u2714\ufe0f\u0100tri samazina iekaisumu un aps\u0101rtumu<br data-start=\"1579\" data-end=\"1582\" \/>\u2714\ufe0fMazina izsitumu izm\u0113ru un apjomu<br data-start=\"1616\" data-end=\"1619\" \/>\u2714\ufe0fRegul\u0113 sebuma izdal\u012b\u0161anos un att\u012bra poras<br data-start=\"1662\" data-end=\"1665\" \/>\u2714\ufe0fPa\u0101trina problem\u0101to zonu atjauno\u0161anos<br data-start=\"1704\" data-end=\"1707\" \/>\u2714\ufe0fUztur \u0101du t\u012bru, gludu un vienm\u0113r\u012bgu<\/p>\n","protected":false},"featured_media":65278,"template":"","meta":[],"pwb-brand":[1201],"product_brand":[],"product_cat":[741,743,723],"product_tag":[],"giftcard-category":[],"class_list":{"0":"post-57286","1":"product","2":"type-product","3":"status-publish","4":"has-post-thumbnail","6":"pwb-brand-cantabria-labs-lv","7":"product_cat-izsitumi","8":"product_cat-paplasinatas-poras","9":"product_cat-serumi","11":"first","12":"instock","13":"taxable","14":"shipping-taxable","15":"purchasable","16":"product-type-simple"},"acf":[],"brands":[{"id":1201,"name":"Cantabria Labs","slug":"cantabria-labs-lv"}],"_links":{"self":[{"href":"https:\/\/skinstudio.ee\/lv\/wp-json\/wp\/v2\/product\/57286","targetHints":{"allow":["GET"]}}],"collection":[{"href":"https:\/\/skinstudio.ee\/lv\/wp-json\/wp\/v2\/product"}],"about":[{"href":"https:\/\/skinstudio.ee\/lv\/wp-json\/wp\/v2\/types\/product"}],"version-history":[{"count":0,"href":"https:\/\/skinstudio.ee\/lv\/wp-json\/wp\/v2\/product\/57286\/revisions"}],"wp:featuredmedia":[{"embeddable":true,"href":"https:\/\/skinstudio.ee\/lv\/wp-json\/wp\/v2\/media\/65278"}],"wp:attachment":[{"href":"https:\/\/skinstudio.ee\/lv\/wp-json\/wp\/v2\/media?parent=57286"}],"wp:term":[{"taxonomy":"pwb-brand","embeddable":true,"href":"https:\/\/skinstudio.ee\/lv\/wp-json\/wp\/v2\/pwb-brand?post=57286"},{"taxonomy":"product_brand","embeddable":true,"href":"https:\/\/skinstudio.ee\/lv\/wp-json\/wp\/v2\/product_brand?post=57286"},{"taxonomy":"product_cat","embeddable":true,"href":"https:\/\/skinstudio.ee\/lv\/wp-json\/wp\/v2\/product_cat?post=57286"},{"taxonomy":"product_tag","embeddable":true,"href":"https:\/\/skinstudio.ee\/lv\/wp-json\/wp\/v2\/product_tag?post=57286"},{"taxonomy":"giftcard-category","embeddable":true,"href":"https:\/\/skinstudio.ee\/lv\/wp-json\/wp\/v2\/giftcard-category?post=57286"}],"curies":[{"name":"wp","href":"https:\/\/api.w.org\/{rel}","templated":true}]}}