{"id":57314,"date":"2025-11-04T11:51:15","date_gmt":"2025-11-04T11:51:15","guid":{"rendered":"https:\/\/skinstudio.ee\/?post_type=product&#038;p=57314"},"modified":"2026-04-09T09:30:33","modified_gmt":"2026-04-09T09:30:33","slug":"biretix-oil-control-solution","status":"publish","type":"product","link":"https:\/\/skinstudio.ee\/lv\/catalog\/cantabria-labs-lv\/biretix-oil-control-solution\/","title":{"rendered":"Biretix Oil Control Solution"},"content":{"rendered":"<p data-start=\"247\" data-end=\"600\"><strong data-start=\"254\" data-end=\"286\">Biretix Oil Control Solution<\/strong> ir atjaunojo\u0161s un mat\u0113jo\u0161s sejas toniks ar maigu p\u012blinga efektu. T\u0101 formula apvieno <strong data-start=\"371\" data-end=\"386\">glikolsk\u0101bi<\/strong> un <strong data-start=\"390\" data-end=\"405\">mande\u013csk\u0101bi<\/strong>, kas veicina epidermas atjauno\u0161anos, uzlabo tekst\u016bru un samazina p\u0113ciekaisuma pigment\u0101ciju. Produkts efekt\u012bvi regul\u0113 sebuma izdal\u012b\u0161anos, samazina poras un sp\u012bdumu, padarot \u0101du gludu un svaigu.<\/p>\n<p data-start=\"602\" data-end=\"929\">Viegl\u0101 <strong data-start=\"609\" data-end=\"641\">Biretix Oil Control Solution<\/strong> tekst\u016bra nodro\u0161ina \u0101tru uzs\u016bk\u0161anos, neradot sausuma vai savilkuma saj\u016btu. Akt\u012bvo <strong data-start=\"723\" data-end=\"737\">AHA sk\u0101bju<\/strong> un antioksidantu kombin\u0101cija pal\u012bdz atjaunot \u0101das virsmu, uzlabot t\u0101s toni un pie\u0161\u0137irt dabisku mirdzumu. Produkts maigi att\u012bra \u0101du, uztur l\u012bdzsvaru un pie\u0161\u0137ir koptu izskatu bez kairin\u0101juma.<\/p>\n<p data-start=\"931\" data-end=\"1201\">Regul\u0101ri lietojot, nepiln\u012bbas k\u013c\u016bst maz\u0101k paman\u0101mas, poras samazin\u0101s, un \u0101da ieg\u016bst vienm\u0113r\u012bgu, mat\u0113tu toni. Toniks lieliski papildina ikdienas kop\u0161anas rut\u012bnu un pastiprina citu <strong data-start=\"1110\" data-end=\"1121\">Biretix<\/strong> l\u012bnijas produktu efektivit\u0101ti, nodro\u0161inot ilgsto\u0161u t\u012br\u012bbas un gluduma efektu.<\/p>\n<p data-start=\"1203\" data-end=\"1224\"><strong data-start=\"1203\" data-end=\"1215\">Tilpums:<\/strong> 30 ml \/ 100 ml<\/p>\n","protected":false},"excerpt":{"rendered":"<p data-start=\"2336\" data-end=\"2368\">Mat\u0113jo\u0161s toniks taukainai \u0101dai<\/p>\n<h2 data-start=\"2370\" data-end=\"2616\"><strong data-start=\"2370\" data-end=\"2428\">\u012apa\u0161\u012bbas Cantabria Labs &#8211; Biretix Oil Control Solution<\/strong><\/h2>\n<p data-start=\"2370\" data-end=\"2616\">\u2714\ufe0fP\u012blingo un atjauno \u0101das virsmu<br data-start=\"2463\" data-end=\"2466\" \/>\u2714\ufe0fRegul\u0113 sebuma izdal\u012b\u0161anos un mat\u0113 \u0101du<br data-start=\"2505\" data-end=\"2508\" \/>\u2714\ufe0fSamazina poras un nepiln\u012bbas<br data-start=\"2538\" data-end=\"2541\" \/>\u2714\ufe0fMazina p\u0113ciekaisuma pigment\u0101ciju<br data-start=\"2575\" data-end=\"2578\" \/>\u2714\ufe0fUzlabo tekst\u016bru un atsvaidzina \u0101du<\/p>\n","protected":false},"featured_media":65273,"template":"","meta":[],"pwb-brand":[1201],"product_brand":[],"product_cat":[743,747,721],"product_tag":[],"giftcard-category":[],"class_list":{"0":"post-57314","1":"product","2":"type-product","3":"status-publish","4":"has-post-thumbnail","6":"pwb-brand-cantabria-labs-lv","7":"product_cat-paplasinatas-poras","8":"product_cat-taukainai-adai","9":"product_cat-toniki-lv","10":"pa_suurus-100ml-lv","11":"pa_suurus-30ml-lv","13":"first","14":"instock","15":"taxable","16":"shipping-taxable","17":"purchasable","18":"product-type-variable"},"acf":[],"brands":[{"id":1201,"name":"Cantabria Labs","slug":"cantabria-labs-lv"}],"_links":{"self":[{"href":"https:\/\/skinstudio.ee\/lv\/wp-json\/wp\/v2\/product\/57314","targetHints":{"allow":["GET"]}}],"collection":[{"href":"https:\/\/skinstudio.ee\/lv\/wp-json\/wp\/v2\/product"}],"about":[{"href":"https:\/\/skinstudio.ee\/lv\/wp-json\/wp\/v2\/types\/product"}],"version-history":[{"count":1,"href":"https:\/\/skinstudio.ee\/lv\/wp-json\/wp\/v2\/product\/57314\/revisions"}],"predecessor-version":[{"id":90118,"href":"https:\/\/skinstudio.ee\/lv\/wp-json\/wp\/v2\/product\/57314\/revisions\/90118"}],"wp:featuredmedia":[{"embeddable":true,"href":"https:\/\/skinstudio.ee\/lv\/wp-json\/wp\/v2\/media\/65273"}],"wp:attachment":[{"href":"https:\/\/skinstudio.ee\/lv\/wp-json\/wp\/v2\/media?parent=57314"}],"wp:term":[{"taxonomy":"pwb-brand","embeddable":true,"href":"https:\/\/skinstudio.ee\/lv\/wp-json\/wp\/v2\/pwb-brand?post=57314"},{"taxonomy":"product_brand","embeddable":true,"href":"https:\/\/skinstudio.ee\/lv\/wp-json\/wp\/v2\/product_brand?post=57314"},{"taxonomy":"product_cat","embeddable":true,"href":"https:\/\/skinstudio.ee\/lv\/wp-json\/wp\/v2\/product_cat?post=57314"},{"taxonomy":"product_tag","embeddable":true,"href":"https:\/\/skinstudio.ee\/lv\/wp-json\/wp\/v2\/product_tag?post=57314"},{"taxonomy":"giftcard-category","embeddable":true,"href":"https:\/\/skinstudio.ee\/lv\/wp-json\/wp\/v2\/giftcard-category?post=57314"}],"curies":[{"name":"wp","href":"https:\/\/api.w.org\/{rel}","templated":true}]}}