{"id":57335,"date":"2025-11-04T11:59:18","date_gmt":"2025-11-04T11:59:18","guid":{"rendered":"https:\/\/skinstudio.ee\/?post_type=product&#038;p=57335"},"modified":"2026-04-09T09:34:28","modified_gmt":"2026-04-09T09:34:28","slug":"biretix-double-correction-serum","status":"publish","type":"product","link":"https:\/\/skinstudio.ee\/lv\/catalog\/cantabria-labs-lv\/biretix-double-correction-serum\/","title":{"rendered":"Biretix Double Correction Serum"},"content":{"rendered":"<p data-start=\"329\" data-end=\"783\"><strong data-start=\"336\" data-end=\"371\">Biretix Double Correction Serum<\/strong> ir augstas efektivit\u0101tes divk\u0101r\u0161as iedarb\u012bbas serums, kas paredz\u0113ts nobriedu\u0161ai un nepiln\u012bb\u0101m pak\u013cautai \u0101dai. T\u0101 formula apvieno patent\u0113to <strong data-start=\"511\" data-end=\"539\">RetinSphere\u00ae tehnolo\u0123iju<\/strong>, kuras pamat\u0101 ir iekapsul\u0113ts retinols, ar <strong data-start=\"582\" data-end=\"600\">5% niacinam\u012bdu<\/strong> un <strong data-start=\"604\" data-end=\"644\">AHA sk\u0101b\u0113m ar kontrol\u0113tu izdal\u012b\u0161anos<\/strong>. \u0160is uzlabotais komplekss veicina \u0101das atjauno\u0161anos, regul\u0113 sebuma izdal\u012b\u0161anos un vienlaikus samazina iekaisumus un noveco\u0161an\u0101s paz\u012bmes.<\/p>\n<p data-start=\"785\" data-end=\"1017\">Serums redzami uzlabo \u0101das tekst\u016bru un toni, samazina poras un sp\u012bdumu, pal\u012bdz mazin\u0101t p\u0113ciekaisuma plankumus un padara \u0101du vienm\u0113r\u012bg\u0101ku un glud\u0101ku. T\u0101 viegl\u0101, ne taukain\u0101 tekst\u016bra \u0101tri ies\u016bcas, atst\u0101jot \u0101du svaigu un komfortablu.<\/p>\n<p data-start=\"1019\" data-end=\"1071\"><strong data-start=\"1019\" data-end=\"1069\">Kl\u012bniski pier\u0101d\u012bti rezult\u0101ti un priek\u0161roc\u012bbas:<\/strong><\/p>\n<ul data-start=\"1072\" data-end=\"1775\">\n<li data-start=\"1072\" data-end=\"1154\">\n<p data-start=\"1074\" data-end=\"1154\"><strong data-start=\"1074\" data-end=\"1092\">P\u0113c 14 dien\u0101m:<\/strong> regul\u0113 sebuma izdal\u012b\u0161anos, samazina sp\u012bdumu un poru izm\u0113ru.<\/p>\n<\/li>\n<li data-start=\"1155\" data-end=\"1210\">\n<p data-start=\"1157\" data-end=\"1210\"><strong data-start=\"1157\" data-end=\"1175\">P\u0113c 28 dien\u0101m:<\/strong> samazina aps\u0101rtumu un izsitumus.<\/p>\n<\/li>\n<li data-start=\"1211\" data-end=\"1293\">\n<p data-start=\"1213\" data-end=\"1293\"><strong data-start=\"1213\" data-end=\"1236\">Divk\u0101r\u0161a iedarb\u012bba:<\/strong> vienlaikus c\u012bn\u0101s ar nepiln\u012bb\u0101m un noveco\u0161an\u0101s paz\u012bm\u0113m.<\/p>\n<\/li>\n<li data-start=\"1294\" data-end=\"1377\">\n<p data-start=\"1296\" data-end=\"1377\"><strong data-start=\"1296\" data-end=\"1318\">Mirdzums un tonis:<\/strong> samazina p\u0113ciekaisuma plankumus un izl\u012bdzina \u0101das kr\u0101su.<\/p>\n<\/li>\n<li data-start=\"1378\" data-end=\"1459\">\n<p data-start=\"1380\" data-end=\"1459\"><strong data-start=\"1380\" data-end=\"1407\">RetinSphere\u00ae komplekss:<\/strong> stimul\u0113 \u0161\u016bnu atjauno\u0161anos un uzlabo \u0101das gludumu.<\/p>\n<\/li>\n<li data-start=\"1460\" data-end=\"1529\">\n<p data-start=\"1462\" data-end=\"1529\"><strong data-start=\"1462\" data-end=\"1480\">Maigs p\u012blings:<\/strong> AHA sk\u0101bes izl\u012bdzina tekst\u016bru bez kairin\u0101juma.<\/p>\n<\/li>\n<li data-start=\"1530\" data-end=\"1624\">\n<p data-start=\"1532\" data-end=\"1624\"><strong data-start=\"1532\" data-end=\"1565\">Aizsargbarjeras stiprin\u0101\u0161ana:<\/strong> niacinam\u012bds mazina iekaisumu un palielina \u0101das notur\u012bbu.<\/p>\n<\/li>\n<li data-start=\"1625\" data-end=\"1700\">\n<p data-start=\"1627\" data-end=\"1700\"><strong data-start=\"1627\" data-end=\"1657\">Viegl\u0101, bez e\u013c\u013cas formula:<\/strong> \u0101tri ies\u016bcas un nodro\u0161ina mat\u0113tu efektu.<\/p>\n<\/li>\n<li data-start=\"1701\" data-end=\"1775\">\n<p data-start=\"1703\" data-end=\"1775\"><strong data-start=\"1703\" data-end=\"1733\">Dermatolo\u0123iski p\u0101rbaud\u012bts:<\/strong> nekomedog\u0113ns un piem\u0113rots jut\u012bgai \u0101dai.<\/p>\n<\/li>\n<\/ul>\n<p data-start=\"1777\" data-end=\"1967\">Regul\u0101ri lietojot, <strong data-start=\"1796\" data-end=\"1831\">Biretix Double Correction Serum<\/strong> uzlabo \u0101das elast\u012bbu un tvirtumu, samazina smalk\u0101s krunci\u0146as un atjauno dabisko mirdzumu, pie\u0161\u0137irot \u0101dai vienm\u0113r\u012bgu un koptu izskatu.<\/p>\n<p data-start=\"1969\" data-end=\"1989\"><strong data-start=\"1969\" data-end=\"1981\">Tilpums:<\/strong> 10 ml \/ 30 ml<\/p>\n","protected":false},"excerpt":{"rendered":"<p data-start=\"2589\" data-end=\"2633\">Pretnoveco\u0161an\u0101s serums problem\u0101tiskai \u0101dai<\/p>\n<h2 data-start=\"2635\" data-end=\"2944\"><strong data-start=\"2635\" data-end=\"2696\">\u012apa\u0161\u012bbas Cantabria Labs &#8211; Biretix Double Correction Serum<\/strong><\/h2>\n<p data-start=\"2635\" data-end=\"2944\">\u2714\ufe0fSamazina iekaisumus, poras un taukainu sp\u012bdumu<br data-start=\"2747\" data-end=\"2750\" \/>\u2714\ufe0fUzlabo tekst\u016bru un izl\u012bdzina \u0101das toni<br data-start=\"2790\" data-end=\"2793\" \/>\u2714\ufe0fMazina krunci\u0146as un p\u0113ciekaisuma plankumus<br data-start=\"2837\" data-end=\"2840\" \/>\u2714\ufe0fStiprina aizsargbarjeru un paaugstina \u0101das notur\u012bbu<br data-start=\"2893\" data-end=\"2896\" \/>\u2714\ufe0fAtjauno mirdzumu un pie\u0161\u0137ir vesel\u012bgu izskatu<\/p>\n","protected":false},"featured_media":65268,"template":"","meta":[],"pwb-brand":[1201],"product_brand":[],"product_cat":[749,743,723,753],"product_tag":[],"giftcard-category":[],"class_list":{"0":"post-57335","1":"product","2":"type-product","3":"status-publish","4":"has-post-thumbnail","6":"pwb-brand-cantabria-labs-lv","7":"product_cat-novecojosa-ada","8":"product_cat-paplasinatas-poras","9":"product_cat-serumi","10":"product_cat-travel-size-lv","11":"pa_suurus-10ml-lv","12":"pa_suurus-30ml-lv","14":"first","15":"instock","16":"taxable","17":"shipping-taxable","18":"purchasable","19":"product-type-variable"},"acf":[],"brands":[{"id":1201,"name":"Cantabria Labs","slug":"cantabria-labs-lv"}],"_links":{"self":[{"href":"https:\/\/skinstudio.ee\/lv\/wp-json\/wp\/v2\/product\/57335","targetHints":{"allow":["GET"]}}],"collection":[{"href":"https:\/\/skinstudio.ee\/lv\/wp-json\/wp\/v2\/product"}],"about":[{"href":"https:\/\/skinstudio.ee\/lv\/wp-json\/wp\/v2\/types\/product"}],"version-history":[{"count":1,"href":"https:\/\/skinstudio.ee\/lv\/wp-json\/wp\/v2\/product\/57335\/revisions"}],"predecessor-version":[{"id":90135,"href":"https:\/\/skinstudio.ee\/lv\/wp-json\/wp\/v2\/product\/57335\/revisions\/90135"}],"wp:featuredmedia":[{"embeddable":true,"href":"https:\/\/skinstudio.ee\/lv\/wp-json\/wp\/v2\/media\/65268"}],"wp:attachment":[{"href":"https:\/\/skinstudio.ee\/lv\/wp-json\/wp\/v2\/media?parent=57335"}],"wp:term":[{"taxonomy":"pwb-brand","embeddable":true,"href":"https:\/\/skinstudio.ee\/lv\/wp-json\/wp\/v2\/pwb-brand?post=57335"},{"taxonomy":"product_brand","embeddable":true,"href":"https:\/\/skinstudio.ee\/lv\/wp-json\/wp\/v2\/product_brand?post=57335"},{"taxonomy":"product_cat","embeddable":true,"href":"https:\/\/skinstudio.ee\/lv\/wp-json\/wp\/v2\/product_cat?post=57335"},{"taxonomy":"product_tag","embeddable":true,"href":"https:\/\/skinstudio.ee\/lv\/wp-json\/wp\/v2\/product_tag?post=57335"},{"taxonomy":"giftcard-category","embeddable":true,"href":"https:\/\/skinstudio.ee\/lv\/wp-json\/wp\/v2\/giftcard-category?post=57335"}],"curies":[{"name":"wp","href":"https:\/\/api.w.org\/{rel}","templated":true}]}}