{"id":57356,"date":"2025-11-04T12:07:53","date_gmt":"2025-11-04T12:07:53","guid":{"rendered":"https:\/\/skinstudio.ee\/?post_type=product&#038;p=57356"},"modified":"2025-12-18T13:27:19","modified_gmt":"2025-12-18T13:27:19","slug":"biretix-hydramat","status":"publish","type":"product","link":"https:\/\/skinstudio.ee\/lv\/catalog\/cantabria-labs-lv\/biretix-hydramat\/","title":{"rendered":"Biretix Hydramat"},"content":{"rendered":"<p data-start=\"300\" data-end=\"694\"><strong data-start=\"307\" data-end=\"327\">Biretix Hydramat<\/strong> ir vieglas, \u0101tri uzs\u016bco\u0161s sejas flu\u012bds, kas paredz\u0113ts ikdienas kop\u0161anai taukainai un nepiln\u012bb\u0101m pak\u013cautai \u0101dai. T\u0101 formula apvieno sebuma regul\u0113jo\u0161as un mat\u0113jo\u0161as akt\u012bv\u0101s sast\u0101vda\u013cas, kas pal\u012bdz samazin\u0101t lieko tauku izdal\u012b\u0161anos un sp\u012bdumu, savuk\u0101rt mitrino\u0161ais komplekss uzreiz atjauno \u0101das aizsargbarjeru un nodro\u0161ina optim\u0101lu mitruma l\u012bmeni l\u012bdz pat 72 stund\u0101m.<\/p>\n<p data-start=\"696\" data-end=\"1008\"><strong data-start=\"696\" data-end=\"724\">RetinSphere\u00ae tehnolo\u0123ija<\/strong> nodro\u0161ina maigu keratol\u012btisku iedarb\u012bbu, pa\u0101trinot \u0161\u016bnu atjauno\u0161anos un uzlabojot \u0101das tekst\u016bru. Kombin\u0101cij\u0101 ar <strong data-start=\"837\" data-end=\"855\">traneks\u0101msk\u0101bi<\/strong> t\u0101 pal\u012bdz mazin\u0101t p\u0113ciekaisuma pigment\u0101ciju un uzlabo \u0101das toni. Produkts sniedz svaiguma, maiguma un komforta saj\u016btu, neatst\u0101jot taukainu p\u0101rkl\u0101jumu.<\/p>\n<p data-start=\"1010\" data-end=\"1239\"><strong data-start=\"1010\" data-end=\"1030\">Biretix Hydramat<\/strong> izstr\u0101d\u0101ts ar dermatolo\u0123iski ieteikt\u0101m sast\u0101vda\u013c\u0101m, nodro\u0161inot ilgsto\u0161u mitrin\u0101\u0161anu, l\u012bdzsvaru un mat\u0113tu efektu. T\u0101 formula ir nekomedog\u0113na, bez smar\u017eviel\u0101m un piem\u0113rota ar\u012b jut\u012bgai un aknei pak\u013cautai \u0101dai.<\/p>\n<p data-start=\"1241\" data-end=\"1267\"><strong data-start=\"1241\" data-end=\"1265\">Kl\u012bniskie rezult\u0101ti:<\/strong><\/p>\n<ul data-start=\"1268\" data-end=\"1619\">\n<li data-start=\"1268\" data-end=\"1348\">\n<p data-start=\"1270\" data-end=\"1348\">100% lietot\u0101ju paman\u012bja t\u016bl\u012bt\u0113ju mitrin\u0101\u0161anu un \u0101das l\u012bdzsvara atjauno\u0161anos.<\/p>\n<\/li>\n<li data-start=\"1349\" data-end=\"1397\">\n<p data-start=\"1351\" data-end=\"1397\">100% apstiprin\u0101ja uzlabotu \u0101das mitrin\u0101\u0161anu.<\/p>\n<\/li>\n<li data-start=\"1398\" data-end=\"1441\">\n<p data-start=\"1400\" data-end=\"1441\">95% izjuta liel\u0101ku komfortu un maigumu.<\/p>\n<\/li>\n<li data-start=\"1442\" data-end=\"1478\">\n<p data-start=\"1444\" data-end=\"1478\">91% nov\u0113roja samazin\u0101tu sp\u012bdumu.<\/p>\n<\/li>\n<li data-start=\"1479\" data-end=\"1536\">\n<p data-start=\"1481\" data-end=\"1536\">Kl\u012bniski pier\u0101d\u012bta 72 stundu mitrin\u0101\u0161ana un komforts.<\/p>\n<\/li>\n<li data-start=\"1537\" data-end=\"1578\">\n<p data-start=\"1539\" data-end=\"1578\">P\u0101rbaud\u012bts dermatolo\u0123iskos apst\u0101k\u013cos.<\/p>\n<\/li>\n<li data-start=\"1579\" data-end=\"1619\">\n<p data-start=\"1581\" data-end=\"1619\">Nekomedog\u0113ns ar lielisku panesam\u012bbu.<\/p>\n<\/li>\n<\/ul>\n<p data-start=\"1621\" data-end=\"1641\"><strong data-start=\"1621\" data-end=\"1633\">Tilpums:<\/strong> 50 ml<\/p>\n","protected":false},"excerpt":{"rendered":"<p data-start=\"2122\" data-end=\"2155\">Mitrino\u0161s flu\u012bds taukainai \u0101dai<\/p>\n<h2 data-start=\"2157\" data-end=\"2442\"><strong data-start=\"2157\" data-end=\"2203\">\u012apa\u0161\u012bbas Cantabria Labs &#8211; Biretix Hydramat<\/strong><\/h2>\n<p data-start=\"2157\" data-end=\"2442\">\u2714\ufe0fNodro\u0161ina ilgsto\u0161u mitrin\u0101\u0161anu l\u012bdz 72 stund\u0101m<br data-start=\"2254\" data-end=\"2257\" \/>\u2714\ufe0fRegul\u0113 sebuma izdal\u012b\u0161anos un mat\u0113 \u0101du<br data-start=\"2296\" data-end=\"2299\" \/>\u2714\ufe0fAtjauno aizsargbarjeru un uzlabo maigumu<br data-start=\"2341\" data-end=\"2344\" \/>\u2714\ufe0fSamazina sp\u012bdumu un p\u0113ciekaisuma pigment\u0101ciju<br data-start=\"2391\" data-end=\"2394\" \/>\u2714\ufe0fPie\u0161\u0137ir \u0101dai svaigumu, komfortu un l\u012bdzsvaru<\/p>\n","protected":false},"featured_media":65263,"template":"","meta":[],"pwb-brand":[1201],"product_brand":[],"product_cat":[737,747],"product_tag":[],"giftcard-category":[],"class_list":{"0":"post-57356","1":"product","2":"type-product","3":"status-publish","4":"has-post-thumbnail","6":"pwb-brand-cantabria-labs-lv","7":"product_cat-mitrinasana","8":"product_cat-taukainai-adai","10":"first","11":"instock","12":"taxable","13":"shipping-taxable","14":"purchasable","15":"product-type-simple"},"acf":[],"brands":[{"id":1201,"name":"Cantabria Labs","slug":"cantabria-labs-lv"}],"_links":{"self":[{"href":"https:\/\/skinstudio.ee\/lv\/wp-json\/wp\/v2\/product\/57356","targetHints":{"allow":["GET"]}}],"collection":[{"href":"https:\/\/skinstudio.ee\/lv\/wp-json\/wp\/v2\/product"}],"about":[{"href":"https:\/\/skinstudio.ee\/lv\/wp-json\/wp\/v2\/types\/product"}],"version-history":[{"count":0,"href":"https:\/\/skinstudio.ee\/lv\/wp-json\/wp\/v2\/product\/57356\/revisions"}],"wp:featuredmedia":[{"embeddable":true,"href":"https:\/\/skinstudio.ee\/lv\/wp-json\/wp\/v2\/media\/65263"}],"wp:attachment":[{"href":"https:\/\/skinstudio.ee\/lv\/wp-json\/wp\/v2\/media?parent=57356"}],"wp:term":[{"taxonomy":"pwb-brand","embeddable":true,"href":"https:\/\/skinstudio.ee\/lv\/wp-json\/wp\/v2\/pwb-brand?post=57356"},{"taxonomy":"product_brand","embeddable":true,"href":"https:\/\/skinstudio.ee\/lv\/wp-json\/wp\/v2\/product_brand?post=57356"},{"taxonomy":"product_cat","embeddable":true,"href":"https:\/\/skinstudio.ee\/lv\/wp-json\/wp\/v2\/product_cat?post=57356"},{"taxonomy":"product_tag","embeddable":true,"href":"https:\/\/skinstudio.ee\/lv\/wp-json\/wp\/v2\/product_tag?post=57356"},{"taxonomy":"giftcard-category","embeddable":true,"href":"https:\/\/skinstudio.ee\/lv\/wp-json\/wp\/v2\/giftcard-category?post=57356"}],"curies":[{"name":"wp","href":"https:\/\/api.w.org\/{rel}","templated":true}]}}