{"id":57377,"date":"2025-11-04T12:14:17","date_gmt":"2025-11-04T12:14:17","guid":{"rendered":"https:\/\/skinstudio.ee\/?post_type=product&#038;p=57377"},"modified":"2025-12-18T13:27:19","modified_gmt":"2025-12-18T13:27:19","slug":"biretix-isorepair","status":"publish","type":"product","link":"https:\/\/skinstudio.ee\/lv\/catalog\/cantabria-labs-lv\/biretix-isorepair\/","title":{"rendered":"Biretix Isorepair"},"content":{"rendered":"<p data-start=\"290\" data-end=\"654\"><strong data-start=\"297\" data-end=\"318\">Biretix Isorepair<\/strong> ir intens\u012bvi atjaunojo\u0161s kr\u0113ms, kas paredz\u0113ts sausas, jut\u012bgas un nov\u0101jin\u0101tas \u0101das mitrin\u0101\u0161anai un aizsardz\u012bbai. T\u0101 emolient\u0101 formula, bag\u0101tin\u0101ta ar <strong data-start=\"467\" data-end=\"481\">ceram\u012bdiem<\/strong>, <strong data-start=\"483\" data-end=\"500\">hialuronsk\u0101bi<\/strong>, <strong data-start=\"502\" data-end=\"516\">E vitam\u012bnu<\/strong> un <strong data-start=\"520\" data-end=\"554\">SCA\u00ae Growth Factor tehnolo\u0123iju<\/strong>, veicina \u0161\u016bnu re\u0123ener\u0101ciju, stiprina \u0101das aizsargbarjeru un pal\u012bdz atjaunot komfortu un elast\u012bbu.<\/p>\n<p data-start=\"656\" data-end=\"908\">Kr\u0113ms dzi\u013ci mitrina, mazina \u0101das savilkuma saj\u016btu un kairin\u0101jumu, uzlabo tekst\u016bru un pasarg\u0101 \u0101du no \u0101r\u0113jiem faktoriem. Pateicoties vieglajai, nekomedog\u0113najai formulai, tas neaizsprosto poras un nodro\u0161ina optim\u0101lu mitrin\u0101\u0161anu ar\u012b aknei pak\u013cautai \u0101dai.<\/p>\n<p data-start=\"910\" data-end=\"1142\"><strong data-start=\"910\" data-end=\"931\">Biretix Isorepair<\/strong> ir ide\u0101li piem\u0113rots \u0101dai, kas pak\u013cauta agres\u012bvu faktoru vai kosm\u0113tisko proced\u016bru ietekmei. Tas \u0101tri atjauno \u0101das l\u012bdzsvaru, maigumu un vesel\u012bgu mirdzumu, nodro\u0161inot efekt\u012bvu atjauno\u0161anos un ilgsto\u0161u komfortu.<\/p>\n<p data-start=\"1144\" data-end=\"1164\"><strong data-start=\"1144\" data-end=\"1156\">Tilpums:<\/strong> 50 ml<\/p>\n","protected":false},"excerpt":{"rendered":"<p data-start=\"1465\" data-end=\"1507\">Atjaunojo\u0161s kr\u0113ms sausai un jut\u012bgai \u0101dai<\/p>\n<h2 data-start=\"1509\" data-end=\"1785\"><strong data-start=\"1509\" data-end=\"1556\">\u012apa\u0161\u012bbas Cantabria Labs &#8211; Biretix Isorepair<\/strong><\/h2>\n<p data-start=\"1509\" data-end=\"1785\">\u2714\ufe0fIntens\u012bvi mitrina un atjauno \u0101du<br data-start=\"1593\" data-end=\"1596\" \/>\u2714\ufe0fStiprina un aizsarg\u0101 \u0101das barjeru<br data-start=\"1631\" data-end=\"1634\" \/>\u2714\ufe0fNomierina kairin\u0101jumu un mazina savilkumu<br data-start=\"1677\" data-end=\"1680\" \/>\u2714\ufe0fVeicina \u0161\u016bnu re\u0123ener\u0101ciju un uzlabo elast\u012bbu<br data-start=\"1726\" data-end=\"1729\" \/>\u2714\ufe0fNeaizsprosto poras un pal\u012bdz saglab\u0101t \u0101das l\u012bdzsvaru<\/p>\n","protected":false},"featured_media":65258,"template":"","meta":[],"pwb-brand":[1201],"product_brand":[],"product_cat":[745,737,739],"product_tag":[],"giftcard-category":[],"class_list":{"0":"post-57377","1":"product","2":"type-product","3":"status-publish","4":"has-post-thumbnail","6":"pwb-brand-cantabria-labs-lv","7":"product_cat-jutigai-adai","8":"product_cat-mitrinasana","9":"product_cat-sausai-adai","11":"first","12":"instock","13":"taxable","14":"shipping-taxable","15":"purchasable","16":"product-type-simple"},"acf":[],"brands":[{"id":1201,"name":"Cantabria Labs","slug":"cantabria-labs-lv"}],"_links":{"self":[{"href":"https:\/\/skinstudio.ee\/lv\/wp-json\/wp\/v2\/product\/57377","targetHints":{"allow":["GET"]}}],"collection":[{"href":"https:\/\/skinstudio.ee\/lv\/wp-json\/wp\/v2\/product"}],"about":[{"href":"https:\/\/skinstudio.ee\/lv\/wp-json\/wp\/v2\/types\/product"}],"version-history":[{"count":0,"href":"https:\/\/skinstudio.ee\/lv\/wp-json\/wp\/v2\/product\/57377\/revisions"}],"wp:featuredmedia":[{"embeddable":true,"href":"https:\/\/skinstudio.ee\/lv\/wp-json\/wp\/v2\/media\/65258"}],"wp:attachment":[{"href":"https:\/\/skinstudio.ee\/lv\/wp-json\/wp\/v2\/media?parent=57377"}],"wp:term":[{"taxonomy":"pwb-brand","embeddable":true,"href":"https:\/\/skinstudio.ee\/lv\/wp-json\/wp\/v2\/pwb-brand?post=57377"},{"taxonomy":"product_brand","embeddable":true,"href":"https:\/\/skinstudio.ee\/lv\/wp-json\/wp\/v2\/product_brand?post=57377"},{"taxonomy":"product_cat","embeddable":true,"href":"https:\/\/skinstudio.ee\/lv\/wp-json\/wp\/v2\/product_cat?post=57377"},{"taxonomy":"product_tag","embeddable":true,"href":"https:\/\/skinstudio.ee\/lv\/wp-json\/wp\/v2\/product_tag?post=57377"},{"taxonomy":"giftcard-category","embeddable":true,"href":"https:\/\/skinstudio.ee\/lv\/wp-json\/wp\/v2\/giftcard-category?post=57377"}],"curies":[{"name":"wp","href":"https:\/\/api.w.org\/{rel}","templated":true}]}}