{"id":57418,"date":"2025-11-04T12:31:31","date_gmt":"2025-11-04T12:31:31","guid":{"rendered":"https:\/\/skinstudio.ee\/?post_type=product&#038;p=57418"},"modified":"2025-12-18T13:27:19","modified_gmt":"2025-12-18T13:27:19","slug":"biretix-hydramat-day-spf30","status":"publish","type":"product","link":"https:\/\/skinstudio.ee\/lv\/catalog\/cantabria-labs-lv\/biretix-hydramat-day-spf30\/","title":{"rendered":"Biretix Hydramat Day SPF30"},"content":{"rendered":"<p data-start=\"320\" data-end=\"613\"><strong data-start=\"327\" data-end=\"357\">Biretix Hydramat Day SPF30<\/strong> ir vieglas, mat\u0113jo\u0161as iedarb\u012bbas dienas flu\u012bds, kas nodro\u0161ina tr\u012bsk\u0101r\u0161u efektu &#8211; mitrina, l\u012bdzsvaro un aizsarg\u0101 taukainu un nepiln\u012bb\u0101m pak\u013cautu \u0101du. T\u0101 formula bez e\u013c\u013cas un ar \u0101tri uzs\u016bco\u0161u tekst\u016bru atst\u0101j \u0101du svaigu un komfortablu bez taukaina sp\u012bduma.<\/p>\n<p data-start=\"615\" data-end=\"1004\">Pateicoties patent\u0113tajai <strong data-start=\"640\" data-end=\"669\">RetinSphere\u00ae tehnolo\u0123ijai<\/strong>, produkts pal\u012bdz normaliz\u0113t \u0161\u016bnu atjauno\u0161anos, nov\u0113rst poru nosprostojumu un samazin\u0101t iekaisumu. <strong data-start=\"768\" data-end=\"781\">BIOPEP-15<\/strong> nodro\u0161ina antibakteri\u0101lu un pretiekaisuma iedarb\u012bbu, savuk\u0101rt <strong data-start=\"844\" data-end=\"859\">niacinam\u012bds<\/strong> stiprina \u0101das aizsargbarjeru un mazina kairin\u0101jumu. <strong data-start=\"912\" data-end=\"939\">T\u012bklojo\u0161\u0101 hialuronsk\u0101be<\/strong> pal\u012bdz nov\u0113rst mitruma zudumu un uztur \u0101du gludu un mitrin\u0101tu.<\/p>\n<p data-start=\"1006\" data-end=\"1434\">Katrs <strong data-start=\"1012\" data-end=\"1042\">Biretix Hydramat Day SPF30<\/strong> lieto\u0161anas br\u012bdis sniedz t\u016bl\u012bt\u0113ju mat\u0113jo\u0161u efektu, uzlabo \u0101das tekst\u016bru un aizsarg\u0101 pret kait\u012bgo UV starojumu, pateicoties SPF30 aizsardz\u012bbai. Produkts ir pieejams div\u0101s versij\u0101s &#8211; <strong data-start=\"1224\" data-end=\"1236\">bez tona<\/strong> un <strong data-start=\"1240\" data-end=\"1267\">ar vieglu toni (Tinted)<\/strong>, kas pie\u0161\u0137ir \u0101dai dabisku mirdzumu un vienm\u0113r\u012bgu toni. Ide\u0101li piem\u0113rots ikdienas lieto\u0161anai, pal\u012bdzot uztur\u0113t \u0101du t\u012bru, l\u012bdzsvarotu un vesel\u012bgu visas dienas garum\u0101.<\/p>\n<p data-start=\"1436\" data-end=\"1456\"><strong data-start=\"1436\" data-end=\"1448\">Tilpums:<\/strong> 50 ml<\/p>\n","protected":false},"excerpt":{"rendered":"<p data-start=\"1757\" data-end=\"1802\">Mat\u0113jo\u0161s dienas flu\u012bds ar SPF30 aizsardz\u012bbu<\/p>\n<h2 data-start=\"1804\" data-end=\"2095\"><strong data-start=\"1804\" data-end=\"1860\">\u012apa\u0161\u012bbas Cantabria Labs &#8211; Biretix Hydramat Day SPF30<\/strong><\/h2>\n<p data-start=\"1804\" data-end=\"2095\">\u2714\ufe0fMitrina un pal\u012bdz saglab\u0101t \u0101das l\u012bdzsvaru<br data-start=\"1906\" data-end=\"1909\" \/>\u2714\ufe0fRegul\u0113 sebuma izdal\u012b\u0161anos un samazina sp\u012bdumu<br data-start=\"1956\" data-end=\"1959\" \/>\u2714\ufe0fMazina iekaisumu un nov\u0113r\u0161 izsitumus<br data-start=\"1997\" data-end=\"2000\" \/>\u2714\ufe0fAizsarg\u0101 pret kait\u012bgo UV starojumu\u00a0<br data-start=\"2044\" data-end=\"2047\" \/>\u2714\ufe0fPieejams bez tona un ar vieglu toni<\/p>\n","protected":false},"featured_media":65253,"template":"","meta":[],"pwb-brand":[1201],"product_brand":[],"product_cat":[770,737,747],"product_tag":[],"giftcard-category":[],"class_list":{"0":"post-57418","1":"product","2":"type-product","3":"status-publish","4":"has-post-thumbnail","6":"pwb-brand-cantabria-labs-lv","7":"product_cat-grims","8":"product_cat-mitrinasana","9":"product_cat-taukainai-adai","11":"first","12":"instock","13":"taxable","14":"shipping-taxable","15":"purchasable","16":"product-type-variable"},"acf":[],"brands":[{"id":1201,"name":"Cantabria Labs","slug":"cantabria-labs-lv"}],"_links":{"self":[{"href":"https:\/\/skinstudio.ee\/lv\/wp-json\/wp\/v2\/product\/57418","targetHints":{"allow":["GET"]}}],"collection":[{"href":"https:\/\/skinstudio.ee\/lv\/wp-json\/wp\/v2\/product"}],"about":[{"href":"https:\/\/skinstudio.ee\/lv\/wp-json\/wp\/v2\/types\/product"}],"version-history":[{"count":0,"href":"https:\/\/skinstudio.ee\/lv\/wp-json\/wp\/v2\/product\/57418\/revisions"}],"wp:featuredmedia":[{"embeddable":true,"href":"https:\/\/skinstudio.ee\/lv\/wp-json\/wp\/v2\/media\/65253"}],"wp:attachment":[{"href":"https:\/\/skinstudio.ee\/lv\/wp-json\/wp\/v2\/media?parent=57418"}],"wp:term":[{"taxonomy":"pwb-brand","embeddable":true,"href":"https:\/\/skinstudio.ee\/lv\/wp-json\/wp\/v2\/pwb-brand?post=57418"},{"taxonomy":"product_brand","embeddable":true,"href":"https:\/\/skinstudio.ee\/lv\/wp-json\/wp\/v2\/product_brand?post=57418"},{"taxonomy":"product_cat","embeddable":true,"href":"https:\/\/skinstudio.ee\/lv\/wp-json\/wp\/v2\/product_cat?post=57418"},{"taxonomy":"product_tag","embeddable":true,"href":"https:\/\/skinstudio.ee\/lv\/wp-json\/wp\/v2\/product_tag?post=57418"},{"taxonomy":"giftcard-category","embeddable":true,"href":"https:\/\/skinstudio.ee\/lv\/wp-json\/wp\/v2\/giftcard-category?post=57418"}],"curies":[{"name":"wp","href":"https:\/\/api.w.org\/{rel}","templated":true}]}}