{"id":57456,"date":"2025-11-04T13:01:29","date_gmt":"2025-11-04T13:01:29","guid":{"rendered":"https:\/\/skinstudio.ee\/?post_type=product&#038;p=57456"},"modified":"2025-12-18T13:27:19","modified_gmt":"2025-12-18T13:27:19","slug":"endocare-essential-concentrate","status":"publish","type":"product","link":"https:\/\/skinstudio.ee\/lv\/catalog\/cantabria-labs-lv\/endocare-essential-concentrate\/","title":{"rendered":"Endocare Essential Concentrate"},"content":{"rendered":"<p data-start=\"323\" data-end=\"607\">Intens\u012bvas pretnoveco\u0161an\u0101s ampulas, kas redzami uzlabo \u0101das st\u0101vokli, atjaunojot t\u0101s elast\u012bbu, gludumu un mirdzumu. Augst\u0101 akt\u012bvo sast\u0101vda\u013cu koncentr\u0101cija stimul\u0113 kolag\u0113na, elast\u012bna un hialuronsk\u0101bes dabisku veido\u0161anos &#8211; b\u016btiskus elementus, kas saglab\u0101 \u0101das jaunekl\u012bbu un stingr\u012bbu.<\/p>\n<p data-start=\"609\" data-end=\"921\">Pateicoties <strong data-start=\"621\" data-end=\"640\">C un E vitam\u012bnu<\/strong> kombin\u0101cijai, ampulas aizsarg\u0101 \u0101du no oksidat\u012bv\u0101 stresa, izl\u012bdzina toni un samazina grumbu redzam\u012bbu. Regul\u0101ri lietojot, <strong data-start=\"762\" data-end=\"796\">Endocare Essential Concentrate<\/strong> padara \u0101du elast\u012bg\u0101ku, maig\u0101ku un svaig\u0101ku, k\u0101 ar\u012b pie\u0161\u0137ir tai t\u016bl\u012bt\u0113ju \u201cvesel\u012bga mirdzuma\u201d efektu, ja uzkl\u0101j pirms grima.<\/p>\n<p data-start=\"923\" data-end=\"1029\">Ide\u0101li piem\u0113rotas \u0101das atjauno\u0161anai p\u0113c stresa, kosm\u0113tisk\u0101m proced\u016br\u0101m vai sausuma un noguruma periodos.<\/p>\n<p data-start=\"1031\" data-end=\"1062\"><strong data-start=\"1031\" data-end=\"1043\">Tilpums:<\/strong> 7 ampulas x 1 ml<\/p>\n","protected":false},"excerpt":{"rendered":"<p data-start=\"1300\" data-end=\"1353\">Pretnoveco\u0161an\u0101s ampulas \u0101das elast\u012bbai un mirdzumam<\/p>\n<h2 data-start=\"1355\" data-end=\"1676\"><strong data-start=\"1355\" data-end=\"1415\">\u012apa\u0161\u012bbas Cantabria Labs &#8211; Endocare Essential Concentrate<\/strong><\/h2>\n<p data-start=\"1355\" data-end=\"1676\">\u2714\ufe0fStimul\u0113 kolag\u0113na, elast\u012bna un hialuronsk\u0101bes sint\u0113zi<br data-start=\"1472\" data-end=\"1475\" \/>\u2714\ufe0fSamazina grumbas un uzlabo \u0101das elast\u012bbu<br data-start=\"1517\" data-end=\"1520\" \/>\u2714\ufe0fAizsarg\u0101 pret oksidat\u012bvo stresu (C un E vitam\u012bni)<br data-start=\"1571\" data-end=\"1574\" \/>\u2714\ufe0fIzl\u012bdzina \u0101das toni un pie\u0161\u0137ir vesel\u012bgu mirdzumu<br data-start=\"1624\" data-end=\"1627\" \/>\u2714\ufe0fNodro\u0161ina t\u016bl\u012bt\u0113ju gluduma un komforta efektu<\/p>\n","protected":false},"featured_media":65243,"template":"","meta":[],"pwb-brand":[1201],"product_brand":[],"product_cat":[729,749,723],"product_tag":[],"giftcard-category":[],"class_list":{"0":"post-57456","1":"product","2":"type-product","3":"status-publish","4":"has-post-thumbnail","6":"pwb-brand-cantabria-labs-lv","7":"product_cat-c-vitamins","8":"product_cat-novecojosa-ada","9":"product_cat-serumi","11":"first","12":"instock","13":"taxable","14":"shipping-taxable","15":"purchasable","16":"product-type-simple"},"acf":[],"brands":[{"id":1201,"name":"Cantabria Labs","slug":"cantabria-labs-lv"}],"_links":{"self":[{"href":"https:\/\/skinstudio.ee\/lv\/wp-json\/wp\/v2\/product\/57456","targetHints":{"allow":["GET"]}}],"collection":[{"href":"https:\/\/skinstudio.ee\/lv\/wp-json\/wp\/v2\/product"}],"about":[{"href":"https:\/\/skinstudio.ee\/lv\/wp-json\/wp\/v2\/types\/product"}],"version-history":[{"count":0,"href":"https:\/\/skinstudio.ee\/lv\/wp-json\/wp\/v2\/product\/57456\/revisions"}],"wp:featuredmedia":[{"embeddable":true,"href":"https:\/\/skinstudio.ee\/lv\/wp-json\/wp\/v2\/media\/65243"}],"wp:attachment":[{"href":"https:\/\/skinstudio.ee\/lv\/wp-json\/wp\/v2\/media?parent=57456"}],"wp:term":[{"taxonomy":"pwb-brand","embeddable":true,"href":"https:\/\/skinstudio.ee\/lv\/wp-json\/wp\/v2\/pwb-brand?post=57456"},{"taxonomy":"product_brand","embeddable":true,"href":"https:\/\/skinstudio.ee\/lv\/wp-json\/wp\/v2\/product_brand?post=57456"},{"taxonomy":"product_cat","embeddable":true,"href":"https:\/\/skinstudio.ee\/lv\/wp-json\/wp\/v2\/product_cat?post=57456"},{"taxonomy":"product_tag","embeddable":true,"href":"https:\/\/skinstudio.ee\/lv\/wp-json\/wp\/v2\/product_tag?post=57456"},{"taxonomy":"giftcard-category","embeddable":true,"href":"https:\/\/skinstudio.ee\/lv\/wp-json\/wp\/v2\/giftcard-category?post=57456"}],"curies":[{"name":"wp","href":"https:\/\/api.w.org\/{rel}","templated":true}]}}