{"id":57488,"date":"2025-11-04T13:26:43","date_gmt":"2025-11-04T13:26:43","guid":{"rendered":"https:\/\/skinstudio.ee\/?post_type=product&#038;p=57488"},"modified":"2025-12-18T13:27:20","modified_gmt":"2025-12-18T13:27:20","slug":"endocare-essential-ampoules","status":"publish","type":"product","link":"https:\/\/skinstudio.ee\/lv\/catalog\/cantabria-labs-lv\/endocare-essential-ampoules\/","title":{"rendered":"Endocare Essential Ampoules"},"content":{"rendered":"<p data-start=\"295\" data-end=\"583\">Intens\u012bvas pretnoveco\u0161an\u0101s ampulas, kas izstr\u0101d\u0101tas, lai c\u012bn\u012btos ar fotonoveco\u0161an\u0101s paz\u012bm\u0113m un atjaunotu \u0101das vitalit\u0101ti. Formula ar augstu re\u0123ener\u0113jo\u0161u un antioksidantu sast\u0101vda\u013cu koncentr\u0101ciju uzlabo \u0101das mirdzumu, elast\u012bbu un stingr\u012bbu, pal\u012bdzot atg\u016bt vesel\u012bgu un jaunekl\u012bgu izskatu.<\/p>\n<p data-start=\"585\" data-end=\"914\">Pateicoties <strong data-start=\"597\" data-end=\"634\">SCA\u00ae Biorepair tehnolo\u0123ijai (40%)<\/strong>, ampulas aktiviz\u0113 dabiskos atjauno\u0161an\u0101s procesus, pa\u0101trina \u0161\u016bnu re\u0123ener\u0101ciju un aizsarg\u0101 \u0101du no stresa un apk\u0101rt\u0113j\u0101s vides kait\u012bg\u0101s ietekmes. <strong data-start=\"777\" data-end=\"796\">C un E vitam\u012bni<\/strong> nodro\u0161ina antioksidantu aizsardz\u012bbu, izl\u012bdzina \u0101das toni un uzlabo t\u0101s bl\u012bvumu, nov\u0113r\u0161ot priek\u0161laic\u012bgu noveco\u0161anos.<\/p>\n<p data-start=\"916\" data-end=\"1108\">Regul\u0101ri lietojot, <strong data-start=\"935\" data-end=\"966\">Endocare Essential Ampoules<\/strong> redzami uzlabo \u0101das tekst\u016bru, pie\u0161\u0137ir tai maigumu, svaigumu un dabisku mirdzumu, padarot sejas kont\u016bras izteikt\u0101kas un \u0101du vizu\u0101li jaun\u0101ku.<\/p>\n<p data-start=\"1110\" data-end=\"1141\"><strong data-start=\"1110\" data-end=\"1122\">Tilpums:<\/strong> 7 ampulas x 1 ml<\/p>\n","protected":false},"excerpt":{"rendered":"<p data-start=\"1273\" data-end=\"1326\">Pretnoveco\u0161an\u0101s ampulas \u0101das mirdzumam un elast\u012bbai<\/p>\n<h2 data-start=\"1328\" data-end=\"1640\"><strong data-start=\"1328\" data-end=\"1385\">\u012apa\u0161\u012bbas Cantabria Labs &#8211; Endocare Essential Ampoules<\/strong><\/h2>\n<p data-start=\"1328\" data-end=\"1640\">\u2714\ufe0fAktiviz\u0113 \u0101das re\u0123ener\u0101cijas un atjauno\u0161an\u0101s procesus<br data-start=\"1442\" data-end=\"1445\" \/>\u2714\ufe0fStiprina \u0101das strukt\u016bru un uzlabo elast\u012bbu<br data-start=\"1489\" data-end=\"1492\" \/>\u2714\ufe0fAizsarg\u0101 pret fotonoveco\u0161anos un oksidat\u012bvo stresu<br data-start=\"1544\" data-end=\"1547\" \/>\u2714\ufe0fIzl\u012bdzina \u0101das toni un pie\u0161\u0137ir vesel\u012bgu mirdzumu<br data-start=\"1597\" data-end=\"1600\" \/>\u2714\ufe0fSamazina grumbas un noguruma paz\u012bmes<\/p>\n","protected":false},"featured_media":65233,"template":"","meta":[],"pwb-brand":[1201],"product_brand":[],"product_cat":[749,723],"product_tag":[],"giftcard-category":[],"class_list":{"0":"post-57488","1":"product","2":"type-product","3":"status-publish","4":"has-post-thumbnail","6":"pwb-brand-cantabria-labs-lv","7":"product_cat-novecojosa-ada","8":"product_cat-serumi","10":"first","11":"instock","12":"taxable","13":"shipping-taxable","14":"purchasable","15":"product-type-simple"},"acf":[],"brands":[{"id":1201,"name":"Cantabria Labs","slug":"cantabria-labs-lv"}],"_links":{"self":[{"href":"https:\/\/skinstudio.ee\/lv\/wp-json\/wp\/v2\/product\/57488","targetHints":{"allow":["GET"]}}],"collection":[{"href":"https:\/\/skinstudio.ee\/lv\/wp-json\/wp\/v2\/product"}],"about":[{"href":"https:\/\/skinstudio.ee\/lv\/wp-json\/wp\/v2\/types\/product"}],"version-history":[{"count":0,"href":"https:\/\/skinstudio.ee\/lv\/wp-json\/wp\/v2\/product\/57488\/revisions"}],"wp:featuredmedia":[{"embeddable":true,"href":"https:\/\/skinstudio.ee\/lv\/wp-json\/wp\/v2\/media\/65233"}],"wp:attachment":[{"href":"https:\/\/skinstudio.ee\/lv\/wp-json\/wp\/v2\/media?parent=57488"}],"wp:term":[{"taxonomy":"pwb-brand","embeddable":true,"href":"https:\/\/skinstudio.ee\/lv\/wp-json\/wp\/v2\/pwb-brand?post=57488"},{"taxonomy":"product_brand","embeddable":true,"href":"https:\/\/skinstudio.ee\/lv\/wp-json\/wp\/v2\/product_brand?post=57488"},{"taxonomy":"product_cat","embeddable":true,"href":"https:\/\/skinstudio.ee\/lv\/wp-json\/wp\/v2\/product_cat?post=57488"},{"taxonomy":"product_tag","embeddable":true,"href":"https:\/\/skinstudio.ee\/lv\/wp-json\/wp\/v2\/product_tag?post=57488"},{"taxonomy":"giftcard-category","embeddable":true,"href":"https:\/\/skinstudio.ee\/lv\/wp-json\/wp\/v2\/giftcard-category?post=57488"}],"curies":[{"name":"wp","href":"https:\/\/api.w.org\/{rel}","templated":true}]}}