{"id":57511,"date":"2025-11-04T13:44:55","date_gmt":"2025-11-04T13:44:55","guid":{"rendered":"https:\/\/skinstudio.ee\/?post_type=product&#038;p=57511"},"modified":"2025-12-18T13:27:20","modified_gmt":"2025-12-18T13:27:20","slug":"endocare-aquafoam","status":"publish","type":"product","link":"https:\/\/skinstudio.ee\/lv\/catalog\/cantabria-labs-lv\/endocare-aquafoam\/","title":{"rendered":"Endocare Aquafoam"},"content":{"rendered":"<p data-start=\"272\" data-end=\"580\">\u0160\u012b grezn\u0101 att\u012bro\u0161\u0101 putu formula apvieno t\u012bru izotonisko \u016bdeni no Kantabrijas j\u016bras ar patent\u0113to <strong data-start=\"368\" data-end=\"390\">SCA\u00ae Growth Factor<\/strong>tehnolo\u0123iju, p\u0101rv\u0113r\u0161ot ikdienas \u0101das att\u012br\u012b\u0161anu par efekt\u012bvu pretnoveco\u0161an\u0101s kop\u0161anas soli. T\u0101 maigi, bet dzi\u013ci no\u0146em grimu, lieko sebumu un net\u012brumus, nesaboj\u0101jot \u0101das dabisko l\u012bdzsvaru.<\/p>\n<p data-start=\"582\" data-end=\"883\">Bag\u0101tin\u0101tas ar miner\u0101liem un antioksidantiem, <strong data-start=\"628\" data-end=\"649\">Endocare Aquafoam<\/strong> putas ne tikai att\u012bra, bet ar\u012b kopj \u0101du &#8211; stiprina aizsargbarjeru, nomierina jut\u012bgumu un pie\u0161\u0137ir vesel\u012bgu mirdzumu. Dab\u012bg\u0101s AHA sk\u0101bes nodro\u0161ina saudz\u012bgu eksfoli\u0101ciju, veicina \u0161\u016bnu atjauno\u0161anos un padara \u0101du maigu, gludu un svaigu.<\/p>\n<p data-start=\"885\" data-end=\"1110\">Regul\u0101ri lietojot, \u0101da k\u013c\u016bst t\u012br\u0101ka, elast\u012bg\u0101ka un ac\u012bmredzami stingr\u0101ka. Putas lieliski sagatavo \u0101du turpm\u0101kajiem kop\u0161anas so\u013ciem, palielinot akt\u012bvo sast\u0101vda\u013cu efektivit\u0101ti un sniedzot svaiguma, viegluma un t\u012br\u012bbas saj\u016btu.<\/p>\n<p data-start=\"1112\" data-end=\"1133\"><strong data-start=\"1112\" data-end=\"1124\">Tilpums:<\/strong> 125 ml<\/p>\n","protected":false},"excerpt":{"rendered":"<p data-start=\"1269\" data-end=\"1321\">Pretnoveco\u0161an\u0101s att\u012bro\u0161\u0101s putas visiem \u0101das tipiem<\/p>\n<h2 data-start=\"1323\" data-end=\"1647\"><strong data-start=\"1323\" data-end=\"1370\">\u012apa\u0161\u012bbas Cantabria Labs &#8211; Endocare Aquafoam<\/strong><\/h2>\n<p data-start=\"1323\" data-end=\"1647\">\u2714\ufe0fMaigi no\u0146em grimu un net\u012brumus<br data-start=\"1405\" data-end=\"1408\" \/>\u2714\ufe0fMitrina, nomierina un atsvaidzina \u0101du<br data-start=\"1447\" data-end=\"1450\" \/>\u2714\ufe0fSatur miner\u0101lus un antioksidantus no Kantabrijas j\u016bras<br data-start=\"1506\" data-end=\"1509\" \/>\u2714\ufe0fStimul\u0113 kolag\u0113na un elast\u012bna sint\u0113zi (SCA\u00ae Growth Factor tehnolo\u0123ija)<br data-start=\"1580\" data-end=\"1583\" \/>\u2714\ufe0fNodro\u0161ina saudz\u012bgu eksfoli\u0101ciju un veicina \u0101das atjauno\u0161anos<\/p>\n","protected":false},"featured_media":65228,"template":"","meta":[],"pwb-brand":[1201],"product_brand":[],"product_cat":[715],"product_tag":[],"giftcard-category":[],"class_list":{"0":"post-57511","1":"product","2":"type-product","3":"status-publish","4":"has-post-thumbnail","6":"pwb-brand-cantabria-labs-lv","7":"product_cat-attirisana","9":"first","10":"instock","11":"taxable","12":"shipping-taxable","13":"purchasable","14":"product-type-simple"},"acf":[],"brands":[{"id":1201,"name":"Cantabria Labs","slug":"cantabria-labs-lv"}],"_links":{"self":[{"href":"https:\/\/skinstudio.ee\/lv\/wp-json\/wp\/v2\/product\/57511","targetHints":{"allow":["GET"]}}],"collection":[{"href":"https:\/\/skinstudio.ee\/lv\/wp-json\/wp\/v2\/product"}],"about":[{"href":"https:\/\/skinstudio.ee\/lv\/wp-json\/wp\/v2\/types\/product"}],"version-history":[{"count":0,"href":"https:\/\/skinstudio.ee\/lv\/wp-json\/wp\/v2\/product\/57511\/revisions"}],"wp:featuredmedia":[{"embeddable":true,"href":"https:\/\/skinstudio.ee\/lv\/wp-json\/wp\/v2\/media\/65228"}],"wp:attachment":[{"href":"https:\/\/skinstudio.ee\/lv\/wp-json\/wp\/v2\/media?parent=57511"}],"wp:term":[{"taxonomy":"pwb-brand","embeddable":true,"href":"https:\/\/skinstudio.ee\/lv\/wp-json\/wp\/v2\/pwb-brand?post=57511"},{"taxonomy":"product_brand","embeddable":true,"href":"https:\/\/skinstudio.ee\/lv\/wp-json\/wp\/v2\/product_brand?post=57511"},{"taxonomy":"product_cat","embeddable":true,"href":"https:\/\/skinstudio.ee\/lv\/wp-json\/wp\/v2\/product_cat?post=57511"},{"taxonomy":"product_tag","embeddable":true,"href":"https:\/\/skinstudio.ee\/lv\/wp-json\/wp\/v2\/product_tag?post=57511"},{"taxonomy":"giftcard-category","embeddable":true,"href":"https:\/\/skinstudio.ee\/lv\/wp-json\/wp\/v2\/giftcard-category?post=57511"}],"curies":[{"name":"wp","href":"https:\/\/api.w.org\/{rel}","templated":true}]}}