{"id":57527,"date":"2025-11-04T13:58:24","date_gmt":"2025-11-04T13:58:24","guid":{"rendered":"https:\/\/skinstudio.ee\/?post_type=product&#038;p=57527"},"modified":"2025-12-18T13:27:20","modified_gmt":"2025-12-18T13:27:20","slug":"endocare-essential-eye-and-lip-contour","status":"publish","type":"product","link":"https:\/\/skinstudio.ee\/lv\/catalog\/cantabria-labs-lv\/endocare-essential-eye-and-lip-contour\/","title":{"rendered":"Endocare Essential Eye and Lip Contour"},"content":{"rendered":"<p data-start=\"312\" data-end=\"665\">Maigs losjons, kas \u012bpa\u0161i izstr\u0101d\u0101ts acu un l\u016bpu kont\u016bras kop\u0161anai. Tas efekt\u012bvi atjauno, mitrina un izl\u012bdzina \u0101du, samazinot piet\u016bkumu, tum\u0161os lokus un pirm\u0101s s\u012bk\u0101s krunci\u0146as. <strong data-start=\"488\" data-end=\"510\">SCA\u00ae Growth Factor<\/strong> tehnolo\u0123ijas formula apvieno re\u0123ener\u0113jo\u0161as un stiprino\u0161as sast\u0101vda\u013cas ar nomierino\u0161iem un mitrino\u0161iem komponentiem, pie\u0161\u0137irot \u0101dai svaigumu un komfortu.<\/p>\n<p data-start=\"667\" data-end=\"938\">Pateicoties vieglajai un \u0101tri uzs\u016bco\u0161ajai tekst\u016brai, <strong data-start=\"720\" data-end=\"762\">Endocare Essential Eye and Lip Contour<\/strong> neapgr\u016btina \u0101du un ir ide\u0101li piem\u0113rots ikdienas lieto\u0161anai. Tas mazina noguruma paz\u012bmes, m\u012bkstina un toniz\u0113 \u0101du, padarot skatienu gai\u0161\u0101ku un l\u016bpu kont\u016bru glud\u0101ku un kopt\u0101ku.<\/p>\n<p data-start=\"940\" data-end=\"1055\">Regul\u0101ri lietojot, \u0101da k\u013c\u016bst tvirt\u0101ka, mirdzo\u0161\u0101ka un redzami jaunekl\u012bg\u0101ka, samazinot sausuma un noguruma paz\u012bmes.<\/p>\n<p data-start=\"1057\" data-end=\"1077\"><strong data-start=\"1057\" data-end=\"1069\">Tilpums:<\/strong> 15 ml<\/p>\n","protected":false},"excerpt":{"rendered":"<p data-start=\"1206\" data-end=\"1253\">Mitrino\u0161s kr\u0113ms acu un l\u016bpu kont\u016bras kop\u0161anai<\/p>\n<h2 data-start=\"1255\" data-end=\"1523\"><strong data-start=\"1255\" data-end=\"1323\">\u012apa\u0161\u012bbas Cantabria Labs &#8211; Endocare Essential Eye and Lip Contour<\/strong><\/h2>\n<p data-start=\"1255\" data-end=\"1523\">\u2714\ufe0fSamazina piet\u016bkumu un tum\u0161os lokus<br data-start=\"1362\" data-end=\"1365\" \/>\u2714\ufe0fIzl\u012bdzina pirm\u0101s krunci\u0146as un l\u012bnijas<br data-start=\"1404\" data-end=\"1407\" \/>\u2714\ufe0fMitrina un m\u012bkstina jut\u012bgo \u0101du<br data-start=\"1439\" data-end=\"1442\" \/>\u2714\ufe0fMazina nogurumu un atsvaidzina skatienu<br data-start=\"1483\" data-end=\"1486\" \/>\u2714\ufe0fAtjauno \u0101das elast\u012bbu un tvirtumu<\/p>\n","protected":false},"featured_media":65223,"template":"","meta":[],"pwb-brand":[1201],"product_brand":[],"product_cat":[733,759],"product_tag":[],"giftcard-category":[],"class_list":{"0":"post-57527","1":"product","2":"type-product","3":"status-publish","4":"has-post-thumbnail","6":"pwb-brand-cantabria-labs-lv","7":"product_cat-ada-ap-acim","8":"product_cat-lupu-kopsana","10":"first","11":"instock","12":"taxable","13":"shipping-taxable","14":"purchasable","15":"product-type-simple"},"acf":[],"brands":[{"id":1201,"name":"Cantabria Labs","slug":"cantabria-labs-lv"}],"_links":{"self":[{"href":"https:\/\/skinstudio.ee\/lv\/wp-json\/wp\/v2\/product\/57527","targetHints":{"allow":["GET"]}}],"collection":[{"href":"https:\/\/skinstudio.ee\/lv\/wp-json\/wp\/v2\/product"}],"about":[{"href":"https:\/\/skinstudio.ee\/lv\/wp-json\/wp\/v2\/types\/product"}],"version-history":[{"count":0,"href":"https:\/\/skinstudio.ee\/lv\/wp-json\/wp\/v2\/product\/57527\/revisions"}],"wp:featuredmedia":[{"embeddable":true,"href":"https:\/\/skinstudio.ee\/lv\/wp-json\/wp\/v2\/media\/65223"}],"wp:attachment":[{"href":"https:\/\/skinstudio.ee\/lv\/wp-json\/wp\/v2\/media?parent=57527"}],"wp:term":[{"taxonomy":"pwb-brand","embeddable":true,"href":"https:\/\/skinstudio.ee\/lv\/wp-json\/wp\/v2\/pwb-brand?post=57527"},{"taxonomy":"product_brand","embeddable":true,"href":"https:\/\/skinstudio.ee\/lv\/wp-json\/wp\/v2\/product_brand?post=57527"},{"taxonomy":"product_cat","embeddable":true,"href":"https:\/\/skinstudio.ee\/lv\/wp-json\/wp\/v2\/product_cat?post=57527"},{"taxonomy":"product_tag","embeddable":true,"href":"https:\/\/skinstudio.ee\/lv\/wp-json\/wp\/v2\/product_tag?post=57527"},{"taxonomy":"giftcard-category","embeddable":true,"href":"https:\/\/skinstudio.ee\/lv\/wp-json\/wp\/v2\/giftcard-category?post=57527"}],"curies":[{"name":"wp","href":"https:\/\/api.w.org\/{rel}","templated":true}]}}