{"id":57579,"date":"2025-11-04T14:30:41","date_gmt":"2025-11-04T14:30:41","guid":{"rendered":"https:\/\/skinstudio.ee\/?post_type=product&#038;p=57579"},"modified":"2026-03-05T09:07:22","modified_gmt":"2026-03-05T09:07:22","slug":"endocare-radiance-c-ferulic-serum-gel","status":"publish","type":"product","link":"https:\/\/skinstudio.ee\/lv\/catalog\/cantabria-labs-lv\/endocare-radiance-c-ferulic-serum-gel\/","title":{"rendered":"Endocare Radiance C Ferulic Serum Gel"},"content":{"rendered":"<p data-start=\"258\" data-end=\"684\"><strong data-start=\"258\" data-end=\"317\">Endocare Radiance C Ferulic Serum Gel no Cantabria Labs<\/strong> ir uzlabots pretpies\u0101r\u0146ojuma un antioksidantu serums-gels, kas izstr\u0101d\u0101ts, lai aizsarg\u0101tu \u0101du no \u0101r\u0113j\u0101s vides rad\u012btajiem stresa faktoriem un uzlabotu \u0101das mirdzumu un kop\u0113jo izskatu. Formula apvieno <strong data-start=\"517\" data-end=\"542\">EDAFENCE\u00ae tehnolo\u0123iju<\/strong>, C vitam\u012bnu un ferulsk\u0101bi, kas neitraliz\u0113 br\u012bvos radik\u0101\u013cus un pal\u012bdz aizsarg\u0101t \u0101du no pils\u0113tas pies\u0101r\u0146ojuma un digit\u0101lo ier\u012b\u010du zil\u0101s gaismas.<\/p>\n<p data-start=\"686\" data-end=\"934\">Viegl\u0101 g\u0113lveida tekst\u016bra \u0101tri ies\u016bcas un komfortabli izklied\u0113jas pa \u0101du, neatst\u0101jot taukainu saj\u016btu. <strong data-start=\"787\" data-end=\"828\">Endocare Radiance C Ferulic Serum Gel<\/strong> pal\u012bdz uzlabot \u0101das toni, samazin\u0101t bl\u0101vu sejas kr\u0101su un atbalst\u012bt \u0101das dabiskos aizsardz\u012bbas meh\u0101nismus.<\/p>\n<p data-start=\"936\" data-end=\"1253\"><strong data-start=\"936\" data-end=\"961\">EDAFENCE\u00ae tehnolo\u0123ija<\/strong> nodro\u0161ina papildu aizsardz\u012bbu pret apk\u0101rt\u0113j\u0101s vides agresoriem, tostarp smagajiem met\u0101liem, cigare\u0161u d\u016bmiem, pils\u0113tas pies\u0101r\u0146ojumu (tostarp ozonu) un zilo gaismu. Antioksidantu komplekss atbalsta \u0101das dabiskos atjauno\u0161an\u0101s procesus un pal\u012bdz saglab\u0101t vienm\u0113r\u012bg\u0101ku un vesel\u012bg\u0101ku \u0101das izskatu.<\/p>\n<p data-start=\"1255\" data-end=\"1315\">Kl\u012bniskie p\u0113t\u012bjumi par\u0101d\u012bja, ka p\u0113c <strong data-start=\"1291\" data-end=\"1314\">28 dienu lieto\u0161anas<\/strong>:<\/p>\n<p data-start=\"1317\" data-end=\"1483\">\u2022 <strong data-start=\"1319\" data-end=\"1326\">95%<\/strong> lietot\u0101ju paman\u012bja gai\u0161\u0101ku un vienm\u0113r\u012bg\u0101ku \u0101das toni<br data-start=\"1379\" data-end=\"1382\" \/>\u2022 <strong data-start=\"1384\" data-end=\"1391\">95%<\/strong> atz\u012bm\u0113ja \u0101das tekst\u016bras uzlabo\u0161anos<br data-start=\"1427\" data-end=\"1430\" \/>\u2022 <strong data-start=\"1432\" data-end=\"1440\">100%<\/strong> zi\u0146oja par paaugstin\u0101tu \u0101das mitrin\u0101\u0161anu<\/p>\n<p data-start=\"1485\" data-end=\"1503\"><strong data-start=\"1485\" data-end=\"1497\">Tilpums:<\/strong> 30 ml<\/p>\n","protected":false},"excerpt":{"rendered":"<p data-start=\"1866\" data-end=\"1922\">Antioksidantu serums-gels \u0101das mirdzumam un aizsardz\u012bbai<\/p>\n<h2 data-start=\"1924\" data-end=\"1991\"><strong data-start=\"1924\" data-end=\"1991\">\u012apa\u0161\u012bbas Cantabria Labs &#8211; Endocare Radiance C Ferulic Serum Gel<\/strong><\/h2>\n<p data-start=\"1993\" data-end=\"2233\">\u2714\ufe0f Neitraliz\u0113 br\u012bvos radik\u0101\u013cus un oksidat\u012bvo stresu<br data-start=\"2044\" data-end=\"2047\" \/>\u2714\ufe0f Aizsarg\u0101 \u0101du no pies\u0101r\u0146ojuma un zil\u0101s gaismas<br data-start=\"2095\" data-end=\"2098\" \/>\u2714\ufe0f Uzlabo \u0101das toni un pie\u0161\u0137ir mirdzumu<br data-start=\"2137\" data-end=\"2140\" \/>\u2714\ufe0f Izl\u012bdzina \u0101das tekst\u016bru un uzlabo t\u0101s izskatu<br data-start=\"2188\" data-end=\"2191\" \/>\u2714\ufe0f Stiprina \u0101das antioksidantu aizsardz\u012bbu<\/p>\n","protected":false},"featured_media":84389,"template":"","meta":[],"pwb-brand":[1201],"product_brand":[],"product_cat":[729,749,723],"product_tag":[],"giftcard-category":[],"class_list":{"0":"post-57579","1":"product","2":"type-product","3":"status-publish","4":"has-post-thumbnail","6":"pwb-brand-cantabria-labs-lv","7":"product_cat-c-vitamins","8":"product_cat-novecojosa-ada","9":"product_cat-serumi","11":"first","12":"instock","13":"taxable","14":"shipping-taxable","15":"purchasable","16":"product-type-simple"},"acf":[],"brands":[{"id":1201,"name":"Cantabria Labs","slug":"cantabria-labs-lv"}],"_links":{"self":[{"href":"https:\/\/skinstudio.ee\/lv\/wp-json\/wp\/v2\/product\/57579","targetHints":{"allow":["GET"]}}],"collection":[{"href":"https:\/\/skinstudio.ee\/lv\/wp-json\/wp\/v2\/product"}],"about":[{"href":"https:\/\/skinstudio.ee\/lv\/wp-json\/wp\/v2\/types\/product"}],"version-history":[{"count":1,"href":"https:\/\/skinstudio.ee\/lv\/wp-json\/wp\/v2\/product\/57579\/revisions"}],"predecessor-version":[{"id":84395,"href":"https:\/\/skinstudio.ee\/lv\/wp-json\/wp\/v2\/product\/57579\/revisions\/84395"}],"wp:featuredmedia":[{"embeddable":true,"href":"https:\/\/skinstudio.ee\/lv\/wp-json\/wp\/v2\/media\/84389"}],"wp:attachment":[{"href":"https:\/\/skinstudio.ee\/lv\/wp-json\/wp\/v2\/media?parent=57579"}],"wp:term":[{"taxonomy":"pwb-brand","embeddable":true,"href":"https:\/\/skinstudio.ee\/lv\/wp-json\/wp\/v2\/pwb-brand?post=57579"},{"taxonomy":"product_brand","embeddable":true,"href":"https:\/\/skinstudio.ee\/lv\/wp-json\/wp\/v2\/product_brand?post=57579"},{"taxonomy":"product_cat","embeddable":true,"href":"https:\/\/skinstudio.ee\/lv\/wp-json\/wp\/v2\/product_cat?post=57579"},{"taxonomy":"product_tag","embeddable":true,"href":"https:\/\/skinstudio.ee\/lv\/wp-json\/wp\/v2\/product_tag?post=57579"},{"taxonomy":"giftcard-category","embeddable":true,"href":"https:\/\/skinstudio.ee\/lv\/wp-json\/wp\/v2\/giftcard-category?post=57579"}],"curies":[{"name":"wp","href":"https:\/\/api.w.org\/{rel}","templated":true}]}}