{"id":57600,"date":"2025-11-04T14:43:55","date_gmt":"2025-11-04T14:43:55","guid":{"rendered":"https:\/\/skinstudio.ee\/?post_type=product&#038;p=57600"},"modified":"2025-12-18T13:27:20","modified_gmt":"2025-12-18T13:27:20","slug":"endocare-radiance-eye-contour-anti-dark-circles","status":"publish","type":"product","link":"https:\/\/skinstudio.ee\/lv\/catalog\/cantabria-labs-lv\/endocare-radiance-eye-contour-anti-dark-circles\/","title":{"rendered":"Endocare Radiance Eye Contour Anti-Dark Circles"},"content":{"rendered":"<p data-start=\"62\" data-end=\"421\"><strong data-start=\"62\" data-end=\"113\">Endocare Radiance Eye Contour Anti-Dark Circles<\/strong> ir viegls pretnoveco\u0161an\u0101s serums acu kont\u016bras zonai, kas nodro\u0161ina t\u016bl\u012bt\u0113ju izgaismo\u0161anu, mitrin\u0101\u0161anu un samtainu \u0101das saj\u016btu. T\u0101s daudzfunkcion\u0101l\u0101 formula pal\u012bdz c\u012bn\u012bties ar bl\u0101vumu, noguruma paz\u012bm\u0113m, piet\u016bkumu un tum\u0161iem lokiem, ko izraisa pigment\u0101cija un stress, padarot skatienu svaig\u0101ku un atp\u016btu\u0161os.<\/p>\n<p data-start=\"423\" data-end=\"661\">Pateicoties antioksidantu, antipies\u0101r\u0146ojuma un izl\u012bdzino\u0161o akt\u012bvo vielu siner\u0123ijai, <strong data-start=\"507\" data-end=\"558\">Endocare Radiance Eye Contour Anti-Dark Circles<\/strong> aizsarg\u0101 un atjauno jut\u012bgo \u0101du ap ac\u012bm, uzlabojot t\u0101s gludumu un mirdzumu ar katru lieto\u0161anas reizi.<\/p>\n<p data-start=\"663\" data-end=\"850\"><strong data-start=\"663\" data-end=\"691\">Rezult\u0101ti p\u0113c 28 dien\u0101m:<\/strong><br data-start=\"691\" data-end=\"694\" \/>\u2022 90% lietot\u0101ju nov\u0113roja uzlabotu acu kont\u016bras izskatu<br data-start=\"748\" data-end=\"751\" \/>\u2022 90% paman\u012bja paaugstin\u0101tu mitruma l\u012bmeni<br data-start=\"793\" data-end=\"796\" \/>\u2022 70% atz\u012bm\u0113ja piet\u016bkuma un tum\u0161o loku samazin\u0101\u0161anos<\/p>\n<p data-start=\"852\" data-end=\"872\"><strong data-start=\"852\" data-end=\"864\">Tilpums:<\/strong> 15 ml<\/p>\n","protected":false},"excerpt":{"rendered":"<p data-start=\"1040\" data-end=\"1087\">Izgaismojo\u0161s un mitrino\u0161s acu kont\u016bras serums<\/p>\n<h2 data-start=\"1089\" data-end=\"1395\"><strong data-start=\"1089\" data-end=\"1166\">\u012apa\u0161\u012bbas Cantabria Labs &#8211; Endocare Radiance Eye Contour Anti-Dark Circles<\/strong><\/h2>\n<p data-start=\"1089\" data-end=\"1395\">\u2714\ufe0fSamazina piet\u016bkumu un tum\u0161os lokus<br data-start=\"1205\" data-end=\"1208\" \/>\u2714\ufe0fIzgaismo un izl\u012bdzina \u0101das toni ap ac\u012bm<br data-start=\"1249\" data-end=\"1252\" \/>\u2714\ufe0fIzl\u012bdzina smalkas krunci\u0146as un noguruma paz\u012bmes<br data-start=\"1301\" data-end=\"1304\" \/>\u2714\ufe0fDzi\u013ci mitrina un pie\u0161\u0137ir mirdzumu<br data-start=\"1339\" data-end=\"1342\" \/>\u2714\ufe0fAizsarg\u0101 \u0101du no oksidat\u012bv\u0101 stresa un pies\u0101r\u0146ojuma<\/p>\n","protected":false},"featured_media":65207,"template":"","meta":[],"pwb-brand":[1201],"product_brand":[],"product_cat":[733,749],"product_tag":[],"giftcard-category":[],"class_list":{"0":"post-57600","1":"product","2":"type-product","3":"status-publish","4":"has-post-thumbnail","6":"pwb-brand-cantabria-labs-lv","7":"product_cat-ada-ap-acim","8":"product_cat-novecojosa-ada","10":"first","11":"instock","12":"taxable","13":"shipping-taxable","14":"purchasable","15":"product-type-simple"},"acf":[],"brands":[{"id":1201,"name":"Cantabria Labs","slug":"cantabria-labs-lv"}],"_links":{"self":[{"href":"https:\/\/skinstudio.ee\/lv\/wp-json\/wp\/v2\/product\/57600","targetHints":{"allow":["GET"]}}],"collection":[{"href":"https:\/\/skinstudio.ee\/lv\/wp-json\/wp\/v2\/product"}],"about":[{"href":"https:\/\/skinstudio.ee\/lv\/wp-json\/wp\/v2\/types\/product"}],"version-history":[{"count":0,"href":"https:\/\/skinstudio.ee\/lv\/wp-json\/wp\/v2\/product\/57600\/revisions"}],"wp:featuredmedia":[{"embeddable":true,"href":"https:\/\/skinstudio.ee\/lv\/wp-json\/wp\/v2\/media\/65207"}],"wp:attachment":[{"href":"https:\/\/skinstudio.ee\/lv\/wp-json\/wp\/v2\/media?parent=57600"}],"wp:term":[{"taxonomy":"pwb-brand","embeddable":true,"href":"https:\/\/skinstudio.ee\/lv\/wp-json\/wp\/v2\/pwb-brand?post=57600"},{"taxonomy":"product_brand","embeddable":true,"href":"https:\/\/skinstudio.ee\/lv\/wp-json\/wp\/v2\/product_brand?post=57600"},{"taxonomy":"product_cat","embeddable":true,"href":"https:\/\/skinstudio.ee\/lv\/wp-json\/wp\/v2\/product_cat?post=57600"},{"taxonomy":"product_tag","embeddable":true,"href":"https:\/\/skinstudio.ee\/lv\/wp-json\/wp\/v2\/product_tag?post=57600"},{"taxonomy":"giftcard-category","embeddable":true,"href":"https:\/\/skinstudio.ee\/lv\/wp-json\/wp\/v2\/giftcard-category?post=57600"}],"curies":[{"name":"wp","href":"https:\/\/api.w.org\/{rel}","templated":true}]}}