{"id":57617,"date":"2025-11-04T14:53:23","date_gmt":"2025-11-04T14:53:23","guid":{"rendered":"https:\/\/skinstudio.ee\/?post_type=product&#038;p=57617"},"modified":"2025-12-18T13:27:20","modified_gmt":"2025-12-18T13:27:20","slug":"endocare-radiance-c-pure-concentrate","status":"publish","type":"product","link":"https:\/\/skinstudio.ee\/lv\/catalog\/cantabria-labs-lv\/endocare-radiance-c-pure-concentrate\/","title":{"rendered":"Endocare Radiance C Pure Concentrate"},"content":{"rendered":"<p data-start=\"51\" data-end=\"335\">Intens\u012bvs ampulu koncentr\u0101ts \u0101das atjauno\u0161anai, izgaismo\u0161anai un atjauno\u0161anai. Produkts ar <strong data-start=\"142\" data-end=\"171\">SCA\u00ae Biorepair Technology<\/strong> satur <strong data-start=\"178\" data-end=\"207\">glieme\u017eu sekr\u0113ta filtr\u0101tu<\/strong>, kas ir dab\u012bgs aug\u0161anas faktoru avots, aktiviz\u0113 dermas re\u0123ener\u0101cijas procesus un padara \u0101du stingr\u0101ku, glud\u0101ku un mirdzo\u0161\u0101ku.<\/p>\n<p data-start=\"337\" data-end=\"676\">Formula ar <strong data-start=\"348\" data-end=\"362\">C vitam\u012bnu<\/strong> un <strong data-start=\"366\" data-end=\"385\">proteoglik\u0101niem<\/strong> nodro\u0161ina sp\u0113c\u012bgu antioksidantu aizsardz\u012bbu, pasarg\u0101jot \u0101du no fotonoveco\u0161an\u0101s un apk\u0101rt\u0113j\u0101s vides rad\u012btiem boj\u0101jumiem. L\u012bdzeklis izl\u012bdzina \u0101das toni un tekst\u016bru, samazina grumbas un atjauno elast\u012bbu. Regul\u0101ri lietojot, \u0101da k\u013c\u016bst svaig\u0101ka, vienm\u0113r\u012bg\u0101ka un piepild\u012bta ar vesel\u012bgu mirdzumu.<\/p>\n<p data-start=\"678\" data-end=\"710\"><strong data-start=\"678\" data-end=\"690\">Tilpums:<\/strong> 14 ampulas x 1 ml<\/p>\n","protected":false},"excerpt":{"rendered":"<p data-start=\"863\" data-end=\"911\">Izgaismojo\u0161s un atjaunojo\u0161s ampulu koncentr\u0101ts<\/p>\n<h2 data-start=\"913\" data-end=\"1194\"><strong data-start=\"913\" data-end=\"979\">\u012apa\u0161\u012bbas Cantabria Labs &#8211; Endocare Radiance C Pure Concentrate<\/strong><\/h2>\n<p data-start=\"913\" data-end=\"1194\">\u2714\ufe0fAktiviz\u0113 \u0161\u016bnu re\u0123ener\u0101cijas procesus<br data-start=\"1020\" data-end=\"1023\" \/>\u2714\ufe0fSamazina grumbas un uzlabo \u0101das elast\u012bbu<br data-start=\"1065\" data-end=\"1068\" \/>\u2714\ufe0fIzgaismo un atsvaidzina \u0101du<br data-start=\"1097\" data-end=\"1100\" \/>\u2714\ufe0fNodro\u0161ina sp\u0113c\u012bgu antioksidantu aizsardz\u012bbu<br data-start=\"1145\" data-end=\"1148\" \/>\u2714\ufe0fIntens\u012bvi mitrina un pie\u0161\u0137ir \u0101dai mirdzumu<\/p>\n","protected":false},"featured_media":65202,"template":"","meta":[],"pwb-brand":[1201],"product_brand":[],"product_cat":[729,749,751,723],"product_tag":[],"giftcard-category":[],"class_list":{"0":"post-57617","1":"product","2":"type-product","3":"status-publish","4":"has-post-thumbnail","6":"pwb-brand-cantabria-labs-lv","7":"product_cat-c-vitamins","8":"product_cat-novecojosa-ada","9":"product_cat-pigmentacija-lv","10":"product_cat-serumi","12":"first","13":"instock","14":"taxable","15":"shipping-taxable","16":"purchasable","17":"product-type-simple"},"acf":[],"brands":[{"id":1201,"name":"Cantabria Labs","slug":"cantabria-labs-lv"}],"_links":{"self":[{"href":"https:\/\/skinstudio.ee\/lv\/wp-json\/wp\/v2\/product\/57617","targetHints":{"allow":["GET"]}}],"collection":[{"href":"https:\/\/skinstudio.ee\/lv\/wp-json\/wp\/v2\/product"}],"about":[{"href":"https:\/\/skinstudio.ee\/lv\/wp-json\/wp\/v2\/types\/product"}],"version-history":[{"count":0,"href":"https:\/\/skinstudio.ee\/lv\/wp-json\/wp\/v2\/product\/57617\/revisions"}],"wp:featuredmedia":[{"embeddable":true,"href":"https:\/\/skinstudio.ee\/lv\/wp-json\/wp\/v2\/media\/65202"}],"wp:attachment":[{"href":"https:\/\/skinstudio.ee\/lv\/wp-json\/wp\/v2\/media?parent=57617"}],"wp:term":[{"taxonomy":"pwb-brand","embeddable":true,"href":"https:\/\/skinstudio.ee\/lv\/wp-json\/wp\/v2\/pwb-brand?post=57617"},{"taxonomy":"product_brand","embeddable":true,"href":"https:\/\/skinstudio.ee\/lv\/wp-json\/wp\/v2\/product_brand?post=57617"},{"taxonomy":"product_cat","embeddable":true,"href":"https:\/\/skinstudio.ee\/lv\/wp-json\/wp\/v2\/product_cat?post=57617"},{"taxonomy":"product_tag","embeddable":true,"href":"https:\/\/skinstudio.ee\/lv\/wp-json\/wp\/v2\/product_tag?post=57617"},{"taxonomy":"giftcard-category","embeddable":true,"href":"https:\/\/skinstudio.ee\/lv\/wp-json\/wp\/v2\/giftcard-category?post=57617"}],"curies":[{"name":"wp","href":"https:\/\/api.w.org\/{rel}","templated":true}]}}