{"id":57637,"date":"2025-11-05T15:23:07","date_gmt":"2025-11-05T15:23:07","guid":{"rendered":"https:\/\/skinstudio.ee\/?post_type=product&#038;p=57637"},"modified":"2025-12-18T13:27:20","modified_gmt":"2025-12-18T13:27:20","slug":"endocare-tensage-nourishing-cream","status":"publish","type":"product","link":"https:\/\/skinstudio.ee\/lv\/catalog\/cantabria-labs-lv\/endocare-tensage-nourishing-cream\/","title":{"rendered":"Endocare Tensage Nourishing Cream"},"content":{"rendered":"<p data-start=\"48\" data-end=\"256\">Bag\u0101tin\u0101ts un barojo\u0161s kr\u0113ms, kas efekt\u012bvi c\u012bn\u0101s ar grumb\u0101m un \u0101das elast\u012bbas zudumu. T\u0101 formula nodro\u0161ina t\u016bl\u012bt\u0113ju liftinga efektu, nostiprina un atjauno sejas kont\u016bras, atgrie\u017eot \u0101dai bl\u012bvumu un tvirtumu.<\/p>\n<p data-start=\"258\" data-end=\"529\">Akt\u012bvo sast\u0101vda\u013cu komplekss iedarbojas uz visiem kolag\u0113na sint\u0113zes posmiem, veicinot augstas kvalit\u0101tes kolag\u0113na \u0161\u0137iedru ra\u017eo\u0161anu un nodro\u0161inot tr\u012bsk\u0101r\u0161u liftinga efektu. Ide\u0101li piem\u0113rots sausai un nobriedu\u0161ai \u0101dai, kurai nepiecie\u0161ama intens\u012bva baro\u0161ana un atjauno\u0161ana.<\/p>\n<p data-start=\"531\" data-end=\"551\"><strong data-start=\"531\" data-end=\"543\">Tilpums:<\/strong> 50 ml<\/p>\n","protected":false},"excerpt":{"rendered":"<p data-start=\"702\" data-end=\"753\">Barojo\u0161s pretnoveco\u0161an\u0101s kr\u0113ms ar liftinga efektu<\/p>\n<h2 data-start=\"755\" data-end=\"1034\"><strong data-start=\"755\" data-end=\"818\">\u012apa\u0161\u012bbas Cantabria Labs &#8211; Endocare Tensage Nourishing Cream<\/strong><\/h2>\n<p data-start=\"755\" data-end=\"1034\">\u2714\ufe0fStiprina un pace\u013c sejas kont\u016bras<br data-start=\"855\" data-end=\"858\" \/>\u2714\ufe0fStimul\u0113 kolag\u0113na sint\u0113zi un uzlabo elast\u012bbu<br data-start=\"903\" data-end=\"906\" \/>\u2714\ufe0fBaro un atjauno sausu \u0101du<br data-start=\"933\" data-end=\"936\" \/>\u2714\ufe0fSamazina grumbas un padara \u0101du glud\u0101ku<br data-start=\"976\" data-end=\"979\" \/>\u2714\ufe0fPie\u0161\u0137ir \u0101dai maigumu, komfortu un vesel\u012bgu mirdzumu<\/p>\n","protected":false},"featured_media":65197,"template":"","meta":[],"pwb-brand":[1201],"product_brand":[],"product_cat":[737,749,739],"product_tag":[],"giftcard-category":[],"class_list":{"0":"post-57637","1":"product","2":"type-product","3":"status-publish","4":"has-post-thumbnail","6":"pwb-brand-cantabria-labs-lv","7":"product_cat-mitrinasana","8":"product_cat-novecojosa-ada","9":"product_cat-sausai-adai","11":"first","12":"instock","13":"taxable","14":"shipping-taxable","15":"purchasable","16":"product-type-simple"},"acf":[],"brands":[{"id":1201,"name":"Cantabria Labs","slug":"cantabria-labs-lv"}],"_links":{"self":[{"href":"https:\/\/skinstudio.ee\/lv\/wp-json\/wp\/v2\/product\/57637","targetHints":{"allow":["GET"]}}],"collection":[{"href":"https:\/\/skinstudio.ee\/lv\/wp-json\/wp\/v2\/product"}],"about":[{"href":"https:\/\/skinstudio.ee\/lv\/wp-json\/wp\/v2\/types\/product"}],"version-history":[{"count":0,"href":"https:\/\/skinstudio.ee\/lv\/wp-json\/wp\/v2\/product\/57637\/revisions"}],"wp:featuredmedia":[{"embeddable":true,"href":"https:\/\/skinstudio.ee\/lv\/wp-json\/wp\/v2\/media\/65197"}],"wp:attachment":[{"href":"https:\/\/skinstudio.ee\/lv\/wp-json\/wp\/v2\/media?parent=57637"}],"wp:term":[{"taxonomy":"pwb-brand","embeddable":true,"href":"https:\/\/skinstudio.ee\/lv\/wp-json\/wp\/v2\/pwb-brand?post=57637"},{"taxonomy":"product_brand","embeddable":true,"href":"https:\/\/skinstudio.ee\/lv\/wp-json\/wp\/v2\/product_brand?post=57637"},{"taxonomy":"product_cat","embeddable":true,"href":"https:\/\/skinstudio.ee\/lv\/wp-json\/wp\/v2\/product_cat?post=57637"},{"taxonomy":"product_tag","embeddable":true,"href":"https:\/\/skinstudio.ee\/lv\/wp-json\/wp\/v2\/product_tag?post=57637"},{"taxonomy":"giftcard-category","embeddable":true,"href":"https:\/\/skinstudio.ee\/lv\/wp-json\/wp\/v2\/giftcard-category?post=57637"}],"curies":[{"name":"wp","href":"https:\/\/api.w.org\/{rel}","templated":true}]}}