{"id":57652,"date":"2025-11-05T15:30:39","date_gmt":"2025-11-05T15:30:39","guid":{"rendered":"https:\/\/skinstudio.ee\/?post_type=product&#038;p=57652"},"modified":"2025-12-18T13:27:20","modified_gmt":"2025-12-18T13:27:20","slug":"endocare-tensage-cream","status":"publish","type":"product","link":"https:\/\/skinstudio.ee\/lv\/catalog\/cantabria-labs-lv\/endocare-tensage-cream\/","title":{"rendered":"Endocare Tensage Cream"},"content":{"rendered":"<p data-start=\"35\" data-end=\"347\">Endocare Tensage Cream ir viegls pretnoveco\u0161an\u0101s kr\u0113ms, kas pal\u012bdz atjaunot \u0101das elast\u012bbu un stingr\u012bbu, kas zaud\u0113ta laika gait\u0101. Formula ar SCA\u00ae Growth Factor tehnolo\u0123iju un Tensderm nodro\u0161ina redzamu liftinga un re\u0123ener\u0113jo\u0161u efektu, nostiprina sejas kont\u016bras un padara \u0101du glud\u0101ku, starojo\u0161\u0101ku un mitrin\u0101t\u0101ku.<\/p>\n<p data-start=\"349\" data-end=\"544\">T\u0101 viegl\u0101 un komfortabl\u0101 tekst\u016bra ir ide\u0101li piem\u0113rota norm\u0101lai un sausai \u0101dai, nodro\u0161inot ilgsto\u0161u baro\u0161anu un maiguma saj\u016btu. Regul\u0101ri lietojot, \u0101da k\u013c\u016bst stingr\u0101ka, elast\u012bg\u0101ka un jaunav\u012bg\u0101ka.<\/p>\n<p data-start=\"546\" data-end=\"566\"><strong data-start=\"546\" data-end=\"558\">Tilpums:<\/strong> 50 ml<\/p>\n","protected":false},"excerpt":{"rendered":"<p data-start=\"695\" data-end=\"754\">Viegls pretnoveco\u0161an\u0101s kr\u0113ms \u0101das stingr\u012bbai un mirdzumam<\/p>\n<h2 data-start=\"756\" data-end=\"1037\"><strong data-start=\"756\" data-end=\"808\">\u012apa\u0161\u012bbas Cantabria Labs &#8211; Endocare Tensage Cream<\/strong><\/h2>\n<p data-start=\"756\" data-end=\"1037\">\u2714\ufe0fAtjauno \u0101das elast\u012bbu un stingr\u012bbu<br data-start=\"847\" data-end=\"850\" \/>\u2714\ufe0fNostiprina sejas kont\u016bras un izl\u012bdzina grumbas<br data-start=\"898\" data-end=\"901\" \/>\u2714\ufe0fStimul\u0113 \u0101das re\u0123ener\u0101ciju un stiprina aizsargbarjeru<br data-start=\"955\" data-end=\"958\" \/>\u2714\ufe0fMitrina un baro \u0101du, sniedzot komfortu<br data-start=\"998\" data-end=\"1001\" \/>\u2714\ufe0fPie\u0161\u0137ir \u0101dai mirdzumu un gludumu<\/p>\n","protected":false},"featured_media":65192,"template":"","meta":[],"pwb-brand":[1201],"product_brand":[],"product_cat":[737,749,739],"product_tag":[],"giftcard-category":[],"class_list":{"0":"post-57652","1":"product","2":"type-product","3":"status-publish","4":"has-post-thumbnail","6":"pwb-brand-cantabria-labs-lv","7":"product_cat-mitrinasana","8":"product_cat-novecojosa-ada","9":"product_cat-sausai-adai","11":"first","12":"instock","13":"taxable","14":"shipping-taxable","15":"purchasable","16":"product-type-simple"},"acf":[],"brands":[{"id":1201,"name":"Cantabria Labs","slug":"cantabria-labs-lv"}],"_links":{"self":[{"href":"https:\/\/skinstudio.ee\/lv\/wp-json\/wp\/v2\/product\/57652","targetHints":{"allow":["GET"]}}],"collection":[{"href":"https:\/\/skinstudio.ee\/lv\/wp-json\/wp\/v2\/product"}],"about":[{"href":"https:\/\/skinstudio.ee\/lv\/wp-json\/wp\/v2\/types\/product"}],"version-history":[{"count":0,"href":"https:\/\/skinstudio.ee\/lv\/wp-json\/wp\/v2\/product\/57652\/revisions"}],"wp:featuredmedia":[{"embeddable":true,"href":"https:\/\/skinstudio.ee\/lv\/wp-json\/wp\/v2\/media\/65192"}],"wp:attachment":[{"href":"https:\/\/skinstudio.ee\/lv\/wp-json\/wp\/v2\/media?parent=57652"}],"wp:term":[{"taxonomy":"pwb-brand","embeddable":true,"href":"https:\/\/skinstudio.ee\/lv\/wp-json\/wp\/v2\/pwb-brand?post=57652"},{"taxonomy":"product_brand","embeddable":true,"href":"https:\/\/skinstudio.ee\/lv\/wp-json\/wp\/v2\/product_brand?post=57652"},{"taxonomy":"product_cat","embeddable":true,"href":"https:\/\/skinstudio.ee\/lv\/wp-json\/wp\/v2\/product_cat?post=57652"},{"taxonomy":"product_tag","embeddable":true,"href":"https:\/\/skinstudio.ee\/lv\/wp-json\/wp\/v2\/product_tag?post=57652"},{"taxonomy":"giftcard-category","embeddable":true,"href":"https:\/\/skinstudio.ee\/lv\/wp-json\/wp\/v2\/giftcard-category?post=57652"}],"curies":[{"name":"wp","href":"https:\/\/api.w.org\/{rel}","templated":true}]}}