{"id":57668,"date":"2025-11-05T15:41:11","date_gmt":"2025-11-05T15:41:11","guid":{"rendered":"https:\/\/skinstudio.ee\/?post_type=product&#038;p=57668"},"modified":"2025-12-18T13:27:20","modified_gmt":"2025-12-18T13:27:20","slug":"endocare-tensage-illuminating-eye-contour-cream","status":"publish","type":"product","link":"https:\/\/skinstudio.ee\/lv\/catalog\/cantabria-labs-lv\/endocare-tensage-illuminating-eye-contour-cream\/","title":{"rendered":"Endocare Tensage Illuminating Eye Contour Cream"},"content":{"rendered":"<p data-start=\"60\" data-end=\"394\">Endocare Tensage Illuminating Eye Contour Cream ir daudzfunkcion\u0101ls kr\u0113ms acu zonai, kas pal\u012bdz c\u012bn\u012bties ar galvenaj\u0101m noguruma un noveco\u0161an\u0101s paz\u012bm\u0113m &#8211; piet\u016bkumu, grumbi\u0146\u0101m, tum\u0161iem lokiem un \u0101das elast\u012bbas zudumu. T\u0101 viegl\u0101 un pat\u012bkam\u0101 tekst\u016bra \u0101tri uzs\u016bcas, atjauno svaigumu un mitrin\u0101jumu, neatst\u0101jot taukainu vai lip\u012bgu saj\u016btu.<\/p>\n<p data-start=\"396\" data-end=\"685\">Formula ar akt\u012bvaj\u0101m sast\u0101vda\u013c\u0101m stimul\u0113 mikrocirkul\u0101ciju, stiprina \u0101du un pal\u012bdz samazin\u0101t piet\u016bkumu. Pateicoties SCA\u00ae Growth Factor tehnolo\u0123ijai un Tensderm kompleksam, kr\u0113ms aktiviz\u0113 \u0161\u016bnu atjauno\u0161an\u0101s procesus, palielina \u0101das stingr\u012bbu un elast\u012bbu, padarot to glud\u0101ku un jaunekl\u012bg\u0101ku.<\/p>\n<p data-start=\"687\" data-end=\"972\">Gai\u0161umu atstarojo\u0161ie mikropigmenti acumirkl\u012b mask\u0113 tum\u0161os lokus un noguruma paz\u012bmes, pie\u0161\u0137irot skatienam svaigumu un mirdzumu. Regul\u0101ri lietojot, \u0101da ap ac\u012bm k\u013c\u016bst vienm\u0113r\u012bg\u0101ka, mitrin\u0101t\u0101ka un redzami jaun\u0101ka. Kr\u0113ms ir ide\u0101li piem\u0113rots ar\u012b lieto\u0161anai p\u0113c dermokosm\u0113tisk\u0101m proced\u016br\u0101m.<\/p>\n<p data-start=\"974\" data-end=\"994\"><strong data-start=\"974\" data-end=\"986\">Tilpums:<\/strong> 15 ml<\/p>\n","protected":false},"excerpt":{"rendered":"<p data-start=\"1133\" data-end=\"1178\">Acu zonas izgaismojo\u0161s un atjaunojo\u0161s kr\u0113ms<\/p>\n<h2 data-start=\"1180\" data-end=\"1516\"><strong data-start=\"1180\" data-end=\"1257\">\u012apa\u0161\u012bbas Cantabria Labs &#8211; Endocare Tensage Illuminating Eye Contour Cream<\/strong><\/h2>\n<p data-start=\"1180\" data-end=\"1516\">\u2714\ufe0fSamazina piet\u016bkumu un tum\u0161os lokus zem ac\u012bm<br data-start=\"1305\" data-end=\"1308\" \/>\u2714\ufe0fIzl\u012bdzina s\u012bkas grumbi\u0146as un stiprina \u0101du<br data-start=\"1351\" data-end=\"1354\" \/>\u2714\ufe0fPie\u0161\u0137ir t\u016bl\u012bt\u0113ju svaigumu un mirdzumu skatienam<br data-start=\"1403\" data-end=\"1406\" \/>\u2714\ufe0fSatur gaismu atstarojo\u0161us mikropigmentus izgaismojo\u0161am efektam<br data-start=\"1470\" data-end=\"1473\" \/>\u2714\ufe0fMitrina un uzlabo \u0101das elast\u012bbu ap ac\u012bm<\/p>\n","protected":false},"featured_media":65187,"template":"","meta":[],"pwb-brand":[1201],"product_brand":[],"product_cat":[733,749],"product_tag":[],"giftcard-category":[],"class_list":{"0":"post-57668","1":"product","2":"type-product","3":"status-publish","4":"has-post-thumbnail","6":"pwb-brand-cantabria-labs-lv","7":"product_cat-ada-ap-acim","8":"product_cat-novecojosa-ada","10":"first","11":"instock","12":"taxable","13":"shipping-taxable","14":"purchasable","15":"product-type-simple"},"acf":[],"brands":[{"id":1201,"name":"Cantabria Labs","slug":"cantabria-labs-lv"}],"_links":{"self":[{"href":"https:\/\/skinstudio.ee\/lv\/wp-json\/wp\/v2\/product\/57668","targetHints":{"allow":["GET"]}}],"collection":[{"href":"https:\/\/skinstudio.ee\/lv\/wp-json\/wp\/v2\/product"}],"about":[{"href":"https:\/\/skinstudio.ee\/lv\/wp-json\/wp\/v2\/types\/product"}],"version-history":[{"count":0,"href":"https:\/\/skinstudio.ee\/lv\/wp-json\/wp\/v2\/product\/57668\/revisions"}],"wp:featuredmedia":[{"embeddable":true,"href":"https:\/\/skinstudio.ee\/lv\/wp-json\/wp\/v2\/media\/65187"}],"wp:attachment":[{"href":"https:\/\/skinstudio.ee\/lv\/wp-json\/wp\/v2\/media?parent=57668"}],"wp:term":[{"taxonomy":"pwb-brand","embeddable":true,"href":"https:\/\/skinstudio.ee\/lv\/wp-json\/wp\/v2\/pwb-brand?post=57668"},{"taxonomy":"product_brand","embeddable":true,"href":"https:\/\/skinstudio.ee\/lv\/wp-json\/wp\/v2\/product_brand?post=57668"},{"taxonomy":"product_cat","embeddable":true,"href":"https:\/\/skinstudio.ee\/lv\/wp-json\/wp\/v2\/product_cat?post=57668"},{"taxonomy":"product_tag","embeddable":true,"href":"https:\/\/skinstudio.ee\/lv\/wp-json\/wp\/v2\/product_tag?post=57668"},{"taxonomy":"giftcard-category","embeddable":true,"href":"https:\/\/skinstudio.ee\/lv\/wp-json\/wp\/v2\/giftcard-category?post=57668"}],"curies":[{"name":"wp","href":"https:\/\/api.w.org\/{rel}","templated":true}]}}