{"id":57685,"date":"2025-11-05T15:56:42","date_gmt":"2025-11-05T15:56:42","guid":{"rendered":"https:\/\/skinstudio.ee\/?post_type=product&#038;p=57685"},"modified":"2025-12-18T13:27:20","modified_gmt":"2025-12-18T13:27:20","slug":"endocare-tensage-serum","status":"publish","type":"product","link":"https:\/\/skinstudio.ee\/lv\/catalog\/cantabria-labs-lv\/endocare-tensage-serum\/","title":{"rendered":"Endocare Tensage Serum"},"content":{"rendered":"<p data-start=\"35\" data-end=\"445\">Endocare Tensage Serum ir ultraatjaunojo\u0161s pretnoveco\u0161an\u0101s serums, kas izstr\u0101d\u0101ts intens\u012bvai kop\u0161anai nobriedu\u0161ai un noguru\u0161ai \u0101dai. Tas pal\u012bdz atjaunot \u0101das elast\u012bbu, stingr\u012bbu un mirdzumu, efekt\u012bvi nov\u0113r\u0161ot noveco\u0161an\u0101s paz\u012bmes. Formula apvieno patent\u0113to <strong data-start=\"291\" data-end=\"325\">SCA\u00ae Growth Factor tehnolo\u0123iju<\/strong> un <strong data-start=\"329\" data-end=\"341\">Tensderm<\/strong>, nodro\u0161inot sp\u0113c\u012bgu liftinga efektu, \u0161\u016bnu re\u0123ener\u0101cijas aktiviz\u0113\u0161anu un \u0101das tekst\u016bras izl\u012bdzin\u0101\u0161anu.<\/p>\n<p data-start=\"447\" data-end=\"623\">Serums darbojas visos dermas sl\u0101\u0146os \u2013 stiprina \u0101das strukt\u016bru, izl\u012bdzina grumbi\u0146as un samazina \u0101das \u013cenganumu. Regul\u0101ri lietojot, \u0101da k\u013c\u016bst stingr\u0101ka, maig\u0101ka un starojo\u0161\u0101ka.<\/p>\n<p data-start=\"625\" data-end=\"667\"><strong data-start=\"625\" data-end=\"665\">Akt\u012bv\u0101s sast\u0101vda\u013cas un to iedarb\u012bba:<\/strong><\/p>\n<ul>\n<li data-start=\"669\" data-end=\"1902\">15% SCA komplekss (<em data-start=\"688\" data-end=\"738\">Snail Secretion Filtrate &#8211; Cryptomphalus Aspersa<\/em>) \u2013 unik\u0101la biore\u0123ener\u0101cijas tehnolo\u0123ija, kas aktiviz\u0113 atjauno\u0161an\u0101s procesus un kolag\u0113na sint\u0113zi, nodro\u0161inot antioksidantu un atjaunojo\u0161u iedarb\u012bbu.<\/li>\n<li data-start=\"669\" data-end=\"1902\">Hidroliz\u0113ts sojas prote\u012bns \u2013 stiprina \u0101das strukt\u016bru un uzlabo elast\u012bbu.<\/li>\n<li data-start=\"669\" data-end=\"1902\">Portulakas ekstrakts \u2013 piem\u012bt sp\u0113c\u012bga pretiekaisuma un antibakteri\u0101la iedarb\u012bba, pa\u0101trina dz\u012b\u0161anu un nomierina kairin\u0101tu \u0101du.<\/li>\n<li data-start=\"669\" data-end=\"1902\">Seric\u012bns \u2013 saglab\u0101 mitrumu, aizsarg\u0101 no UV starojuma, izl\u012bdzina toni un pie\u0161\u0137ir \u0101dai samtainu gludumu.<\/li>\n<li data-start=\"669\" data-end=\"1902\">Niacinam\u012bds (vitam\u012bns B3) \u2013 stimul\u0113 ceram\u012bdu sint\u0113zi, stiprina \u0101das aizsargbarjeru un nov\u0113r\u0161 sausumu un lob\u012b\u0161anos.<\/li>\n<li data-start=\"669\" data-end=\"1902\">C vitam\u012bns \u2013 sp\u0113c\u012bgs antioksidants, kas izl\u012bdzina \u0101das toni, pie\u0161\u0137ir mirdzumu un uzlabo tekst\u016bru.<\/li>\n<li data-start=\"669\" data-end=\"1902\">E vitam\u012bns \u2013 aizsarg\u0101 no oksidat\u012bv\u0101 stresa un uztur elast\u012bbu.<\/li>\n<li data-start=\"669\" data-end=\"1902\">Skval\u0101ns \u2013 baro, m\u012bkstina un atjauno lip\u012bdu l\u012bdzsvaru.<\/li>\n<li data-start=\"669\" data-end=\"1902\">Hialuronsk\u0101be \u2013 dzi\u013ci mitrina, padarot \u0101du stingr\u0101ku un glud\u0101ku.<\/li>\n<li data-start=\"669\" data-end=\"1902\">Tregaloze \u2013 saglab\u0101 mitrumu un aizsarg\u0101 \u0161\u016bnas no iz\u017e\u016b\u0161anas.<\/li>\n<li data-start=\"669\" data-end=\"1902\">Hidroliz\u0113ta Caesalpinia Spinosa sve\u0137i \u2013 pievelk un uzlabo \u0101das elast\u012bbu.<\/li>\n<li data-start=\"669\" data-end=\"1902\">Ubihinons (koenz\u012bms Q10) \u2013 pie\u0161\u0137ir \u0161\u016bn\u0101m ener\u0123iju un nov\u0113r\u0161 kolag\u0113na un elast\u012bna no\u0101rd\u012b\u0161anos.<\/li>\n<li data-start=\"669\" data-end=\"1902\">Argin\u012bns \u2013 uzlabo mikrocirkul\u0101ciju un pa\u0101trina \u0161\u016bnu atjauno\u0161anos.<\/li>\n<\/ul>\n<p data-start=\"1904\" data-end=\"1924\"><strong data-start=\"1904\" data-end=\"1916\">Tilpums:<\/strong> 30 ml<\/p>\n","protected":false},"excerpt":{"rendered":"<p data-start=\"2130\" data-end=\"2179\">Atjaunojo\u0161s serums \u0101das stingr\u012bbai un mirdzumam<\/p>\n<h2 data-start=\"2181\" data-end=\"2452\"><strong data-start=\"2181\" data-end=\"2233\">\u012apa\u0161\u012bbas Cantabria Labs &#8211; Endocare Tensage Serum<\/strong><\/h2>\n<p data-start=\"2181\" data-end=\"2452\">\u2714\ufe0fAktiviz\u0113 \u0161\u016bnu re\u0123ener\u0101ciju un atjauno\u0161anos<br data-start=\"2280\" data-end=\"2283\" \/>\u2714\ufe0fIzl\u012bdzina grumbi\u0146as un stiprina \u0101du<br data-start=\"2320\" data-end=\"2323\" \/>\u2714\ufe0fUzlabo elast\u012bbu un \u0101das bl\u012bvumu<br data-start=\"2356\" data-end=\"2359\" \/>\u2714\ufe0fIzl\u012bdzina toni un pie\u0161\u0137ir vesel\u012bgu mirdzumu<br data-start=\"2404\" data-end=\"2407\" \/>\u2714\ufe0fIntens\u012bvi baro un aizsarg\u0101 no noveco\u0161an\u0101s<\/p>\n","protected":false},"featured_media":65182,"template":"","meta":[],"pwb-brand":[1201],"product_brand":[],"product_cat":[737,749,723],"product_tag":[],"giftcard-category":[],"class_list":{"0":"post-57685","1":"product","2":"type-product","3":"status-publish","4":"has-post-thumbnail","6":"pwb-brand-cantabria-labs-lv","7":"product_cat-mitrinasana","8":"product_cat-novecojosa-ada","9":"product_cat-serumi","11":"first","12":"instock","13":"taxable","14":"shipping-taxable","15":"purchasable","16":"product-type-simple"},"acf":[],"brands":[{"id":1201,"name":"Cantabria Labs","slug":"cantabria-labs-lv"}],"_links":{"self":[{"href":"https:\/\/skinstudio.ee\/lv\/wp-json\/wp\/v2\/product\/57685","targetHints":{"allow":["GET"]}}],"collection":[{"href":"https:\/\/skinstudio.ee\/lv\/wp-json\/wp\/v2\/product"}],"about":[{"href":"https:\/\/skinstudio.ee\/lv\/wp-json\/wp\/v2\/types\/product"}],"version-history":[{"count":0,"href":"https:\/\/skinstudio.ee\/lv\/wp-json\/wp\/v2\/product\/57685\/revisions"}],"wp:featuredmedia":[{"embeddable":true,"href":"https:\/\/skinstudio.ee\/lv\/wp-json\/wp\/v2\/media\/65182"}],"wp:attachment":[{"href":"https:\/\/skinstudio.ee\/lv\/wp-json\/wp\/v2\/media?parent=57685"}],"wp:term":[{"taxonomy":"pwb-brand","embeddable":true,"href":"https:\/\/skinstudio.ee\/lv\/wp-json\/wp\/v2\/pwb-brand?post=57685"},{"taxonomy":"product_brand","embeddable":true,"href":"https:\/\/skinstudio.ee\/lv\/wp-json\/wp\/v2\/product_brand?post=57685"},{"taxonomy":"product_cat","embeddable":true,"href":"https:\/\/skinstudio.ee\/lv\/wp-json\/wp\/v2\/product_cat?post=57685"},{"taxonomy":"product_tag","embeddable":true,"href":"https:\/\/skinstudio.ee\/lv\/wp-json\/wp\/v2\/product_tag?post=57685"},{"taxonomy":"giftcard-category","embeddable":true,"href":"https:\/\/skinstudio.ee\/lv\/wp-json\/wp\/v2\/giftcard-category?post=57685"}],"curies":[{"name":"wp","href":"https:\/\/api.w.org\/{rel}","templated":true}]}}