{"id":57703,"date":"2025-11-06T14:36:20","date_gmt":"2025-11-06T14:36:20","guid":{"rendered":"https:\/\/skinstudio.ee\/?post_type=product&#038;p=57703"},"modified":"2025-12-18T13:27:20","modified_gmt":"2025-12-18T13:27:20","slug":"endocare-tensage-concentrate","status":"publish","type":"product","link":"https:\/\/skinstudio.ee\/lv\/catalog\/cantabria-labs-lv\/endocare-tensage-concentrate\/","title":{"rendered":"Endocare Tensage Concentrate"},"content":{"rendered":"<p data-start=\"0\" data-end=\"298\"><strong data-start=\"7\" data-end=\"39\">Endocare Tensage Concentrate<\/strong> ir sp\u0113c\u012bga pretnoveco\u0161an\u0101s proced\u016bra ampul\u0101s, kas atjauno \u0101das bl\u012bvumu un elast\u012bbu, samazina grumbas un izl\u012bdzina \u0101das toni. Augsta akt\u012bvo vielu koncentr\u0101cija nodro\u0161ina t\u016bl\u012bt\u0113ju liftinga efektu, stiprina dermas strukt\u016bru un padara \u0101du svaigu un jaunekl\u012bgu.<\/p>\n<p data-start=\"300\" data-end=\"616\"><strong data-start=\"300\" data-end=\"334\">SCA\u00ae Growth Factor tehnolo\u0123ija<\/strong> stimul\u0113 dabisko \u0161\u016bnu re\u0123ener\u0101ciju, palielina kolag\u0113na sint\u0113zi un aizsarg\u0101 \u0101du no oksidat\u012bv\u0101 stresa. Pateicoties mitrino\u0161o, nostiprino\u0161o un izgaismojo\u0161o sast\u0101vda\u013cu kombin\u0101cijai, \u0101das tekst\u016bra uzlabojas, k\u013c\u016bstot glud\u0101ka, stingr\u0101ka un starojo\u0161\u0101ka jau p\u0113c pirmaj\u0101m lieto\u0161anas reiz\u0113m.<\/p>\n<p data-start=\"618\" data-end=\"650\"><strong data-start=\"618\" data-end=\"630\">Tilpums:<\/strong> 10 ampulas x 2 ml<\/p>\n","protected":false},"excerpt":{"rendered":"<p data-start=\"918\" data-end=\"977\">Intens\u012bvas pretnoveco\u0161an\u0101s ampulas ar liftinga efektu<\/p>\n<h2 data-start=\"979\" data-end=\"1251\"><strong data-start=\"979\" data-end=\"1037\">\u012apa\u0161\u012bbas Cantabria Labs &#8211; Endocare Tensage Concentrate<\/strong><\/h2>\n<p data-start=\"979\" data-end=\"1251\">\u2714\ufe0fAtjauno \u0101das bl\u012bvumu un elast\u012bbu<br data-start=\"1074\" data-end=\"1077\" \/>\u2714\ufe0fSamazina grumbas un izl\u012bdzina \u0101das toni<br data-start=\"1118\" data-end=\"1121\" \/>\u2714\ufe0fStimul\u0113 kolag\u0113na ra\u017eo\u0161anu un \u0161\u016bnu re\u0123ener\u0101ciju<br data-start=\"1169\" data-end=\"1172\" \/>\u2714\ufe0fAizsarg\u0101 \u0101du no oksidat\u012bv\u0101 stresa<br data-start=\"1207\" data-end=\"1210\" \/>\u2714\ufe0fPadara \u0101du gludu, svaigu un starojo\u0161u<\/p>\n","protected":false},"featured_media":91579,"template":"","meta":[],"pwb-brand":[1201],"product_brand":[],"product_cat":[749,723],"product_tag":[],"giftcard-category":[],"class_list":{"0":"post-57703","1":"product","2":"type-product","3":"status-publish","4":"has-post-thumbnail","6":"pwb-brand-cantabria-labs-lv","7":"product_cat-novecojosa-ada","8":"product_cat-serumi","10":"first","11":"instock","12":"taxable","13":"shipping-taxable","14":"purchasable","15":"product-type-simple"},"acf":[],"brands":[{"id":1201,"name":"Cantabria Labs","slug":"cantabria-labs-lv"}],"_links":{"self":[{"href":"https:\/\/skinstudio.ee\/lv\/wp-json\/wp\/v2\/product\/57703","targetHints":{"allow":["GET"]}}],"collection":[{"href":"https:\/\/skinstudio.ee\/lv\/wp-json\/wp\/v2\/product"}],"about":[{"href":"https:\/\/skinstudio.ee\/lv\/wp-json\/wp\/v2\/types\/product"}],"version-history":[{"count":0,"href":"https:\/\/skinstudio.ee\/lv\/wp-json\/wp\/v2\/product\/57703\/revisions"}],"wp:featuredmedia":[{"embeddable":true,"href":"https:\/\/skinstudio.ee\/lv\/wp-json\/wp\/v2\/media\/91579"}],"wp:attachment":[{"href":"https:\/\/skinstudio.ee\/lv\/wp-json\/wp\/v2\/media?parent=57703"}],"wp:term":[{"taxonomy":"pwb-brand","embeddable":true,"href":"https:\/\/skinstudio.ee\/lv\/wp-json\/wp\/v2\/pwb-brand?post=57703"},{"taxonomy":"product_brand","embeddable":true,"href":"https:\/\/skinstudio.ee\/lv\/wp-json\/wp\/v2\/product_brand?post=57703"},{"taxonomy":"product_cat","embeddable":true,"href":"https:\/\/skinstudio.ee\/lv\/wp-json\/wp\/v2\/product_cat?post=57703"},{"taxonomy":"product_tag","embeddable":true,"href":"https:\/\/skinstudio.ee\/lv\/wp-json\/wp\/v2\/product_tag?post=57703"},{"taxonomy":"giftcard-category","embeddable":true,"href":"https:\/\/skinstudio.ee\/lv\/wp-json\/wp\/v2\/giftcard-category?post=57703"}],"curies":[{"name":"wp","href":"https:\/\/api.w.org\/{rel}","templated":true}]}}