{"id":57719,"date":"2025-11-06T14:44:06","date_gmt":"2025-11-06T14:44:06","guid":{"rendered":"https:\/\/skinstudio.ee\/?post_type=product&#038;p=57719"},"modified":"2025-12-18T13:27:20","modified_gmt":"2025-12-18T13:27:20","slug":"endocare-tensage-ampoules","status":"publish","type":"product","link":"https:\/\/skinstudio.ee\/lv\/catalog\/cantabria-labs-lv\/endocare-tensage-ampoules\/","title":{"rendered":"Endocare Tensage Ampoules"},"content":{"rendered":"<p data-start=\"0\" data-end=\"377\"><strong data-start=\"7\" data-end=\"36\">Endocare Tensage Ampoules<\/strong> ir intens\u012bvas pretnoveco\u0161an\u0101s ampulas, kas \u012bpa\u0161i izstr\u0101d\u0101tas, lai atjaunotu \u0101das tvirtumu, bl\u012bvumu un elast\u012bbu. Formula apvieno inovat\u012bv\u0101s <strong data-start=\"176\" data-end=\"198\">SCA\u00ae Growth Factor<\/strong> un <strong data-start=\"202\" data-end=\"214\">Tensderm<\/strong> tehnolo\u0123ijas, kas aktiviz\u0113 dabiskos \u0101das atjauno\u0161an\u0101s procesus un stiprina dermas strukt\u016bru, efekt\u012bvi c\u012bnoties ar tonusa zudumu un pirmaj\u0101m noveco\u0161an\u0101s paz\u012bm\u0113m.<\/p>\n<p data-start=\"379\" data-end=\"687\">Akt\u012bvo vielu komplekss, bag\u0101tin\u0101ts ar mitrino\u0161\u0101m un izgaismojo\u0161\u0101m sast\u0101vda\u013c\u0101m, pal\u012bdz atjaunot optim\u0101lu mitruma l\u012bmeni, uzlabo \u0101das tekst\u016bru un pie\u0161\u0137ir sejai svaigu un vesel\u012bgu mirdzumu. Regul\u0101ri lietojot, ampulas izl\u012bdzina smalk\u0101s krunci\u0146as, palielina \u0101das bl\u012bvumu un padara to redzami jaun\u0101ku un kopt\u0101ku.<\/p>\n<p data-start=\"689\" data-end=\"1004\"><strong data-start=\"689\" data-end=\"718\">Endocare Tensage Ampoules<\/strong> ir piem\u0113rotas visiem \u0101das tipiem, t\u0101s var lietot gan k\u0101 patst\u0101v\u012bgu l\u012bdzekli, gan k\u0101 da\u013cu no ikdienas pretnoveco\u0161an\u0101s kop\u0161anas rut\u012bnas. T\u0101m ir viegla tekst\u016bra, kas \u0101tri ies\u016bcas, neatst\u0101jot taukainu saj\u016btu, un liftinga un mirdzuma efekts ir paman\u0101ms jau p\u0113c pirmaj\u0101m lieto\u0161anas reiz\u0113m.<\/p>\n<p data-start=\"1006\" data-end=\"1038\"><strong data-start=\"1006\" data-end=\"1018\">Tilpums:<\/strong> 10 ampulas x 2 ml<\/p>\n","protected":false},"excerpt":{"rendered":"<p data-start=\"1239\" data-end=\"1275\">Intens\u012bvas pretnoveco\u0161an\u0101s ampulas<\/p>\n<h2 data-start=\"1277\" data-end=\"1552\"><strong data-start=\"1277\" data-end=\"1332\">\u012apa\u0161\u012bbas Cantabria Labs &#8211; Endocare Tensage Ampoules<\/strong><\/h2>\n<p data-start=\"1277\" data-end=\"1552\">\u2714\ufe0fSniedz t\u016bl\u012bt\u0113ju liftinga efektu<br data-start=\"1368\" data-end=\"1371\" \/>\u2714\ufe0fAtjauno \u0101das tvirtumu un bl\u012bvumu<br data-start=\"1405\" data-end=\"1408\" \/>\u2714\ufe0fIntens\u012bvi mitrina un atsvaidzina \u0101du<br data-start=\"1446\" data-end=\"1449\" \/>\u2714\ufe0fStimul\u0113 \u0161\u016bnu atjauno\u0161anos un stiprina dermu<br data-start=\"1494\" data-end=\"1497\" \/>\u2714\ufe0fPiem\u0113rotas visiem \u0101das tipiem, tostarp jut\u012bgai \u0101dai<\/p>\n","protected":false},"featured_media":65172,"template":"","meta":[],"pwb-brand":[1201],"product_brand":[],"product_cat":[749,723],"product_tag":[],"giftcard-category":[],"class_list":{"0":"post-57719","1":"product","2":"type-product","3":"status-publish","4":"has-post-thumbnail","6":"pwb-brand-cantabria-labs-lv","7":"product_cat-novecojosa-ada","8":"product_cat-serumi","10":"first","11":"instock","12":"taxable","13":"shipping-taxable","14":"purchasable","15":"product-type-simple"},"acf":[],"brands":[{"id":1201,"name":"Cantabria Labs","slug":"cantabria-labs-lv"}],"_links":{"self":[{"href":"https:\/\/skinstudio.ee\/lv\/wp-json\/wp\/v2\/product\/57719","targetHints":{"allow":["GET"]}}],"collection":[{"href":"https:\/\/skinstudio.ee\/lv\/wp-json\/wp\/v2\/product"}],"about":[{"href":"https:\/\/skinstudio.ee\/lv\/wp-json\/wp\/v2\/types\/product"}],"version-history":[{"count":0,"href":"https:\/\/skinstudio.ee\/lv\/wp-json\/wp\/v2\/product\/57719\/revisions"}],"wp:featuredmedia":[{"embeddable":true,"href":"https:\/\/skinstudio.ee\/lv\/wp-json\/wp\/v2\/media\/65172"}],"wp:attachment":[{"href":"https:\/\/skinstudio.ee\/lv\/wp-json\/wp\/v2\/media?parent=57719"}],"wp:term":[{"taxonomy":"pwb-brand","embeddable":true,"href":"https:\/\/skinstudio.ee\/lv\/wp-json\/wp\/v2\/pwb-brand?post=57719"},{"taxonomy":"product_brand","embeddable":true,"href":"https:\/\/skinstudio.ee\/lv\/wp-json\/wp\/v2\/product_brand?post=57719"},{"taxonomy":"product_cat","embeddable":true,"href":"https:\/\/skinstudio.ee\/lv\/wp-json\/wp\/v2\/product_cat?post=57719"},{"taxonomy":"product_tag","embeddable":true,"href":"https:\/\/skinstudio.ee\/lv\/wp-json\/wp\/v2\/product_tag?post=57719"},{"taxonomy":"giftcard-category","embeddable":true,"href":"https:\/\/skinstudio.ee\/lv\/wp-json\/wp\/v2\/giftcard-category?post=57719"}],"curies":[{"name":"wp","href":"https:\/\/api.w.org\/{rel}","templated":true}]}}