{"id":57735,"date":"2025-11-06T14:51:54","date_gmt":"2025-11-06T14:51:54","guid":{"rendered":"https:\/\/skinstudio.ee\/?post_type=product&#038;p=57735"},"modified":"2025-12-18T13:27:21","modified_gmt":"2025-12-18T13:27:21","slug":"endocare-hydractive-micellar-solution","status":"publish","type":"product","link":"https:\/\/skinstudio.ee\/lv\/catalog\/cantabria-labs-lv\/endocare-hydractive-micellar-solution\/","title":{"rendered":"Endocare Hydractive Micellar Solution"},"content":{"rendered":"<p data-start=\"0\" data-end=\"326\"><strong data-start=\"7\" data-end=\"48\">Endocare Hydractive Micellar Solution<\/strong> ir maigs micel\u0101rais \u016bdens, kas efekt\u012bvi no\u0146em grimu, tostarp \u016bdensnotur\u012bgo, un dzi\u013ci att\u012bra \u0101du, nesaboj\u0101jot t\u0101s dabisko l\u012bdzsvaru. <strong data-start=\"181\" data-end=\"212\">Microbiome Recovery Complex<\/strong> pal\u012bdz atjaunot \u0101das aizsargbarjeru, uztur fiziolo\u0123isko pH un pasarg\u0101 \u0101du no apk\u0101rt\u0113j\u0101s vides stresa faktoriem.<\/p>\n<p data-start=\"328\" data-end=\"561\">\u0160is atsvaidzino\u0161ais un mitrino\u0161ais l\u012bdzeklis padara \u0101du maigu, gludu un elast\u012bgu, neradot sausuma vai savilkuma saj\u016btu. Piem\u0113rots visiem \u0101das tipiem, ar\u012b jut\u012bgai \u0101dai, un ikdienas lieto\u0161anai sejas un acu zonas att\u012br\u012b\u0161anai no grima.<\/p>\n<p data-start=\"563\" data-end=\"584\"><strong data-start=\"563\" data-end=\"575\">Tilpums:<\/strong> 100 ml \/ 400 ml<\/p>\n","protected":false},"excerpt":{"rendered":"<p data-start=\"694\" data-end=\"736\">Micel\u0101rais \u016bdens maigai \u0101das att\u012br\u012b\u0161anai<\/p>\n<h2 data-start=\"738\" data-end=\"1014\"><strong data-start=\"738\" data-end=\"805\">\u012apa\u0161\u012bbas Cantabria Labs &#8211; Endocare Hydractive Micellar Solution<\/strong><\/h2>\n<p data-start=\"738\" data-end=\"1014\">\u2714\ufe0fMaigi no\u0146em grimu un net\u012brumus<br data-start=\"840\" data-end=\"843\" \/>\u2714\ufe0fAtjauno \u0101das mikrobiomu un aizsargbarjeru<br data-start=\"886\" data-end=\"889\" \/>\u2714\ufe0fSaglab\u0101 dabisko pH un nov\u0113r\u0161 sausumu<br data-start=\"927\" data-end=\"930\" \/>\u2714\ufe0fMitrina, toniz\u0113 un atsvaidzina \u0101du<br data-start=\"966\" data-end=\"969\" \/>\u2714\ufe0fPiem\u0113rots visiem \u0101das tipiem, ar\u012b jut\u012bgai<\/p>\n","protected":false},"featured_media":65167,"template":"","meta":[],"pwb-brand":[1201],"product_brand":[],"product_cat":[715],"product_tag":[],"giftcard-category":[],"class_list":{"0":"post-57735","1":"product","2":"type-product","3":"status-publish","4":"has-post-thumbnail","6":"pwb-brand-cantabria-labs-lv","7":"product_cat-attirisana","8":"pa_suurus-100ml-lv","10":"first","11":"instock","12":"taxable","13":"shipping-taxable","14":"purchasable","15":"product-type-variable"},"acf":[],"brands":[{"id":1201,"name":"Cantabria Labs","slug":"cantabria-labs-lv"}],"_links":{"self":[{"href":"https:\/\/skinstudio.ee\/lv\/wp-json\/wp\/v2\/product\/57735","targetHints":{"allow":["GET"]}}],"collection":[{"href":"https:\/\/skinstudio.ee\/lv\/wp-json\/wp\/v2\/product"}],"about":[{"href":"https:\/\/skinstudio.ee\/lv\/wp-json\/wp\/v2\/types\/product"}],"version-history":[{"count":0,"href":"https:\/\/skinstudio.ee\/lv\/wp-json\/wp\/v2\/product\/57735\/revisions"}],"wp:featuredmedia":[{"embeddable":true,"href":"https:\/\/skinstudio.ee\/lv\/wp-json\/wp\/v2\/media\/65167"}],"wp:attachment":[{"href":"https:\/\/skinstudio.ee\/lv\/wp-json\/wp\/v2\/media?parent=57735"}],"wp:term":[{"taxonomy":"pwb-brand","embeddable":true,"href":"https:\/\/skinstudio.ee\/lv\/wp-json\/wp\/v2\/pwb-brand?post=57735"},{"taxonomy":"product_brand","embeddable":true,"href":"https:\/\/skinstudio.ee\/lv\/wp-json\/wp\/v2\/product_brand?post=57735"},{"taxonomy":"product_cat","embeddable":true,"href":"https:\/\/skinstudio.ee\/lv\/wp-json\/wp\/v2\/product_cat?post=57735"},{"taxonomy":"product_tag","embeddable":true,"href":"https:\/\/skinstudio.ee\/lv\/wp-json\/wp\/v2\/product_tag?post=57735"},{"taxonomy":"giftcard-category","embeddable":true,"href":"https:\/\/skinstudio.ee\/lv\/wp-json\/wp\/v2\/giftcard-category?post=57735"}],"curies":[{"name":"wp","href":"https:\/\/api.w.org\/{rel}","templated":true}]}}