{"id":57774,"date":"2025-11-06T15:09:29","date_gmt":"2025-11-06T15:09:29","guid":{"rendered":"https:\/\/skinstudio.ee\/?post_type=product&#038;p=57774"},"modified":"2025-12-18T13:27:21","modified_gmt":"2025-12-18T13:27:21","slug":"endocare-hyaluboost-age-barrier-serum","status":"publish","type":"product","link":"https:\/\/skinstudio.ee\/lv\/catalog\/cantabria-labs-lv\/endocare-hyaluboost-age-barrier-serum\/","title":{"rendered":"Endocare Hyaluboost Age Barrier Serum"},"content":{"rendered":"<p data-start=\"0\" data-end=\"380\"><strong data-start=\"7\" data-end=\"48\">Endocare Hyaluboost Age Barrier Serum<\/strong> ir augstas efektivit\u0101tes pretnoveco\u0161an\u0101s serums, kas stiprina \u0101das aizsargbarjeru, intens\u012bvi mitrina un atjauno elast\u012bbu. T\u0101 formula apvieno <strong data-start=\"190\" data-end=\"207\">hialuronsk\u0101bi<\/strong>, <strong data-start=\"209\" data-end=\"224\">B5 vitam\u012bnu<\/strong>, <strong data-start=\"226\" data-end=\"241\">niacinam\u012bdu<\/strong> un unik\u0101lo <strong data-start=\"253\" data-end=\"278\">EDAFENCE\u00ae tehnolo\u0123iju<\/strong>, kas pasarg\u0101 \u0101du no apk\u0101rt\u0113j\u0101s vides kait\u012bg\u0101s ietekmes un pal\u012bdz nov\u0113rst priek\u0161laic\u012bgu noveco\u0161anos.<\/p>\n<p data-start=\"382\" data-end=\"634\">Serums ir ide\u0101li piem\u0113rots dehidr\u0113tai, noguru\u0161ai un nobriedu\u0161ai \u0101dai ar pirmaj\u0101m noveco\u0161an\u0101s paz\u012bm\u0113m, k\u0101 ar\u012b jaun\u0101kai \u0101dai vesel\u012bgas barjeras uztur\u0113\u0161anai. Tas dzi\u013ci mitrina, samazina s\u012bkas grumbi\u0146as, uzlabo elast\u012bbu un pie\u0161\u0137ir \u0101dai vesel\u012bgu mirdzumu.<\/p>\n<p data-start=\"636\" data-end=\"796\"><strong data-start=\"636\" data-end=\"669\">Kl\u012bniski pier\u0101d\u012bti rezult\u0101ti:<\/strong><br data-start=\"669\" data-end=\"672\" \/>P\u0113c 1 ned\u0113\u013cas:<br data-start=\"686\" data-end=\"689\" \/>\u2022 Stiprin\u0101ta \u0101das barjera<br data-start=\"714\" data-end=\"717\" \/>\u2022 Intens\u012bva mitrin\u0101\u0161ana<br data-start=\"740\" data-end=\"743\" \/>\u2022 Rezult\u0101ti turpin\u0101ja uzlaboties, lietojot regul\u0101ri<\/p>\n<p data-start=\"798\" data-end=\"934\">P\u0113c 28 dien\u0101m:<br data-start=\"812\" data-end=\"815\" \/>\u2022 \u0100da k\u013cuva tvirt\u0101ka un elast\u012bg\u0101ka<br data-start=\"849\" data-end=\"852\" \/>\u2022 Samazin\u0101j\u0101s grumbu dzi\u013cums<br data-start=\"880\" data-end=\"883\" \/>\u2022 90% lietot\u0101ju paman\u012bja svaig\u0101ku un barot\u0101ku \u0101du<\/p>\n<p data-start=\"936\" data-end=\"956\"><strong data-start=\"936\" data-end=\"948\">Tilpums:<\/strong> 30 ml<\/p>\n","protected":false},"excerpt":{"rendered":"<p data-start=\"1080\" data-end=\"1139\">Pretnoveco\u0161an\u0101s serums \u0101das aizsargbarjeras stiprin\u0101\u0161anai<\/p>\n<h2 data-start=\"1141\" data-end=\"1420\"><strong data-start=\"1141\" data-end=\"1208\">\u012apa\u0161\u012bbas Cantabria Labs &#8211; Endocare Hyaluboost Age Barrier Serum<\/strong><\/h2>\n<p data-start=\"1141\" data-end=\"1420\">\u2714\ufe0fStiprina un nostiprina \u0101das barjeru<br data-start=\"1248\" data-end=\"1251\" \/>\u2714\ufe0fDzi\u013ci mitrina un padara \u0101du bl\u012bv\u0101ku<br data-start=\"1288\" data-end=\"1291\" \/>\u2714\ufe0fSamazina grumbas un uzlabo elast\u012bbu<br data-start=\"1328\" data-end=\"1331\" \/>\u2714\ufe0fAizsarg\u0101 \u0101du no vides stresa faktoriem<br data-start=\"1371\" data-end=\"1374\" \/>\u2714\ufe0fPie\u0161\u0137ir \u0101dai svaigumu, maigumu un mirdzumu<\/p>\n","protected":false},"featured_media":65162,"template":"","meta":[],"pwb-brand":[1201],"product_brand":[],"product_cat":[749,723],"product_tag":[],"giftcard-category":[],"class_list":{"0":"post-57774","1":"product","2":"type-product","3":"status-publish","4":"has-post-thumbnail","6":"pwb-brand-cantabria-labs-lv","7":"product_cat-novecojosa-ada","8":"product_cat-serumi","10":"first","11":"instock","12":"taxable","13":"shipping-taxable","14":"purchasable","15":"product-type-simple"},"acf":[],"brands":[{"id":1201,"name":"Cantabria Labs","slug":"cantabria-labs-lv"}],"_links":{"self":[{"href":"https:\/\/skinstudio.ee\/lv\/wp-json\/wp\/v2\/product\/57774","targetHints":{"allow":["GET"]}}],"collection":[{"href":"https:\/\/skinstudio.ee\/lv\/wp-json\/wp\/v2\/product"}],"about":[{"href":"https:\/\/skinstudio.ee\/lv\/wp-json\/wp\/v2\/types\/product"}],"version-history":[{"count":0,"href":"https:\/\/skinstudio.ee\/lv\/wp-json\/wp\/v2\/product\/57774\/revisions"}],"wp:featuredmedia":[{"embeddable":true,"href":"https:\/\/skinstudio.ee\/lv\/wp-json\/wp\/v2\/media\/65162"}],"wp:attachment":[{"href":"https:\/\/skinstudio.ee\/lv\/wp-json\/wp\/v2\/media?parent=57774"}],"wp:term":[{"taxonomy":"pwb-brand","embeddable":true,"href":"https:\/\/skinstudio.ee\/lv\/wp-json\/wp\/v2\/pwb-brand?post=57774"},{"taxonomy":"product_brand","embeddable":true,"href":"https:\/\/skinstudio.ee\/lv\/wp-json\/wp\/v2\/product_brand?post=57774"},{"taxonomy":"product_cat","embeddable":true,"href":"https:\/\/skinstudio.ee\/lv\/wp-json\/wp\/v2\/product_cat?post=57774"},{"taxonomy":"product_tag","embeddable":true,"href":"https:\/\/skinstudio.ee\/lv\/wp-json\/wp\/v2\/product_tag?post=57774"},{"taxonomy":"giftcard-category","embeddable":true,"href":"https:\/\/skinstudio.ee\/lv\/wp-json\/wp\/v2\/giftcard-category?post=57774"}],"curies":[{"name":"wp","href":"https:\/\/api.w.org\/{rel}","templated":true}]}}