{"id":57790,"date":"2025-11-06T15:21:34","date_gmt":"2025-11-06T15:21:34","guid":{"rendered":"https:\/\/skinstudio.ee\/?post_type=product&#038;p=57790"},"modified":"2025-12-18T13:27:21","modified_gmt":"2025-12-18T13:27:21","slug":"endocare-age-barrier-hyaluboost-eye-contour","status":"publish","type":"product","link":"https:\/\/skinstudio.ee\/lv\/catalog\/cantabria-labs-lv\/endocare-age-barrier-hyaluboost-eye-contour\/","title":{"rendered":"Endocare Age Barrier Hyaluboost Eye Contour"},"content":{"rendered":"<p data-start=\"0\" data-end=\"304\"><strong data-start=\"7\" data-end=\"54\">Endocare Age Barrier Hyaluboost Eye Contour<\/strong> ir vieglas tekst\u016bras mitrino\u0161s acu kr\u0113ms, kas samazina s\u012bkas grumbi\u0146as, noguruma paz\u012bmes un pie\u0161\u0137ir skatienam svaigumu un mirdzumu. T\u0101 formula apvieno <strong data-start=\"206\" data-end=\"223\">hialuronsk\u0101bi<\/strong> un <strong data-start=\"227\" data-end=\"242\">niacinam\u012bdu<\/strong>, kas dzi\u013ci mitrina, stiprina \u0101du un izl\u012bdzina t\u0101s tekst\u016bru.<\/p>\n<p data-start=\"306\" data-end=\"509\">Pateicoties <strong data-start=\"318\" data-end=\"344\">EDAFENCE\u00ae tehnolo\u0123ijai<\/strong>, kr\u0113ms aktiviz\u0113 un stiprina \u0101das aizsargbarjeru, aizsarg\u0101jot jut\u012bgo \u0101du ap ac\u012bm no apk\u0101rt\u0113j\u0101s vides kait\u012bg\u0101s ietekmes, pal\u012bdzot saglab\u0101t t\u0101s tvirtumu un elast\u012bbu.<\/p>\n<p data-start=\"511\" data-end=\"629\">Regul\u0101ri lietojot, \u0101da k\u013c\u016bst glud\u0101ka, tvirt\u0101ka un gai\u0161\u0101ka, samazin\u0101s noguruma un priek\u0161laic\u012bgas noveco\u0161an\u0101s paz\u012bmes.<\/p>\n<p data-start=\"631\" data-end=\"651\"><strong data-start=\"631\" data-end=\"643\">Tilpums:<\/strong> 15 ml<\/p>\n","protected":false},"excerpt":{"rendered":"<p data-start=\"818\" data-end=\"848\">Mitrino\u0161s acu kont\u016bras kr\u0113ms<\/p>\n<h2 data-start=\"850\" data-end=\"1131\"><strong data-start=\"850\" data-end=\"923\">\u012apa\u0161\u012bbas Cantabria Labs &#8211; Endocare Age Barrier Hyaluboost Eye Contour<\/strong><\/h2>\n<p data-start=\"850\" data-end=\"1131\">\u2714\ufe0fDzi\u013ci mitrina un m\u012bkstina \u0101du<br data-start=\"957\" data-end=\"960\" \/>\u2714\ufe0fSamazina smalk\u0101s krunci\u0146as un noguruma paz\u012bmes<br data-start=\"1008\" data-end=\"1011\" \/>\u2714\ufe0fApgaismo un atsvaidzina acu zonu<br data-start=\"1045\" data-end=\"1048\" \/>\u2714\ufe0fStiprina \u0101das aizsargbarjeru un uzlabo elast\u012bbu<br data-start=\"1097\" data-end=\"1100\" \/>\u2714\ufe0fAizsarg\u0101 jut\u012bgo \u0101du ap ac\u012bm<\/p>\n","protected":false},"featured_media":65157,"template":"","meta":[],"pwb-brand":[1201],"product_brand":[],"product_cat":[733,749],"product_tag":[],"giftcard-category":[],"class_list":{"0":"post-57790","1":"product","2":"type-product","3":"status-publish","4":"has-post-thumbnail","6":"pwb-brand-cantabria-labs-lv","7":"product_cat-ada-ap-acim","8":"product_cat-novecojosa-ada","10":"first","11":"instock","12":"taxable","13":"shipping-taxable","14":"purchasable","15":"product-type-simple"},"acf":[],"brands":[{"id":1201,"name":"Cantabria Labs","slug":"cantabria-labs-lv"}],"_links":{"self":[{"href":"https:\/\/skinstudio.ee\/lv\/wp-json\/wp\/v2\/product\/57790","targetHints":{"allow":["GET"]}}],"collection":[{"href":"https:\/\/skinstudio.ee\/lv\/wp-json\/wp\/v2\/product"}],"about":[{"href":"https:\/\/skinstudio.ee\/lv\/wp-json\/wp\/v2\/types\/product"}],"version-history":[{"count":0,"href":"https:\/\/skinstudio.ee\/lv\/wp-json\/wp\/v2\/product\/57790\/revisions"}],"wp:featuredmedia":[{"embeddable":true,"href":"https:\/\/skinstudio.ee\/lv\/wp-json\/wp\/v2\/media\/65157"}],"wp:attachment":[{"href":"https:\/\/skinstudio.ee\/lv\/wp-json\/wp\/v2\/media?parent=57790"}],"wp:term":[{"taxonomy":"pwb-brand","embeddable":true,"href":"https:\/\/skinstudio.ee\/lv\/wp-json\/wp\/v2\/pwb-brand?post=57790"},{"taxonomy":"product_brand","embeddable":true,"href":"https:\/\/skinstudio.ee\/lv\/wp-json\/wp\/v2\/product_brand?post=57790"},{"taxonomy":"product_cat","embeddable":true,"href":"https:\/\/skinstudio.ee\/lv\/wp-json\/wp\/v2\/product_cat?post=57790"},{"taxonomy":"product_tag","embeddable":true,"href":"https:\/\/skinstudio.ee\/lv\/wp-json\/wp\/v2\/product_tag?post=57790"},{"taxonomy":"giftcard-category","embeddable":true,"href":"https:\/\/skinstudio.ee\/lv\/wp-json\/wp\/v2\/giftcard-category?post=57790"}],"curies":[{"name":"wp","href":"https:\/\/api.w.org\/{rel}","templated":true}]}}