{"id":57807,"date":"2025-11-06T15:38:30","date_gmt":"2025-11-06T15:38:30","guid":{"rendered":"https:\/\/skinstudio.ee\/?post_type=product&#038;p=57807"},"modified":"2025-12-18T13:27:21","modified_gmt":"2025-12-18T13:27:21","slug":"endocare-age-barrier-niacinal-serum-gel","status":"publish","type":"product","link":"https:\/\/skinstudio.ee\/lv\/catalog\/cantabria-labs-lv\/endocare-age-barrier-niacinal-serum-gel\/","title":{"rendered":"Endocare Age Barrier Niacinal Serum Gel"},"content":{"rendered":"<p data-start=\"0\" data-end=\"316\"><strong data-start=\"7\" data-end=\"50\">Endocare Age Barrier Niacinal Serum Gel<\/strong> ir nomierino\u0161s serums-g\u0113ls ar 10% niacinam\u012bdu, kas paredz\u0113ts sausas, jut\u012bgas vai kairin\u0101tas \u0101das atjauno\u0161anai, baro\u0161anai un aizsardz\u012bbai. T\u0101 viegl\u0101, samtain\u0101 tekst\u016bra \u0101tri uzs\u016bcas, mazina dedzino\u0161u un savilktu saj\u016btu, atjaunojot komfortu un vesel\u012bgu \u0101das izskatu.<\/p>\n<p data-start=\"318\" data-end=\"608\">Formula satur <strong data-start=\"332\" data-end=\"362\">hialuronsk\u0101bi nanokapsul\u0101s<\/strong> dzi\u013cai mitrin\u0101\u0161anai un atjauno\u0161anai, k\u0101 ar\u012b patent\u0113to <strong data-start=\"417\" data-end=\"442\">EDAFENCE\u00ae tehnolo\u0123iju<\/strong>, kas stiprina \u0101das aizsargbarjeru, paaugstina struktur\u0101lo prote\u012bnu (lorikr\u012bna un filagr\u012bna) l\u012bmeni un pasarg\u0101 \u0101du no \u0101r\u0113j\u0101s vides pies\u0101r\u0146ojuma un stresa faktoriem.<\/p>\n<p data-start=\"610\" data-end=\"726\">Regul\u0101ra lieto\u0161ana pal\u012bdz atjaunot \u0101das l\u012bdzsvaru, samazin\u0101t jut\u012bgumu un stiprin\u0101t dabisko aizsardz\u012bbas meh\u0101nismu.<\/p>\n<p data-start=\"728\" data-end=\"748\"><strong data-start=\"728\" data-end=\"740\">Tilpums:<\/strong> 30 ml<\/p>\n","protected":false},"excerpt":{"rendered":"<p data-start=\"883\" data-end=\"935\">Nomierino\u0161s serums-g\u0113ls \u0101das barjeras atjauno\u0161anai<\/p>\n<h2 data-start=\"937\" data-end=\"1283\"><strong data-start=\"937\" data-end=\"1006\">\u012apa\u0161\u012bbas Cantabria Labs &#8211; Endocare Age Barrier Niacinal Serum Gel<\/strong><\/h2>\n<p data-start=\"937\" data-end=\"1283\">\u2714\ufe0fSatur 10% niacinam\u012bda \u0101das atjauno\u0161anai un stiprin\u0101\u0161anai<br data-start=\"1067\" data-end=\"1070\" \/>\u2714\ufe0fNomierina kairin\u0101tu un jut\u012bgu \u0101du<br data-start=\"1105\" data-end=\"1108\" \/>\u2714\ufe0fDzi\u013ci mitrina, pateicoties hialuronsk\u0101bei<br data-start=\"1151\" data-end=\"1154\" \/>\u2714\ufe0fStiprina \u0101das aizsargbarjeru un pasarg\u0101 no \u0101r\u0113jiem faktoriem<br data-start=\"1216\" data-end=\"1219\" \/>\u2714\ufe0fMazina dedzino\u0161u un savilktu saj\u016btu, padarot \u0101du komfortablu<\/p>\n","protected":false},"featured_media":91625,"template":"","meta":[],"pwb-brand":[1201],"product_brand":[],"product_cat":[745,749,723],"product_tag":[],"giftcard-category":[],"class_list":{"0":"post-57807","1":"product","2":"type-product","3":"status-publish","4":"has-post-thumbnail","6":"pwb-brand-cantabria-labs-lv","7":"product_cat-jutigai-adai","8":"product_cat-novecojosa-ada","9":"product_cat-serumi","11":"first","12":"instock","13":"taxable","14":"shipping-taxable","15":"purchasable","16":"product-type-simple"},"acf":[],"brands":[{"id":1201,"name":"Cantabria Labs","slug":"cantabria-labs-lv"}],"_links":{"self":[{"href":"https:\/\/skinstudio.ee\/lv\/wp-json\/wp\/v2\/product\/57807","targetHints":{"allow":["GET"]}}],"collection":[{"href":"https:\/\/skinstudio.ee\/lv\/wp-json\/wp\/v2\/product"}],"about":[{"href":"https:\/\/skinstudio.ee\/lv\/wp-json\/wp\/v2\/types\/product"}],"version-history":[{"count":0,"href":"https:\/\/skinstudio.ee\/lv\/wp-json\/wp\/v2\/product\/57807\/revisions"}],"wp:featuredmedia":[{"embeddable":true,"href":"https:\/\/skinstudio.ee\/lv\/wp-json\/wp\/v2\/media\/91625"}],"wp:attachment":[{"href":"https:\/\/skinstudio.ee\/lv\/wp-json\/wp\/v2\/media?parent=57807"}],"wp:term":[{"taxonomy":"pwb-brand","embeddable":true,"href":"https:\/\/skinstudio.ee\/lv\/wp-json\/wp\/v2\/pwb-brand?post=57807"},{"taxonomy":"product_brand","embeddable":true,"href":"https:\/\/skinstudio.ee\/lv\/wp-json\/wp\/v2\/product_brand?post=57807"},{"taxonomy":"product_cat","embeddable":true,"href":"https:\/\/skinstudio.ee\/lv\/wp-json\/wp\/v2\/product_cat?post=57807"},{"taxonomy":"product_tag","embeddable":true,"href":"https:\/\/skinstudio.ee\/lv\/wp-json\/wp\/v2\/product_tag?post=57807"},{"taxonomy":"giftcard-category","embeddable":true,"href":"https:\/\/skinstudio.ee\/lv\/wp-json\/wp\/v2\/giftcard-category?post=57807"}],"curies":[{"name":"wp","href":"https:\/\/api.w.org\/{rel}","templated":true}]}}