{"id":57833,"date":"2025-11-06T15:47:15","date_gmt":"2025-11-06T15:47:15","guid":{"rendered":"https:\/\/skinstudio.ee\/?post_type=product&#038;p=57833"},"modified":"2026-04-09T09:42:37","modified_gmt":"2026-04-09T09:42:37","slug":"endocare-renewal-intensive-retinol-serum","status":"publish","type":"product","link":"https:\/\/skinstudio.ee\/lv\/catalog\/cantabria-labs-lv\/endocare-renewal-intensive-retinol-serum\/","title":{"rendered":"Endocare Renewal Intensive Retinol Serum"},"content":{"rendered":"<p data-start=\"3448\" data-end=\"3847\"><strong data-start=\"3448\" data-end=\"3533\">Endocare Renewal Intensive Retinol Serum no <span class=\"hover:entity-accent entity-underline inline cursor-pointer align-baseline\"><span class=\"whitespace-normal\">Cantabria Labs<\/span><\/span><\/strong> ir augstas efektivit\u0101tes pretnoveco\u0161an\u0101s serums, kas paredz\u0113ts intens\u012bvai \u0101das atjauno\u0161anai, izl\u012bdzin\u0101\u0161anai un atjauno\u0161anai. Formula balst\u012bta uz patent\u0113to RetinSphere\u00ae tehnolo\u0123iju, kas apvieno divus stabilus retino\u012bdus mikrosf\u0113r\u0101s kontrol\u0113tai izdal\u012b\u0161anai, nodro\u0161inot sp\u0113c\u012bgu iedarb\u012bbu ar maz\u0101ku kairin\u0101juma risku.<\/p>\n<p data-start=\"3849\" data-end=\"4156\">Serums stimul\u0113 \u0161\u016bnu atjauno\u0161anos, veicina \u0101das re\u0123ener\u0101ciju un kolag\u0113na sint\u0113zi, pal\u012bdzot uzlabot \u0101das bl\u012bvumu, elast\u012bbu un gludumu. Tas iedarbojas uz grumb\u0101m, nevienm\u0113r\u012bgu tekst\u016bru, bl\u0101vumu un fotonoveco\u0161an\u0101s paz\u012bm\u0113m. Bez\u016bdens tekst\u016bra \u0101tri uzs\u016bcas, neatst\u0101j taukainu saj\u016btu un pie\u0161\u0137ir \u0101dai z\u012bdainu fini\u0161u.<\/p>\n<p data-start=\"4158\" data-end=\"4420\">Produkts pieejams da\u017e\u0101d\u0101s retinola koncentr\u0101cij\u0101s <strong>(0,2%, 0,3% un 0,5%)<\/strong>, kas \u013cauj pak\u0101peniski palielin\u0101t intensit\u0101ti \u2014 s\u0101kot ar zem\u0101ku koncentr\u0101ciju un palielinot to, \u0101dai piel\u0101gojoties. Tas pal\u012bdz sasniegt lab\u0101kus rezult\u0101tus un nodro\u0161ina komfortabl\u0101ku lieto\u0161anu.<\/p>\n<p data-start=\"4422\" data-end=\"4571\">Regul\u0101ra lieto\u0161ana pal\u012bdz padar\u012bt \u0101du vienm\u0113r\u012bg\u0101ku, starojo\u0161\u0101ku un vizu\u0101li jaun\u0101ku. Ide\u0101li piem\u0113rots vakara kop\u0161anai un intens\u012bvai \u0101das atjauno\u0161anai.<\/p>\n<p data-start=\"4573\" data-end=\"4591\"><strong data-start=\"4573\" data-end=\"4591\">Tilpums: 30 ml<\/strong><\/p>\n","protected":false},"excerpt":{"rendered":"<p data-start=\"1346\" data-end=\"1402\">Atjaunojo\u0161s retinola serums \u0101das mirdzumam un gludumam<\/p>\n<h2 data-start=\"1404\" data-end=\"1713\"><strong data-start=\"1404\" data-end=\"1474\">\u012apa\u0161\u012bbas Cantabria Labs &#8211; Endocare Renewal Intensive Retinol Serum<\/strong><\/h2>\n<p data-start=\"1404\" data-end=\"1713\">\u2714\ufe0fIntens\u012bvi atjauno un izl\u012bdzina \u0101du<br data-start=\"1513\" data-end=\"1516\" \/>\u2714\ufe0fSamazina krunci\u0146as un uzlabo \u0101das bl\u012bvumu<br data-start=\"1559\" data-end=\"1562\" \/>\u2714\ufe0fStimul\u0113 \u0161\u016bnu re\u0123ener\u0101ciju un kolag\u0113na ra\u017eo\u0161anu<br data-start=\"1610\" data-end=\"1613\" \/>\u2714\ufe0fPie\u0161\u0137ir \u0101dai vesel\u012bgu mirdzumu un svaigumu<br data-start=\"1657\" data-end=\"1660\" \/>\u2714\ufe0fNodro\u0161ina sp\u0113c\u012bgu retinola efektu bez kairin\u0101juma<\/p>\n","protected":false},"featured_media":65146,"template":"","meta":[],"pwb-brand":[1201],"product_brand":[],"product_cat":[727,749,723],"product_tag":[],"giftcard-category":[],"class_list":{"0":"post-57833","1":"product","2":"type-product","3":"status-publish","4":"has-post-thumbnail","6":"pwb-brand-cantabria-labs-lv","7":"product_cat-a-vitamins-retinols","8":"product_cat-novecojosa-ada","9":"product_cat-serumi","11":"first","12":"instock","13":"taxable","14":"shipping-taxable","15":"purchasable","16":"product-type-variable"},"acf":[],"brands":[{"id":1201,"name":"Cantabria Labs","slug":"cantabria-labs-lv"}],"_links":{"self":[{"href":"https:\/\/skinstudio.ee\/lv\/wp-json\/wp\/v2\/product\/57833","targetHints":{"allow":["GET"]}}],"collection":[{"href":"https:\/\/skinstudio.ee\/lv\/wp-json\/wp\/v2\/product"}],"about":[{"href":"https:\/\/skinstudio.ee\/lv\/wp-json\/wp\/v2\/types\/product"}],"version-history":[{"count":1,"href":"https:\/\/skinstudio.ee\/lv\/wp-json\/wp\/v2\/product\/57833\/revisions"}],"predecessor-version":[{"id":90158,"href":"https:\/\/skinstudio.ee\/lv\/wp-json\/wp\/v2\/product\/57833\/revisions\/90158"}],"wp:featuredmedia":[{"embeddable":true,"href":"https:\/\/skinstudio.ee\/lv\/wp-json\/wp\/v2\/media\/65146"}],"wp:attachment":[{"href":"https:\/\/skinstudio.ee\/lv\/wp-json\/wp\/v2\/media?parent=57833"}],"wp:term":[{"taxonomy":"pwb-brand","embeddable":true,"href":"https:\/\/skinstudio.ee\/lv\/wp-json\/wp\/v2\/pwb-brand?post=57833"},{"taxonomy":"product_brand","embeddable":true,"href":"https:\/\/skinstudio.ee\/lv\/wp-json\/wp\/v2\/product_brand?post=57833"},{"taxonomy":"product_cat","embeddable":true,"href":"https:\/\/skinstudio.ee\/lv\/wp-json\/wp\/v2\/product_cat?post=57833"},{"taxonomy":"product_tag","embeddable":true,"href":"https:\/\/skinstudio.ee\/lv\/wp-json\/wp\/v2\/product_tag?post=57833"},{"taxonomy":"giftcard-category","embeddable":true,"href":"https:\/\/skinstudio.ee\/lv\/wp-json\/wp\/v2\/giftcard-category?post=57833"}],"curies":[{"name":"wp","href":"https:\/\/api.w.org\/{rel}","templated":true}]}}