{"id":57885,"date":"2025-11-06T16:18:19","date_gmt":"2025-11-06T16:18:19","guid":{"rendered":"https:\/\/skinstudio.ee\/?post_type=product&#038;p=57885"},"modified":"2025-12-18T13:27:21","modified_gmt":"2025-12-18T13:27:21","slug":"endocare-renewal-comfort-cream","status":"publish","type":"product","link":"https:\/\/skinstudio.ee\/lv\/catalog\/cantabria-labs-lv\/endocare-renewal-comfort-cream\/","title":{"rendered":"Endocare Renewal Comfort Cream"},"content":{"rendered":"<p data-start=\"0\" data-end=\"356\"><strong data-start=\"5\" data-end=\"39\">Endocare Renewal Comfort Cream<\/strong> ir viegls atjaunojo\u0161s kr\u0113ms ar <strong data-start=\"71\" data-end=\"88\">0,2% retin\u0101lu<\/strong>, kas izstr\u0101d\u0101ts intens\u012bvai jut\u012bgas, kairin\u0101tas un dehidr\u0113tas \u0101das kop\u0161anai. T\u0101 formula apvieno mitrino\u0161as, nomierino\u0161as un \u0101das barjeru stiprino\u0161as akt\u012bv\u0101s vielas, kas nekav\u0113joties mazina diskomfortu, aps\u0101rtumu un savilkuma saj\u016btu, padarot \u0101du maigu un komfortablu.<\/p>\n<p data-start=\"358\" data-end=\"713\">RetinSphere\u00ae tehnolo\u0123ija ar 0,2% retin\u0101lu maigi aktiviz\u0113 \u0161\u016bnu atjauno\u0161an\u0101s procesus, stimul\u0113 kolag\u0113na sint\u0113zi un uzlabo \u0101das tekst\u016bru, neradot kairin\u0101jumu. Patentu aizsarg\u0101t\u0101 EDAFENCE\u00ae tehnolo\u0123ija aizsarg\u0101 \u0101du no apk\u0101rt\u0113j\u0101s vides ietekmes \u2013 pies\u0101r\u0146ojuma, stresa un temperat\u016bras sv\u0101rst\u012bb\u0101m \u2013 vienlaikus stiprinot t\u0101s aizsargbarjeru un uzlabojot notur\u012bbu.<\/p>\n<p data-start=\"715\" data-end=\"954\">Viegl\u0101, bet barojo\u0161\u0101 tekst\u016bra \u0101tri ies\u016bcas, neatst\u0101jot taukainu k\u0101rtu, un sniedz t\u016bl\u012bt\u0113ju komfortu pat \u013coti jut\u012bgai \u0101dai. Regul\u0101ri lietojot, \u0101da k\u013c\u016bst glud\u0101ka, mitrin\u0101ta un l\u012bdzsvarota, un t\u0101s aizsargfunkcijas k\u013c\u016bst iev\u0113rojami stipr\u0101kas.<\/p>\n<p data-start=\"956\" data-end=\"976\"><strong data-start=\"956\" data-end=\"968\">Tilpums:<\/strong> 50 ml<\/p>\n","protected":false},"excerpt":{"rendered":"<p data-start=\"1102\" data-end=\"1170\">Mitrino\u0161s kr\u0113ms \u0101das atjauno\u0161anai un aizsargbarjeras stiprin\u0101\u0161anai<\/p>\n<h2 data-start=\"1172\" data-end=\"1459\"><strong data-start=\"1172\" data-end=\"1232\">\u012apa\u0161\u012bbas Cantabria Labs &#8211; Endocare Renewal Comfort Cream<\/strong><\/h2>\n<p data-start=\"1172\" data-end=\"1459\">\u2714\ufe0fNomierina kairin\u0101tu \u0101du un mazina aps\u0101rtumu<br data-start=\"1280\" data-end=\"1283\" \/>\u2714\ufe0fAtjauno un stiprina \u0101das aizsargbarjeru<br data-start=\"1324\" data-end=\"1327\" \/>\u2714\ufe0fVeicina dabisko \u0161\u016bnu atjauno\u0161anos<br data-start=\"1362\" data-end=\"1365\" \/>\u2714\ufe0fAizsarg\u0101 \u0101du no \u0101r\u0113jiem faktoriem<br data-start=\"1400\" data-end=\"1403\" \/>\u2714\ufe0fNodro\u0161ina dzi\u013cu mitrin\u0101\u0161anu un komfortu jut\u012bgai \u0101dai<\/p>\n","protected":false},"featured_media":65136,"template":"","meta":[],"pwb-brand":[1201],"product_brand":[],"product_cat":[727,737,749],"product_tag":[],"giftcard-category":[],"class_list":{"0":"post-57885","1":"product","2":"type-product","3":"status-publish","4":"has-post-thumbnail","6":"pwb-brand-cantabria-labs-lv","7":"product_cat-a-vitamins-retinols","8":"product_cat-mitrinasana","9":"product_cat-novecojosa-ada","11":"first","12":"instock","13":"taxable","14":"shipping-taxable","15":"purchasable","16":"product-type-simple"},"acf":[],"brands":[{"id":1201,"name":"Cantabria Labs","slug":"cantabria-labs-lv"}],"_links":{"self":[{"href":"https:\/\/skinstudio.ee\/lv\/wp-json\/wp\/v2\/product\/57885","targetHints":{"allow":["GET"]}}],"collection":[{"href":"https:\/\/skinstudio.ee\/lv\/wp-json\/wp\/v2\/product"}],"about":[{"href":"https:\/\/skinstudio.ee\/lv\/wp-json\/wp\/v2\/types\/product"}],"version-history":[{"count":0,"href":"https:\/\/skinstudio.ee\/lv\/wp-json\/wp\/v2\/product\/57885\/revisions"}],"wp:featuredmedia":[{"embeddable":true,"href":"https:\/\/skinstudio.ee\/lv\/wp-json\/wp\/v2\/media\/65136"}],"wp:attachment":[{"href":"https:\/\/skinstudio.ee\/lv\/wp-json\/wp\/v2\/media?parent=57885"}],"wp:term":[{"taxonomy":"pwb-brand","embeddable":true,"href":"https:\/\/skinstudio.ee\/lv\/wp-json\/wp\/v2\/pwb-brand?post=57885"},{"taxonomy":"product_brand","embeddable":true,"href":"https:\/\/skinstudio.ee\/lv\/wp-json\/wp\/v2\/product_brand?post=57885"},{"taxonomy":"product_cat","embeddable":true,"href":"https:\/\/skinstudio.ee\/lv\/wp-json\/wp\/v2\/product_cat?post=57885"},{"taxonomy":"product_tag","embeddable":true,"href":"https:\/\/skinstudio.ee\/lv\/wp-json\/wp\/v2\/product_tag?post=57885"},{"taxonomy":"giftcard-category","embeddable":true,"href":"https:\/\/skinstudio.ee\/lv\/wp-json\/wp\/v2\/giftcard-category?post=57885"}],"curies":[{"name":"wp","href":"https:\/\/api.w.org\/{rel}","templated":true}]}}