{"id":57917,"date":"2025-11-06T16:37:12","date_gmt":"2025-11-06T16:37:12","guid":{"rendered":"https:\/\/skinstudio.ee\/?post_type=product&#038;p=57917"},"modified":"2025-12-18T13:27:21","modified_gmt":"2025-12-18T13:27:21","slug":"endocare-glycoperfect-az-intensive-serum","status":"publish","type":"product","link":"https:\/\/skinstudio.ee\/lv\/catalog\/cantabria-labs-lv\/endocare-glycoperfect-az-intensive-serum\/","title":{"rendered":"Endocare Glycoperfect [Az] Intensive Serum"},"content":{"rendered":"<p data-start=\"72\" data-end=\"415\"><strong>Endocare Glycoperfect [Az] Intensive Serum<\/strong> ir intens\u012bvs pretnoveco\u0161an\u0101s serums ar AHA glikolsk\u0101bi, kas izstr\u0101d\u0101ts, lai dzi\u013ci atjaunotu un izl\u012bdzin\u0101tu \u0101das tekst\u016bru. T\u0101 formula maigi noloba atmiru\u0161\u0101s \u0161\u016bnas, pa\u0101trina re\u0123ener\u0101ciju un padara \u0101du glud\u0101ku un starojo\u0161\u0101ku. Serums efekt\u012bvi samazina grumbas, atjauno svaigumu un uzlabo \u0101das tvirtumu.<\/p>\n<p data-start=\"417\" data-end=\"653\">Serums uzlabo \u0101das strukt\u016bru un elast\u012bbu, atjaunojot vienm\u0113r\u012bgu toni un maigumu. Regul\u0101ri lietojot, Endocare Glycoperfect [Az] Intensive Serum padara \u0101du vienm\u0113r\u012bg\u0101ku, atjaunotu un kopta izskata, nodro\u0161inot redzamu atjaunojo\u0161u efektu.<\/p>\n<p data-start=\"655\" data-end=\"839\">Kl\u012bniskie p\u0113t\u012bjumi apstiprina redzamus rezult\u0101tus jau p\u0113c 28 dien\u0101m:<br data-start=\"723\" data-end=\"726\" \/>\u2714\ufe0f 100% paman\u012bja glud\u0101ku \u0101du<br data-start=\"754\" data-end=\"757\" \/>\u2714\ufe0f 95% nov\u0113roja vienm\u0113r\u012bg\u0101ku toni un maigumu<br data-start=\"801\" data-end=\"804\" \/>\u2714\ufe0f 90% atz\u012bm\u0113ja uzlabotu tekst\u016bru<\/p>\n<p data-start=\"841\" data-end=\"865\"><strong data-start=\"841\" data-end=\"853\">Tilpums:<\/strong> <strong data-start=\"854\" data-end=\"863\">50 ml<\/strong><\/p>\n","protected":false},"excerpt":{"rendered":"<p data-start=\"1070\" data-end=\"1125\">Atjaunojo\u0161s serums \u0101das izl\u012bdzin\u0101\u0161anai un uzlabo\u0161anai<\/p>\n<h2 data-start=\"1127\" data-end=\"1406\"><strong data-start=\"1127\" data-end=\"1199\">\u012apa\u0161\u012bbas Cantabria Labs &#8211; Endocare Glycoperfect [Az] Intensive Serum<\/strong><\/h2>\n<p data-start=\"1127\" data-end=\"1406\">\u2714\ufe0f Palielina \u0101das bl\u012bvumu un elast\u012bbu<br data-start=\"1239\" data-end=\"1242\" \/>\u2714\ufe0f Atjauno dabisko mirdzumu un gludumu<br data-start=\"1280\" data-end=\"1283\" \/>\u2714\ufe0f Samazina redzam\u0101s noveco\u0161an\u0101s paz\u012bmes<br data-start=\"1323\" data-end=\"1326\" \/>\u2714\ufe0f Uzlabo mikroreljefu un izl\u012bdzina toni<br data-start=\"1366\" data-end=\"1369\" \/>\u2714\ufe0f Sniedz \u0101dai svaigumu un komfortu<\/p>\n","protected":false},"featured_media":91671,"template":"","meta":[],"pwb-brand":[1201],"product_brand":[],"product_cat":[749,723],"product_tag":[],"giftcard-category":[],"class_list":{"0":"post-57917","1":"product","2":"type-product","3":"status-publish","4":"has-post-thumbnail","6":"pwb-brand-cantabria-labs-lv","7":"product_cat-novecojosa-ada","8":"product_cat-serumi","10":"first","11":"instock","12":"taxable","13":"shipping-taxable","14":"purchasable","15":"product-type-simple"},"acf":[],"brands":[{"id":1201,"name":"Cantabria Labs","slug":"cantabria-labs-lv"}],"_links":{"self":[{"href":"https:\/\/skinstudio.ee\/lv\/wp-json\/wp\/v2\/product\/57917","targetHints":{"allow":["GET"]}}],"collection":[{"href":"https:\/\/skinstudio.ee\/lv\/wp-json\/wp\/v2\/product"}],"about":[{"href":"https:\/\/skinstudio.ee\/lv\/wp-json\/wp\/v2\/types\/product"}],"version-history":[{"count":0,"href":"https:\/\/skinstudio.ee\/lv\/wp-json\/wp\/v2\/product\/57917\/revisions"}],"wp:featuredmedia":[{"embeddable":true,"href":"https:\/\/skinstudio.ee\/lv\/wp-json\/wp\/v2\/media\/91671"}],"wp:attachment":[{"href":"https:\/\/skinstudio.ee\/lv\/wp-json\/wp\/v2\/media?parent=57917"}],"wp:term":[{"taxonomy":"pwb-brand","embeddable":true,"href":"https:\/\/skinstudio.ee\/lv\/wp-json\/wp\/v2\/pwb-brand?post=57917"},{"taxonomy":"product_brand","embeddable":true,"href":"https:\/\/skinstudio.ee\/lv\/wp-json\/wp\/v2\/product_brand?post=57917"},{"taxonomy":"product_cat","embeddable":true,"href":"https:\/\/skinstudio.ee\/lv\/wp-json\/wp\/v2\/product_cat?post=57917"},{"taxonomy":"product_tag","embeddable":true,"href":"https:\/\/skinstudio.ee\/lv\/wp-json\/wp\/v2\/product_tag?post=57917"},{"taxonomy":"giftcard-category","embeddable":true,"href":"https:\/\/skinstudio.ee\/lv\/wp-json\/wp\/v2\/giftcard-category?post=57917"}],"curies":[{"name":"wp","href":"https:\/\/api.w.org\/{rel}","templated":true}]}}