{"id":57935,"date":"2025-11-07T08:18:58","date_gmt":"2025-11-07T08:18:58","guid":{"rendered":"https:\/\/skinstudio.ee\/?post_type=product&#038;p=57935"},"modified":"2025-12-18T13:27:21","modified_gmt":"2025-12-18T13:27:21","slug":"endocare-glycoperfect-az-creamy-cleanser","status":"publish","type":"product","link":"https:\/\/skinstudio.ee\/lv\/catalog\/cantabria-labs-lv\/endocare-glycoperfect-az-creamy-cleanser\/","title":{"rendered":"Endocare Glycoperfect [Az] Creamy Cleanser"},"content":{"rendered":"<p data-start=\"72\" data-end=\"543\">Endocare Glycoperfect [Az] Creamy Cleanser ir maigs kr\u0113mveida g\u0113la t\u012br\u012b\u0161anas l\u012bdzeklis ar 15% AHA sk\u0101b\u0113m, kas paredz\u0113ts dzi\u013cai \u0101das att\u012br\u012b\u0161anai un atjauno\u0161anai. T\u0101 formula saudz\u012bgi noloba atmiru\u0161\u0101s \u0161\u016bnas, no\u0146em net\u012brumus un lieko sebumu, pal\u012bdzot atsvaidzin\u0101t, izgaismot un izl\u012bdzin\u0101t \u0101du. Endocare Glycoperfect [Az] Creamy Cleanser ir ide\u0101li piem\u0113rots \u0101dai ar noveco\u0161an\u0101s paz\u012bm\u0113m, saules boj\u0101jumiem un nevienm\u0113r\u012bgu tekst\u016bru, atjaunojot tai t\u012br\u012bbu un vesel\u012bgu mirdzumu.<\/p>\n<p data-start=\"545\" data-end=\"776\">T\u012br\u012b\u0161anas l\u012bdzeklis uzlabo \u0101das strukt\u016bru, pal\u012bdz samazin\u0101t poru redzam\u012bbu un izl\u012bdzina toni. Kl\u012bniskie p\u0113t\u012bjumi apstiprina lielisku panesam\u012bbu un redzamu efektivit\u0101ti \u2013 regul\u0101ri lietojot, \u0101da k\u013c\u016bst maig\u0101ka, glud\u0101ka un atjaunota.<\/p>\n<p data-start=\"778\" data-end=\"944\"><strong data-start=\"778\" data-end=\"829\">Kl\u012bnisko p\u0113t\u012bjumu rezult\u0101ti ikdienas lieto\u0161an\u0101:<\/strong><br data-start=\"829\" data-end=\"832\" \/>\u2714\ufe0f 89% paman\u012bja, ka \u0101da k\u013cuva glud\u0101ka<br data-start=\"869\" data-end=\"872\" \/>\u2714\ufe0f 87% nov\u0113roja t\u012br\u0101kas poras<br data-start=\"901\" data-end=\"904\" \/>\u2714\ufe0f 80% atz\u012bm\u0113ja starojo\u0161\u0101ku sejas toni<\/p>\n<p data-start=\"946\" data-end=\"971\"><strong data-start=\"946\" data-end=\"958\">Tilpums:<\/strong> <strong data-start=\"959\" data-end=\"969\">150 ml<\/strong><\/p>\n","protected":false},"excerpt":{"rendered":"<p data-start=\"1247\" data-end=\"1312\">Maigs t\u012br\u012b\u0161anas l\u012bdzeklis \u0101das atjauno\u0161anai un atsvaidzin\u0101\u0161anai<\/p>\n<h2 data-start=\"1314\" data-end=\"1591\"><strong data-start=\"1314\" data-end=\"1386\">\u012apa\u0161\u012bbas Cantabria Labs &#8211; Endocare Glycoperfect [Az] Creamy Cleanser<\/strong><\/h2>\n<p data-start=\"1314\" data-end=\"1591\">\u2714\ufe0f Dzi\u013ci att\u012bra \u0101du, saglab\u0101jot t\u0101s l\u012bdzsvaru<br data-start=\"1434\" data-end=\"1437\" \/>\u2714\ufe0f Atsvaidzina un uzlabo \u0101das virsmu<br data-start=\"1473\" data-end=\"1476\" \/>\u2714\ufe0f Samazina poru un nel\u012bdzenumu redzam\u012bbu<br data-start=\"1517\" data-end=\"1520\" \/>\u2714\ufe0f Padara \u0101du maigu, t\u012bru un gludu<br data-start=\"1554\" data-end=\"1557\" \/>\u2714\ufe0f Atjauno \u0101das dabisko mirdzumu<\/p>\n","protected":false},"featured_media":65126,"template":"","meta":[],"pwb-brand":[1201],"product_brand":[],"product_cat":[715,749],"product_tag":[],"giftcard-category":[],"class_list":{"0":"post-57935","1":"product","2":"type-product","3":"status-publish","4":"has-post-thumbnail","6":"pwb-brand-cantabria-labs-lv","7":"product_cat-attirisana","8":"product_cat-novecojosa-ada","10":"first","11":"instock","12":"taxable","13":"shipping-taxable","14":"purchasable","15":"product-type-simple"},"acf":[],"brands":[{"id":1201,"name":"Cantabria Labs","slug":"cantabria-labs-lv"}],"_links":{"self":[{"href":"https:\/\/skinstudio.ee\/lv\/wp-json\/wp\/v2\/product\/57935","targetHints":{"allow":["GET"]}}],"collection":[{"href":"https:\/\/skinstudio.ee\/lv\/wp-json\/wp\/v2\/product"}],"about":[{"href":"https:\/\/skinstudio.ee\/lv\/wp-json\/wp\/v2\/types\/product"}],"version-history":[{"count":0,"href":"https:\/\/skinstudio.ee\/lv\/wp-json\/wp\/v2\/product\/57935\/revisions"}],"wp:featuredmedia":[{"embeddable":true,"href":"https:\/\/skinstudio.ee\/lv\/wp-json\/wp\/v2\/media\/65126"}],"wp:attachment":[{"href":"https:\/\/skinstudio.ee\/lv\/wp-json\/wp\/v2\/media?parent=57935"}],"wp:term":[{"taxonomy":"pwb-brand","embeddable":true,"href":"https:\/\/skinstudio.ee\/lv\/wp-json\/wp\/v2\/pwb-brand?post=57935"},{"taxonomy":"product_brand","embeddable":true,"href":"https:\/\/skinstudio.ee\/lv\/wp-json\/wp\/v2\/product_brand?post=57935"},{"taxonomy":"product_cat","embeddable":true,"href":"https:\/\/skinstudio.ee\/lv\/wp-json\/wp\/v2\/product_cat?post=57935"},{"taxonomy":"product_tag","embeddable":true,"href":"https:\/\/skinstudio.ee\/lv\/wp-json\/wp\/v2\/product_tag?post=57935"},{"taxonomy":"giftcard-category","embeddable":true,"href":"https:\/\/skinstudio.ee\/lv\/wp-json\/wp\/v2\/giftcard-category?post=57935"}],"curies":[{"name":"wp","href":"https:\/\/api.w.org\/{rel}","templated":true}]}}