{"id":57957,"date":"2025-11-07T08:31:39","date_gmt":"2025-11-07T08:31:39","guid":{"rendered":"https:\/\/skinstudio.ee\/?post_type=product&#038;p=57957"},"modified":"2025-12-18T13:27:21","modified_gmt":"2025-12-18T13:27:21","slug":"endocare-retinol-eye-contour-gel","status":"publish","type":"product","link":"https:\/\/skinstudio.ee\/lv\/catalog\/cantabria-labs-lv\/endocare-retinol-eye-contour-gel\/","title":{"rendered":"Endocare Retinol Eye Contour Gel"},"content":{"rendered":"<p data-start=\"391\" data-end=\"789\"><strong>Endocare Retinol Eye Contour Gel<\/strong> ir inovat\u012bvs pretnoveco\u0161an\u0101s g\u0113ls acu zonai, kas izstr\u0101d\u0101ts, lai efekt\u012bvi mazin\u0101tu grumbas un \u0101das tvirtuma zudumu. Formula ar patent\u0113to RetinSphere\u00ae tehnolo\u0123iju nodro\u0161ina dubultu retinola izdal\u012b\u0161anos \u2013 t\u016bl\u012bt\u0113jai un ilgsto\u0161ai iedarb\u012bbai bez kairin\u0101juma. G\u0113ls maigi izl\u012bdzina \u0101du, uzlabo t\u0101s tekst\u016bru un stiprina kont\u016bras, pie\u0161\u0137irot skatienam svaigumu un mirdzumu.<\/p>\n<p data-start=\"791\" data-end=\"1095\">Endocare Retinol Eye Contour Gel pal\u012bdz samazin\u0101t mimikas l\u012bnijas, &#8220;v\u0101rnu k\u0101ji\u0146as&#8221; un noguruma paz\u012bmes, nodro\u0161inot redzamu atjaunojo\u0161u efektu un uzlabotu \u0101das bl\u012bvumu. Hialuronsk\u0101be nodro\u0161ina vieglu izl\u012bdzino\u0161u efektu, bet antioksidanti un kofe\u012bns pal\u012bdz mazin\u0101t tum\u0161os lokus un uzlabo \u0101das vitalit\u0101ti.<\/p>\n<p data-start=\"1097\" data-end=\"1264\">Regul\u0101ri lietojot, \u0101da ap ac\u012bm k\u013c\u016bst glud\u0101ka, elast\u012bg\u0101ka un tvirt\u0101ka. Kont\u016bra izskat\u0101s atp\u016btusies, mitrin\u0101ta un vienm\u0113r\u012bg\u0101ka, bet skatiens \u2013 gai\u0161\u0101ks un jaunekl\u012bg\u0101ks.<\/p>\n<p data-start=\"1266\" data-end=\"1290\"><strong data-start=\"1266\" data-end=\"1278\">Tilpums:<\/strong> <strong data-start=\"1279\" data-end=\"1288\">15 ml<\/strong><\/p>\n","protected":false},"excerpt":{"rendered":"<p data-start=\"1826\" data-end=\"1854\">Atjaunojo\u0161s acu zonas g\u0113ls<\/p>\n<h2 data-start=\"1856\" data-end=\"2122\"><strong data-start=\"1856\" data-end=\"1918\">\u012apa\u0161\u012bbas Cantabria Labs &#8211; Endocare Retinol Eye Contour Gel<\/strong><\/h2>\n<p data-start=\"1856\" data-end=\"2122\">\u2714\ufe0f Samazina grumbas un stiprina \u0101du<br data-start=\"1956\" data-end=\"1959\" \/>\u2714\ufe0f Atsvaidzina un izgaismo acu zonu<br data-start=\"1994\" data-end=\"1997\" \/>\u2714\ufe0f Uzlabo elast\u012bbu un tvirtumu<br data-start=\"2027\" data-end=\"2030\" \/>\u2714\ufe0f Izl\u012bdzina \u0101das tekst\u016bru un maigumu<br data-start=\"2067\" data-end=\"2070\" \/>\u2714\ufe0f Pie\u0161\u0137ir skatienam atp\u016btu\u0161u un starojo\u0161u izskatu<\/p>\n","protected":false},"featured_media":65121,"template":"","meta":[],"pwb-brand":[1201],"product_brand":[],"product_cat":[727,733,749],"product_tag":[],"giftcard-category":[],"class_list":{"0":"post-57957","1":"product","2":"type-product","3":"status-publish","4":"has-post-thumbnail","6":"pwb-brand-cantabria-labs-lv","7":"product_cat-a-vitamins-retinols","8":"product_cat-ada-ap-acim","9":"product_cat-novecojosa-ada","11":"first","12":"instock","13":"taxable","14":"shipping-taxable","15":"purchasable","16":"product-type-simple"},"acf":[],"brands":[{"id":1201,"name":"Cantabria Labs","slug":"cantabria-labs-lv"}],"_links":{"self":[{"href":"https:\/\/skinstudio.ee\/lv\/wp-json\/wp\/v2\/product\/57957","targetHints":{"allow":["GET"]}}],"collection":[{"href":"https:\/\/skinstudio.ee\/lv\/wp-json\/wp\/v2\/product"}],"about":[{"href":"https:\/\/skinstudio.ee\/lv\/wp-json\/wp\/v2\/types\/product"}],"version-history":[{"count":0,"href":"https:\/\/skinstudio.ee\/lv\/wp-json\/wp\/v2\/product\/57957\/revisions"}],"wp:featuredmedia":[{"embeddable":true,"href":"https:\/\/skinstudio.ee\/lv\/wp-json\/wp\/v2\/media\/65121"}],"wp:attachment":[{"href":"https:\/\/skinstudio.ee\/lv\/wp-json\/wp\/v2\/media?parent=57957"}],"wp:term":[{"taxonomy":"pwb-brand","embeddable":true,"href":"https:\/\/skinstudio.ee\/lv\/wp-json\/wp\/v2\/pwb-brand?post=57957"},{"taxonomy":"product_brand","embeddable":true,"href":"https:\/\/skinstudio.ee\/lv\/wp-json\/wp\/v2\/product_brand?post=57957"},{"taxonomy":"product_cat","embeddable":true,"href":"https:\/\/skinstudio.ee\/lv\/wp-json\/wp\/v2\/product_cat?post=57957"},{"taxonomy":"product_tag","embeddable":true,"href":"https:\/\/skinstudio.ee\/lv\/wp-json\/wp\/v2\/product_tag?post=57957"},{"taxonomy":"giftcard-category","embeddable":true,"href":"https:\/\/skinstudio.ee\/lv\/wp-json\/wp\/v2\/giftcard-category?post=57957"}],"curies":[{"name":"wp","href":"https:\/\/api.w.org\/{rel}","templated":true}]}}