{"id":58009,"date":"2025-11-07T09:17:16","date_gmt":"2025-11-07T09:17:16","guid":{"rendered":"https:\/\/skinstudio.ee\/?post_type=product&#038;p=58009"},"modified":"2026-04-09T14:45:07","modified_gmt":"2026-04-09T14:45:07","slug":"iraltone-fortifying-shampoo","status":"publish","type":"product","link":"https:\/\/skinstudio.ee\/lv\/catalog\/cantabria-labs-lv\/iraltone-fortifying-shampoo\/","title":{"rendered":"Iraltone Fortifying Shampoo"},"content":{"rendered":"<p data-start=\"57\" data-end=\"356\">Iraltone Fortifying Shampoo ir stiprino\u0161s \u0161amp\u016bns pret matu izkri\u0161anu, kas izstr\u0101d\u0101ts ar inovat\u012bvu divk\u0101r\u0161as iedarb\u012bbas akt\u012bvo sast\u0101vda\u013cu sist\u0113mu. Tas stimul\u0113 matu folikulus, veicina dabisku matu aug\u0161anu un nostiprina to strukt\u016bru, padarot matus stipr\u0101kus, biez\u0101kus un iztur\u012bg\u0101kus pret boj\u0101jumiem.<\/p>\n<p data-start=\"358\" data-end=\"598\">Galvas \u0101das l\u012bmen\u012b \u0161amp\u016bns aktiviz\u0113 mikrocirkul\u0101ciju, stiprina kerat\u012bnu un atjauno mitruma l\u012bdzsvaru. T\u0101 antioksidanta iedarb\u012bba aizsarg\u0101 matu folikulus no stresa faktoriem, bet barojo\u0161\u0101s vielas atjauno galvas \u0101das komfortu un vitalit\u0101ti.<\/p>\n<p data-start=\"600\" data-end=\"817\">Matu \u0161\u0137iedras l\u012bmen\u012b Iraltone Fortifying Shampoo dzi\u013ci atjauno un nostiprina matu stiebru, pal\u012bdzot nov\u0113rst l\u016b\u0161anu un retin\u0101\u0161anos. Regul\u0101ri lietojot, mati k\u013c\u016bst biez\u0101ki, stipr\u0101ki un vesel\u012bg\u0101ki no sakn\u0113m l\u012bdz galiem.<\/p>\n<p data-start=\"819\" data-end=\"844\"><strong data-start=\"819\" data-end=\"831\">Tilpums:<\/strong> 200 ml \/ 400 ml<\/p>\n","protected":false},"excerpt":{"rendered":"<p data-start=\"989\" data-end=\"1029\">Stiprino\u0161s \u0161amp\u016bns pret matu izkri\u0161anu<\/p>\n<h2 data-start=\"1031\" data-end=\"1313\"><strong data-start=\"1031\" data-end=\"1088\">\u012apa\u0161\u012bbas Cantabria Labs &#8211; Iraltone Fortifying Shampoo<\/strong><\/h2>\n<p data-start=\"1031\" data-end=\"1313\">\u2714\ufe0f Samazina matu izkri\u0161anu un stiprina folikulus<br data-start=\"1139\" data-end=\"1142\" \/>\u2714\ufe0f Veicina dabisku matu aug\u0161anu<br data-start=\"1173\" data-end=\"1176\" \/>\u2714\ufe0f Atjauno strukt\u016bru un nov\u0113r\u0161 matu l\u016b\u0161anu<br data-start=\"1218\" data-end=\"1221\" \/>\u2714\ufe0f Uzlabo matu bl\u012bvumu un vitalit\u0101ti<br data-start=\"1257\" data-end=\"1260\" \/>\u2714\ufe0f Padara matus biez\u0101kus, sp\u012bd\u012bg\u0101kus un vesel\u012bg\u0101kus<\/p>\n","protected":false},"featured_media":90588,"template":"","meta":[],"pwb-brand":[1201],"product_brand":[],"product_cat":[762],"product_tag":[],"giftcard-category":[],"class_list":{"0":"post-58009","1":"product","2":"type-product","3":"status-publish","4":"has-post-thumbnail","6":"pwb-brand-cantabria-labs-lv","7":"product_cat-matu-kopsana","8":"pa_suurus-200ml-lv","9":"pa_suurus-400ml-lv","11":"first","12":"instock","13":"taxable","14":"shipping-taxable","15":"purchasable","16":"product-type-variable"},"acf":[],"brands":[{"id":1201,"name":"Cantabria Labs","slug":"cantabria-labs-lv"}],"_links":{"self":[{"href":"https:\/\/skinstudio.ee\/lv\/wp-json\/wp\/v2\/product\/58009","targetHints":{"allow":["GET"]}}],"collection":[{"href":"https:\/\/skinstudio.ee\/lv\/wp-json\/wp\/v2\/product"}],"about":[{"href":"https:\/\/skinstudio.ee\/lv\/wp-json\/wp\/v2\/types\/product"}],"version-history":[{"count":1,"href":"https:\/\/skinstudio.ee\/lv\/wp-json\/wp\/v2\/product\/58009\/revisions"}],"predecessor-version":[{"id":90609,"href":"https:\/\/skinstudio.ee\/lv\/wp-json\/wp\/v2\/product\/58009\/revisions\/90609"}],"wp:featuredmedia":[{"embeddable":true,"href":"https:\/\/skinstudio.ee\/lv\/wp-json\/wp\/v2\/media\/90588"}],"wp:attachment":[{"href":"https:\/\/skinstudio.ee\/lv\/wp-json\/wp\/v2\/media?parent=58009"}],"wp:term":[{"taxonomy":"pwb-brand","embeddable":true,"href":"https:\/\/skinstudio.ee\/lv\/wp-json\/wp\/v2\/pwb-brand?post=58009"},{"taxonomy":"product_brand","embeddable":true,"href":"https:\/\/skinstudio.ee\/lv\/wp-json\/wp\/v2\/product_brand?post=58009"},{"taxonomy":"product_cat","embeddable":true,"href":"https:\/\/skinstudio.ee\/lv\/wp-json\/wp\/v2\/product_cat?post=58009"},{"taxonomy":"product_tag","embeddable":true,"href":"https:\/\/skinstudio.ee\/lv\/wp-json\/wp\/v2\/product_tag?post=58009"},{"taxonomy":"giftcard-category","embeddable":true,"href":"https:\/\/skinstudio.ee\/lv\/wp-json\/wp\/v2\/giftcard-category?post=58009"}],"curies":[{"name":"wp","href":"https:\/\/api.w.org\/{rel}","templated":true}]}}