{"id":58048,"date":"2025-11-07T10:36:47","date_gmt":"2025-11-07T10:36:47","guid":{"rendered":"https:\/\/skinstudio.ee\/?post_type=product&#038;p=58048"},"modified":"2025-12-18T13:27:21","modified_gmt":"2025-12-18T13:27:21","slug":"iraltone-anti-hair-loss-lotion","status":"publish","type":"product","link":"https:\/\/skinstudio.ee\/lv\/catalog\/cantabria-labs-lv\/iraltone-anti-hair-loss-lotion\/","title":{"rendered":"Iraltone Anti-Hair Loss Lotion"},"content":{"rendered":"<p data-start=\"60\" data-end=\"407\">Iraltone Anti-Hair Loss Lotion ir akt\u012bvs tr\u012bsk\u0101r\u0161as iedarb\u012bbas losjons aerosola form\u0101 pret matu izkri\u0161anu, kas izstr\u0101d\u0101ts, lai stimul\u0113tu matu aug\u0161anu un stiprin\u0101tu matu folikulus. Formula apvieno inovat\u012bvus pept\u012bdus un akt\u012bvos kompleksus, kas iedarbojas uz vair\u0101kiem aug\u0161anas meh\u0101nismiem, pal\u012bdzot nov\u0113rst gan ak\u016btu, gan hronisku matu izkri\u0161anu.<\/p>\n<p data-start=\"409\" data-end=\"738\">Produkts pastiprina endog\u0113n\u0101 IGF-1 aktivit\u0101ti, aktiviz\u0113 Wnt\/\u03b2-katen\u012bna ce\u013cu un pal\u012bdz atjaunot matu bl\u012bvumu un dz\u012bv\u012bgumu. Regul\u0101ri lietojot, Iraltone Anti-Hair Loss Lotion stiprina folikulus, samazina matu l\u016b\u0161anu un veicina dabisku aug\u0161anu pat tad, ja matu izkri\u0161anu izraisa stress, hormon\u0101l\u0101s izmai\u0146as vai androg\u0113n\u0101 alop\u0113cija.<\/p>\n<p data-start=\"740\" data-end=\"920\">Pateicoties vieglajai tekst\u016brai, losjons \u0101tri uzs\u016bcas, nepadara matus smagus un neatst\u0101j taukainu p\u0101rkl\u0101jumu. Produkts ir hipoaler\u0123isks, dermatolo\u0123iski un oftalmolo\u0123iski test\u0113ts.<\/p>\n<p data-start=\"922\" data-end=\"947\"><strong data-start=\"922\" data-end=\"934\">Tilpums:<\/strong> <strong data-start=\"935\" data-end=\"945\">100 ml<\/strong><\/p>\n","protected":false},"excerpt":{"rendered":"<p data-start=\"1169\" data-end=\"1214\">Akt\u012bvs aerosola losjons pret matu izkri\u0161anu<\/p>\n<h2 data-start=\"1216\" data-end=\"1518\"><strong data-start=\"1216\" data-end=\"1276\">\u012apa\u0161\u012bbas Cantabria Labs &#8211; Iraltone Anti-Hair Loss Lotion<\/strong><\/h2>\n<p data-start=\"1216\" data-end=\"1518\">\u2714\ufe0f Stimul\u0113 matu aug\u0161anu un stiprina folikulus<br data-start=\"1324\" data-end=\"1327\" \/>\u2714\ufe0f Samazina matu izkri\u0161anu un l\u016b\u0161anu<br data-start=\"1363\" data-end=\"1366\" \/>\u2714\ufe0f Aktiviz\u0113 folikulus un uzlabo mikrocirkul\u0101ciju<br data-start=\"1414\" data-end=\"1417\" \/>\u2714\ufe0f Atjauno matu bl\u012bvumu un vitalit\u0101ti<br data-start=\"1454\" data-end=\"1457\" \/>\u2714\ufe0f Viegls, nekairino\u0161s sast\u0101vs \u2013 nav nepiecie\u0161ama skalo\u0161ana<\/p>\n","protected":false},"featured_media":65106,"template":"","meta":[],"pwb-brand":[1201],"product_brand":[],"product_cat":[762],"product_tag":[],"giftcard-category":[],"class_list":{"0":"post-58048","1":"product","2":"type-product","3":"status-publish","4":"has-post-thumbnail","6":"pwb-brand-cantabria-labs-lv","7":"product_cat-matu-kopsana","9":"first","10":"instock","11":"taxable","12":"shipping-taxable","13":"purchasable","14":"product-type-simple"},"acf":[],"brands":[{"id":1201,"name":"Cantabria Labs","slug":"cantabria-labs-lv"}],"_links":{"self":[{"href":"https:\/\/skinstudio.ee\/lv\/wp-json\/wp\/v2\/product\/58048","targetHints":{"allow":["GET"]}}],"collection":[{"href":"https:\/\/skinstudio.ee\/lv\/wp-json\/wp\/v2\/product"}],"about":[{"href":"https:\/\/skinstudio.ee\/lv\/wp-json\/wp\/v2\/types\/product"}],"version-history":[{"count":0,"href":"https:\/\/skinstudio.ee\/lv\/wp-json\/wp\/v2\/product\/58048\/revisions"}],"wp:featuredmedia":[{"embeddable":true,"href":"https:\/\/skinstudio.ee\/lv\/wp-json\/wp\/v2\/media\/65106"}],"wp:attachment":[{"href":"https:\/\/skinstudio.ee\/lv\/wp-json\/wp\/v2\/media?parent=58048"}],"wp:term":[{"taxonomy":"pwb-brand","embeddable":true,"href":"https:\/\/skinstudio.ee\/lv\/wp-json\/wp\/v2\/pwb-brand?post=58048"},{"taxonomy":"product_brand","embeddable":true,"href":"https:\/\/skinstudio.ee\/lv\/wp-json\/wp\/v2\/product_brand?post=58048"},{"taxonomy":"product_cat","embeddable":true,"href":"https:\/\/skinstudio.ee\/lv\/wp-json\/wp\/v2\/product_cat?post=58048"},{"taxonomy":"product_tag","embeddable":true,"href":"https:\/\/skinstudio.ee\/lv\/wp-json\/wp\/v2\/product_tag?post=58048"},{"taxonomy":"giftcard-category","embeddable":true,"href":"https:\/\/skinstudio.ee\/lv\/wp-json\/wp\/v2\/giftcard-category?post=58048"}],"curies":[{"name":"wp","href":"https:\/\/api.w.org\/{rel}","templated":true}]}}