{"id":58064,"date":"2025-11-07T10:44:04","date_gmt":"2025-11-07T10:44:04","guid":{"rendered":"https:\/\/skinstudio.ee\/?post_type=product&#038;p=58064"},"modified":"2026-01-05T14:38:35","modified_gmt":"2026-01-05T14:38:35","slug":"iraltone-sd-shampoo","status":"publish","type":"product","link":"https:\/\/skinstudio.ee\/lv\/catalog\/cantabria-labs-lv\/iraltone-sd-shampoo\/","title":{"rendered":"Iraltone DS Shampoo"},"content":{"rendered":"<p data-start=\"49\" data-end=\"376\">Iraltone DS Shampoo ir daudzfunkcion\u0101ls \u0161amp\u016bns, kas \u012bpa\u0161i izstr\u0101d\u0101ts, lai efekt\u012bvi c\u012bn\u012btos ar galvas \u0101das lob\u012b\u0161anos un kairin\u0101jumu, ko izraisa seborejiskais dermat\u012bts. T\u0101 akt\u012bv\u0101 formula pal\u012bdz atjaunot l\u012bdzsvaru, mazin\u0101t niezi un nodro\u0161in\u0101t komfortu galvas \u0101dai, vienlaikus padarot matus vesel\u012bgus, m\u012bkstus un kopts izskata.<\/p>\n<p data-start=\"378\" data-end=\"693\">M\u016bsdien\u012bga akt\u012bvo sast\u0101vda\u013cu kombin\u0101cija darbojas siner\u0123iski \u2013 regul\u0113 sebuma veido\u0161anos, nov\u0113r\u0161ot p\u0101rm\u0113r\u012bgu taukain\u012bbu, nodro\u0161ina keratol\u012btisku un keratoregul\u0113jo\u0161u iedarb\u012bbu, kas pal\u012bdz maigi no\u0146emt un nov\u0113rst jaunu zv\u012b\u0146u veido\u0161anos, k\u0101 ar\u012b nodro\u0161ina antioksidantu aizsardz\u012bbu, samazinot iekaisumu un kairin\u0101jumu.<\/p>\n<p data-start=\"695\" data-end=\"905\">Iraltone SD Shampoo ar\u012b dzi\u013ci mitrina galvas \u0101du, pal\u012bdzot nov\u0113rst sausuma un diskomforta saj\u016btu. Regul\u0101ri lietojot, mati k\u013c\u016bst z\u012bdaini, gludi un viegli \u0137emm\u0113jami, bet galvas \u0101da k\u013c\u016bst mier\u012bga un l\u012bdzsvarota.<\/p>\n<p data-start=\"907\" data-end=\"928\"><strong data-start=\"907\" data-end=\"919\">Tilpums:<\/strong> 200 ml<\/p>\n","protected":false},"excerpt":{"rendered":"<p data-start=\"1073\" data-end=\"1124\">\u0160amp\u016bns pret lob\u012b\u0161anos un galvas \u0101das kairin\u0101jumu<\/p>\n<h2 data-start=\"1126\" data-end=\"1381\"><strong data-start=\"1126\" data-end=\"1175\">\u012apa\u0161\u012bbas Cantabria Labs &#8211; Iraltone DS Shampoo<\/strong><\/h2>\n<p data-start=\"1126\" data-end=\"1381\">\u2714\ufe0f Nov\u0113r\u0161 galvas \u0101das zv\u012b\u0146o\u0161anos un niezi<br data-start=\"1219\" data-end=\"1222\" \/>\u2714\ufe0f Regul\u0113 sebuma izdal\u012b\u0161anos<br data-start=\"1250\" data-end=\"1253\" \/>\u2714\ufe0f Nov\u0113r\u0161 jaunu zv\u012b\u0146u veido\u0161anos<br data-start=\"1285\" data-end=\"1288\" \/>\u2714\ufe0f Nomierina kairin\u0101jumu un mazina iekaisumu<br data-start=\"1332\" data-end=\"1335\" \/>\u2714\ufe0f Padara matus m\u012bkstus un vesel\u012bgi sp\u012bd\u012bgus<\/p>\n","protected":false},"featured_media":72572,"template":"","meta":[],"pwb-brand":[1201],"product_brand":[],"product_cat":[762],"product_tag":[],"giftcard-category":[],"class_list":{"0":"post-58064","1":"product","2":"type-product","3":"status-publish","4":"has-post-thumbnail","6":"pwb-brand-cantabria-labs-lv","7":"product_cat-matu-kopsana","9":"first","10":"instock","11":"taxable","12":"shipping-taxable","13":"purchasable","14":"product-type-simple"},"acf":[],"brands":[{"id":1201,"name":"Cantabria Labs","slug":"cantabria-labs-lv"}],"_links":{"self":[{"href":"https:\/\/skinstudio.ee\/lv\/wp-json\/wp\/v2\/product\/58064","targetHints":{"allow":["GET"]}}],"collection":[{"href":"https:\/\/skinstudio.ee\/lv\/wp-json\/wp\/v2\/product"}],"about":[{"href":"https:\/\/skinstudio.ee\/lv\/wp-json\/wp\/v2\/types\/product"}],"version-history":[{"count":1,"href":"https:\/\/skinstudio.ee\/lv\/wp-json\/wp\/v2\/product\/58064\/revisions"}],"predecessor-version":[{"id":72583,"href":"https:\/\/skinstudio.ee\/lv\/wp-json\/wp\/v2\/product\/58064\/revisions\/72583"}],"wp:featuredmedia":[{"embeddable":true,"href":"https:\/\/skinstudio.ee\/lv\/wp-json\/wp\/v2\/media\/72572"}],"wp:attachment":[{"href":"https:\/\/skinstudio.ee\/lv\/wp-json\/wp\/v2\/media?parent=58064"}],"wp:term":[{"taxonomy":"pwb-brand","embeddable":true,"href":"https:\/\/skinstudio.ee\/lv\/wp-json\/wp\/v2\/pwb-brand?post=58064"},{"taxonomy":"product_brand","embeddable":true,"href":"https:\/\/skinstudio.ee\/lv\/wp-json\/wp\/v2\/product_brand?post=58064"},{"taxonomy":"product_cat","embeddable":true,"href":"https:\/\/skinstudio.ee\/lv\/wp-json\/wp\/v2\/product_cat?post=58064"},{"taxonomy":"product_tag","embeddable":true,"href":"https:\/\/skinstudio.ee\/lv\/wp-json\/wp\/v2\/product_tag?post=58064"},{"taxonomy":"giftcard-category","embeddable":true,"href":"https:\/\/skinstudio.ee\/lv\/wp-json\/wp\/v2\/giftcard-category?post=58064"}],"curies":[{"name":"wp","href":"https:\/\/api.w.org\/{rel}","templated":true}]}}