{"id":58080,"date":"2025-11-07T10:51:24","date_gmt":"2025-11-07T10:51:24","guid":{"rendered":"https:\/\/skinstudio.ee\/?post_type=product&#038;p=58080"},"modified":"2025-12-18T13:27:21","modified_gmt":"2025-12-18T13:27:21","slug":"iraltone-sebum-normalizing-shampoo","status":"publish","type":"product","link":"https:\/\/skinstudio.ee\/lv\/catalog\/cantabria-labs-lv\/iraltone-sebum-normalizing-shampoo\/","title":{"rendered":"Iraltone Sebum-Normalizing Shampoo"},"content":{"rendered":"<p data-start=\"64\" data-end=\"428\">Iraltone Sebum-Normalizing Shampoo ir \u012bpa\u0161i izstr\u0101d\u0101ts taukainas galvas \u0101das un matu kop\u0161anai. Pateicoties unik\u0101lajai akt\u012bvo sast\u0101vda\u013cu kombin\u0101cijai, tas efekt\u012bvi regul\u0113 sebuma izdal\u012b\u0161anos, samazina lieko taukain\u012bbu un pal\u012bdz saglab\u0101t matus t\u012brus, vieglus un l\u012bdzsvarotus. Formula normaliz\u0113 galvas \u0101das st\u0101vokli, nov\u0113r\u0161ot p\u0101rm\u0113r\u012bgu tauko\u0161anos un svaiguma zudumu.<\/p>\n<p data-start=\"430\" data-end=\"780\">\u0160amp\u016bna sast\u0101v\u0101 ir <strong data-start=\"449\" data-end=\"468\">Matmarine\u2122 Blue<\/strong> \u2013 akt\u012bv\u0101 viela, kas paz\u012bstama ar savu sebuma regul\u0113jo\u0161o iedarb\u012bbu, pal\u012bdzot samazin\u0101t sebuma uzkr\u0101\u0161anos un atjaunot dabisko l\u012bdzsvaru galvas \u0101d\u0101. Papildu sast\u0101vda\u013ca <strong data-start=\"634\" data-end=\"650\">Protelan AG8<\/strong> nodro\u0161ina maigu att\u012br\u012b\u0161anu, saglab\u0101jot nepiecie\u0161amo mitruma l\u012bmeni, nov\u0113r\u0161ot sausumu un nodro\u0161inot komfortu ikdienas lieto\u0161an\u0101.<\/p>\n<p data-start=\"782\" data-end=\"1167\">\u0160amp\u016bnam ir sp\u0113c\u012bga antioksidanta iedarb\u012bba, pateicoties <strong data-start=\"839\" data-end=\"857\">Vitis vinifera<\/strong> un <strong data-start=\"861\" data-end=\"876\">E vitam\u012bnam<\/strong>, kas aizsarg\u0101 galvas \u0101du no oksidat\u012bv\u0101 stresa. Maig\u0101s att\u012bro\u0161\u0101s b\u0101zes efekt\u012bvi att\u012bra, nesaboj\u0101jot \u0101das dabisko l\u012bdzsvaru. Iraltone Sebum-Normalizing Shampoo ir ide\u0101li piem\u0113rots ikdienas lieto\u0161anai un var papildin\u0101t matu izkri\u0161anas \u0101rst\u0113\u0161anu, kas saist\u012bta ar p\u0101rm\u0113r\u012bgu sebuma izdal\u012b\u0161anos.<\/p>\n<p data-start=\"1169\" data-end=\"1190\"><strong data-start=\"1169\" data-end=\"1181\">Tilpums:<\/strong> 200 ml<\/p>\n","protected":false},"excerpt":{"rendered":"<p data-start=\"1335\" data-end=\"1395\">\u0160amp\u016bns taukainas galvas \u0101das kop\u0161anai un sebuma kontrolei<\/p>\n<h2 data-start=\"1397\" data-end=\"1698\"><strong data-start=\"1397\" data-end=\"1461\">\u012apa\u0161\u012bbas Cantabria Labs &#8211; Iraltone Sebum-Normalizing Shampoo<\/strong><\/h2>\n<p data-start=\"1397\" data-end=\"1698\">\u2714\ufe0f Regul\u0113 sebuma izdal\u012b\u0161anos un samazina galvas \u0101das taukain\u012bbu<br data-start=\"1527\" data-end=\"1530\" \/>\u2714\ufe0f Dzi\u013ci att\u012bra un atsvaidzina matus<br data-start=\"1566\" data-end=\"1569\" \/>\u2714\ufe0f No\u0146em net\u012brumus un lieko sebumu<br data-start=\"1603\" data-end=\"1606\" \/>\u2714\ufe0f Saglab\u0101 t\u012br\u012bbas un viegluma saj\u016btu<br data-start=\"1643\" data-end=\"1646\" \/>\u2714\ufe0f Padara matus m\u012bkstus, vesel\u012bgus un l\u012bdzsvarotus<\/p>\n","protected":false},"featured_media":90556,"template":"","meta":[],"pwb-brand":[1201],"product_brand":[],"product_cat":[762],"product_tag":[],"giftcard-category":[],"class_list":{"0":"post-58080","1":"product","2":"type-product","3":"status-publish","4":"has-post-thumbnail","6":"pwb-brand-cantabria-labs-lv","7":"product_cat-matu-kopsana","9":"first","10":"instock","11":"taxable","12":"shipping-taxable","13":"purchasable","14":"product-type-simple"},"acf":[],"brands":[{"id":1201,"name":"Cantabria Labs","slug":"cantabria-labs-lv"}],"_links":{"self":[{"href":"https:\/\/skinstudio.ee\/lv\/wp-json\/wp\/v2\/product\/58080","targetHints":{"allow":["GET"]}}],"collection":[{"href":"https:\/\/skinstudio.ee\/lv\/wp-json\/wp\/v2\/product"}],"about":[{"href":"https:\/\/skinstudio.ee\/lv\/wp-json\/wp\/v2\/types\/product"}],"version-history":[{"count":0,"href":"https:\/\/skinstudio.ee\/lv\/wp-json\/wp\/v2\/product\/58080\/revisions"}],"wp:featuredmedia":[{"embeddable":true,"href":"https:\/\/skinstudio.ee\/lv\/wp-json\/wp\/v2\/media\/90556"}],"wp:attachment":[{"href":"https:\/\/skinstudio.ee\/lv\/wp-json\/wp\/v2\/media?parent=58080"}],"wp:term":[{"taxonomy":"pwb-brand","embeddable":true,"href":"https:\/\/skinstudio.ee\/lv\/wp-json\/wp\/v2\/pwb-brand?post=58080"},{"taxonomy":"product_brand","embeddable":true,"href":"https:\/\/skinstudio.ee\/lv\/wp-json\/wp\/v2\/product_brand?post=58080"},{"taxonomy":"product_cat","embeddable":true,"href":"https:\/\/skinstudio.ee\/lv\/wp-json\/wp\/v2\/product_cat?post=58080"},{"taxonomy":"product_tag","embeddable":true,"href":"https:\/\/skinstudio.ee\/lv\/wp-json\/wp\/v2\/product_tag?post=58080"},{"taxonomy":"giftcard-category","embeddable":true,"href":"https:\/\/skinstudio.ee\/lv\/wp-json\/wp\/v2\/giftcard-category?post=58080"}],"curies":[{"name":"wp","href":"https:\/\/api.w.org\/{rel}","templated":true}]}}