{"id":58114,"date":"2025-11-07T11:07:18","date_gmt":"2025-11-07T11:07:18","guid":{"rendered":"https:\/\/skinstudio.ee\/?post_type=product&#038;p=58114"},"modified":"2025-12-18T13:27:21","modified_gmt":"2025-12-18T13:27:21","slug":"iraltone-exfoliating-purifying-shampoo","status":"publish","type":"product","link":"https:\/\/skinstudio.ee\/lv\/catalog\/cantabria-labs-lv\/iraltone-exfoliating-purifying-shampoo\/","title":{"rendered":"Iraltone Exfoliating &#038; Purifying Shampoo"},"content":{"rendered":"<p data-start=\"70\" data-end=\"468\">Iraltone Exfoliating &amp; Purifying Shampoo ir p\u012blinga un att\u012bro\u0161s \u0161amp\u016bns galvas \u0101dai, kas izstr\u0101d\u0101ts, lai efekt\u012bvi nov\u0113rstu sausu blaugznu un lob\u012b\u0161anos. T\u0101 formula dzi\u013ci att\u012bra galvas \u0101du un matu folikulus, nesaboj\u0101jot dabisko hidrolip\u012bdu l\u012bdzsvaru, pal\u012bdzot atjaunot komfortu un svaigumu. Regul\u0101ri lietojot, tiek nodro\u0161in\u0101ts ilgsto\u0161s efekts \u2013 l\u012bdz pat div\u0101m ned\u0113\u013c\u0101m p\u0113c p\u0113d\u0113j\u0101s lieto\u0161anas reizes.<\/p>\n<p data-start=\"470\" data-end=\"823\">Akt\u012bv\u0101s sast\u0101vda\u013cas &#8211; <strong data-start=\"492\" data-end=\"511\">2% salicilsk\u0101be<\/strong>, <strong data-start=\"513\" data-end=\"534\">Piroctone Olamine<\/strong> un mitrino\u0161\u0101 emulsija <strong data-start=\"557\" data-end=\"590\">Plantasil Micro (j\u016bras a\u013c\u0123es)<\/strong> &#8211; darbojas siner\u0123iski, no\u0146emot atmiru\u0161\u0101s \u0161\u016bnas, normaliz\u0113jot galvas \u0101das mikrofloru un nov\u0113r\u0161ot blaugznu atk\u0101rtotu veido\u0161anos. \u0160amp\u016bns maigi eksfoli\u0113, mitrina galvas \u0101du, mazina niezi un aps\u0101rtumu, uzturot optim\u0101lu mitruma l\u012bmeni.<\/p>\n<p data-start=\"825\" data-end=\"1049\">Iraltone Exfoliating &amp; Purifying Shampoo ir piem\u0113rots visu tipu matiem un var tikt izmantots k\u0101 sagatavo\u0161an\u0101s solis pirms galvas \u0101das proced\u016br\u0101m, tostarp matu transplant\u0101cijas vai terapijas vieglu psori\u0101zes formu gad\u012bjum\u0101.<\/p>\n<p data-start=\"1051\" data-end=\"1072\"><strong data-start=\"1051\" data-end=\"1063\">Tilpums:<\/strong> 200 ml<\/p>\n","protected":false},"excerpt":{"rendered":"<p data-start=\"1339\" data-end=\"1376\">\u0160amp\u016bns sausas blaugznas nov\u0113r\u0161anai<\/p>\n<h2 data-start=\"1378\" data-end=\"1666\"><strong data-start=\"1378\" data-end=\"1448\">\u012apa\u0161\u012bbas Cantabria Labs &#8211; Iraltone Exfoliating &amp; Purifying Shampoo<\/strong><\/h2>\n<p data-start=\"1378\" data-end=\"1666\">\u2714\ufe0f Nov\u0113r\u0161 sausu blaugznu un lob\u012b\u0161anos<br data-start=\"1488\" data-end=\"1491\" \/>\u2714\ufe0f Dzi\u013ci att\u012bra galvas \u0101du un matu folikulus<br data-start=\"1535\" data-end=\"1538\" \/>\u2714\ufe0f Atjauno dabisko hidrolip\u012bdu l\u012bdzsvaru<br data-start=\"1578\" data-end=\"1581\" \/>\u2714\ufe0f Nomierina \u0101du un mazina niezi<br data-start=\"1613\" data-end=\"1616\" \/>\u2714\ufe0f Nodro\u0161ina ilgsto\u0161u t\u012br\u012bbas un svaiguma saj\u016btu<\/p>\n","protected":false},"featured_media":90567,"template":"","meta":[],"pwb-brand":[1201],"product_brand":[],"product_cat":[762],"product_tag":[],"giftcard-category":[],"class_list":{"0":"post-58114","1":"product","2":"type-product","3":"status-publish","4":"has-post-thumbnail","6":"pwb-brand-cantabria-labs-lv","7":"product_cat-matu-kopsana","9":"first","10":"instock","11":"taxable","12":"shipping-taxable","13":"purchasable","14":"product-type-simple"},"acf":[],"brands":[{"id":1201,"name":"Cantabria Labs","slug":"cantabria-labs-lv"}],"_links":{"self":[{"href":"https:\/\/skinstudio.ee\/lv\/wp-json\/wp\/v2\/product\/58114","targetHints":{"allow":["GET"]}}],"collection":[{"href":"https:\/\/skinstudio.ee\/lv\/wp-json\/wp\/v2\/product"}],"about":[{"href":"https:\/\/skinstudio.ee\/lv\/wp-json\/wp\/v2\/types\/product"}],"version-history":[{"count":0,"href":"https:\/\/skinstudio.ee\/lv\/wp-json\/wp\/v2\/product\/58114\/revisions"}],"wp:featuredmedia":[{"embeddable":true,"href":"https:\/\/skinstudio.ee\/lv\/wp-json\/wp\/v2\/media\/90567"}],"wp:attachment":[{"href":"https:\/\/skinstudio.ee\/lv\/wp-json\/wp\/v2\/media?parent=58114"}],"wp:term":[{"taxonomy":"pwb-brand","embeddable":true,"href":"https:\/\/skinstudio.ee\/lv\/wp-json\/wp\/v2\/pwb-brand?post=58114"},{"taxonomy":"product_brand","embeddable":true,"href":"https:\/\/skinstudio.ee\/lv\/wp-json\/wp\/v2\/product_brand?post=58114"},{"taxonomy":"product_cat","embeddable":true,"href":"https:\/\/skinstudio.ee\/lv\/wp-json\/wp\/v2\/product_cat?post=58114"},{"taxonomy":"product_tag","embeddable":true,"href":"https:\/\/skinstudio.ee\/lv\/wp-json\/wp\/v2\/product_tag?post=58114"},{"taxonomy":"giftcard-category","embeddable":true,"href":"https:\/\/skinstudio.ee\/lv\/wp-json\/wp\/v2\/giftcard-category?post=58114"}],"curies":[{"name":"wp","href":"https:\/\/api.w.org\/{rel}","templated":true}]}}