{"id":58130,"date":"2025-11-07T11:15:19","date_gmt":"2025-11-07T11:15:19","guid":{"rendered":"https:\/\/skinstudio.ee\/?post_type=product&#038;p=58130"},"modified":"2025-12-18T13:27:21","modified_gmt":"2025-12-18T13:27:21","slug":"iraltone-gentle-frequent-use-shampoo","status":"publish","type":"product","link":"https:\/\/skinstudio.ee\/lv\/catalog\/cantabria-labs-lv\/iraltone-gentle-frequent-use-shampoo\/","title":{"rendered":"Iraltone Gentle Frequent-Use Shampoo"},"content":{"rendered":"<p data-start=\"66\" data-end=\"350\">Iraltone Gentle Frequent-Use Shampoo ir maigs \u0161amp\u016bns, kas paredz\u0113ts ikdienas matu un galvas \u0101das kop\u0161anai. T\u0101 \u012bpa\u0161i maig\u0101 un kr\u0113m\u012bg\u0101 formula saudz\u012bgi att\u012bra, nesaboj\u0101jot galvas \u0101das dabisko lip\u012bdu sl\u0101ni, un padara matus m\u012bkstus, sp\u012bd\u012bgus un mitrin\u0101tus p\u0113c katras lieto\u0161anas reizes.<\/p>\n<p data-start=\"352\" data-end=\"664\">Pateicoties maigajam sast\u0101vam, \u0161amp\u016bns ir piem\u0113rots bie\u017eai lieto\u0161anai, pal\u012bdz atjaunot boj\u0101tus matus un uztur\u0113t to dabisko dz\u012bv\u012bgumu. Iraltone Gentle Frequent-Use Shampoo iedarbojas tie\u0161i uz matu folikuliem un galvas \u0101du, dzi\u013ci att\u012brot bez kairin\u0101juma un pie\u0161\u0137irot matiem elast\u012bbu, gludumu un vesel\u012bgu izskatu.<\/p>\n<p data-start=\"666\" data-end=\"826\">Regul\u0101ra lieto\u0161ana pal\u012bdz saglab\u0101t galvas \u0101das fiziolo\u0123isko l\u012bdzsvaru, aizsarg\u0101 matus no sausuma un padara tos z\u012bdainus, viegli \u0137emm\u0113jamus un dab\u012bgi skaistus.<\/p>\n<p data-start=\"828\" data-end=\"849\"><strong data-start=\"828\" data-end=\"840\">Tilpums:<\/strong> 200 ml<\/p>\n","protected":false},"excerpt":{"rendered":"<p data-start=\"1008\" data-end=\"1046\">Maigs \u0161amp\u016bns ikdienas matu kop\u0161anai<\/p>\n<h2 data-start=\"1048\" data-end=\"1342\"><strong data-start=\"1048\" data-end=\"1114\">\u012apa\u0161\u012bbas Cantabria Labs &#8211; Iraltone Gentle Frequent-Use Shampoo<\/strong><\/h2>\n<p data-start=\"1048\" data-end=\"1342\">\u2714\ufe0f Piem\u0113rots ikdienas lieto\u0161anai<br data-start=\"1149\" data-end=\"1152\" \/>\u2714\ufe0f Maigi att\u012bra, nesaboj\u0101jot lip\u012bdu barjeru<br data-start=\"1195\" data-end=\"1198\" \/>\u2714\ufe0f Atjauno un stiprina boj\u0101tus matus<br data-start=\"1234\" data-end=\"1237\" \/>\u2714\ufe0f Padara matus m\u012bkstus, mitrin\u0101tus un sp\u012bd\u012bgus<br data-start=\"1284\" data-end=\"1287\" \/>\u2714\ufe0f Saglab\u0101 galvas \u0101das dabisko fiziolo\u0123isko l\u012bdzsvaru<\/p>\n","protected":false},"featured_media":90577,"template":"","meta":[],"pwb-brand":[1201],"product_brand":[],"product_cat":[762],"product_tag":[],"giftcard-category":[],"class_list":{"0":"post-58130","1":"product","2":"type-product","3":"status-publish","4":"has-post-thumbnail","6":"pwb-brand-cantabria-labs-lv","7":"product_cat-matu-kopsana","9":"first","10":"instock","11":"taxable","12":"shipping-taxable","13":"purchasable","14":"product-type-simple"},"acf":[],"brands":[{"id":1201,"name":"Cantabria Labs","slug":"cantabria-labs-lv"}],"_links":{"self":[{"href":"https:\/\/skinstudio.ee\/lv\/wp-json\/wp\/v2\/product\/58130","targetHints":{"allow":["GET"]}}],"collection":[{"href":"https:\/\/skinstudio.ee\/lv\/wp-json\/wp\/v2\/product"}],"about":[{"href":"https:\/\/skinstudio.ee\/lv\/wp-json\/wp\/v2\/types\/product"}],"version-history":[{"count":0,"href":"https:\/\/skinstudio.ee\/lv\/wp-json\/wp\/v2\/product\/58130\/revisions"}],"wp:featuredmedia":[{"embeddable":true,"href":"https:\/\/skinstudio.ee\/lv\/wp-json\/wp\/v2\/media\/90577"}],"wp:attachment":[{"href":"https:\/\/skinstudio.ee\/lv\/wp-json\/wp\/v2\/media?parent=58130"}],"wp:term":[{"taxonomy":"pwb-brand","embeddable":true,"href":"https:\/\/skinstudio.ee\/lv\/wp-json\/wp\/v2\/pwb-brand?post=58130"},{"taxonomy":"product_brand","embeddable":true,"href":"https:\/\/skinstudio.ee\/lv\/wp-json\/wp\/v2\/product_brand?post=58130"},{"taxonomy":"product_cat","embeddable":true,"href":"https:\/\/skinstudio.ee\/lv\/wp-json\/wp\/v2\/product_cat?post=58130"},{"taxonomy":"product_tag","embeddable":true,"href":"https:\/\/skinstudio.ee\/lv\/wp-json\/wp\/v2\/product_tag?post=58130"},{"taxonomy":"giftcard-category","embeddable":true,"href":"https:\/\/skinstudio.ee\/lv\/wp-json\/wp\/v2\/giftcard-category?post=58130"}],"curies":[{"name":"wp","href":"https:\/\/api.w.org\/{rel}","templated":true}]}}