{"id":58146,"date":"2025-11-07T11:21:22","date_gmt":"2025-11-07T11:21:22","guid":{"rendered":"https:\/\/skinstudio.ee\/?post_type=product&#038;p=58146"},"modified":"2025-12-18T13:27:21","modified_gmt":"2025-12-18T13:27:21","slug":"iraltone-2in1-lashes-eyebrows-serum-booster","status":"publish","type":"product","link":"https:\/\/skinstudio.ee\/lv\/catalog\/cantabria-labs-lv\/iraltone-2in1-lashes-eyebrows-serum-booster\/","title":{"rendered":"Iraltone 2in1 Lashes &#038; Eyebrows Serum Booster"},"content":{"rendered":"<p data-start=\"75\" data-end=\"378\">Iraltone 2in1 Lashes &amp; Eyebrows Serum Booster ir inovat\u012bvs divk\u0101r\u0161as iedarb\u012bbas stiprino\u0161s serums, kas paredz\u0113ts skropstu un uzacu aug\u0161anas veicin\u0101\u0161anai. T\u0101 modern\u0101 <strong data-start=\"240\" data-end=\"263\">Wharton Gel Complex<\/strong> tehnolo\u0123ija stimul\u0113 aug\u0161anu, stiprina un atjauno matu s\u012bpoli\u0146us, uzlabojot mati\u0146u iztur\u012bbu, bl\u012bvumu un elast\u012bbu.<\/p>\n<p data-start=\"380\" data-end=\"681\">Formula intens\u012bvi baro un aizsarg\u0101 skropstas un uzacis, pal\u012bdzot atjaunot to garumu, apjomu un dz\u012bv\u012bgumu, ja serums tiek lietots regul\u0101ri. Iraltone 2in1 Lashes &amp; Eyebrows Serum Booster veicina dabisku mati\u0146u aug\u0161anu un stiprin\u0101\u0161anu, padarot skropstas un uzacis biez\u0101kas, stipr\u0101kas un izteiksm\u012bg\u0101kas.<\/p>\n<p data-start=\"683\" data-end=\"874\">Produkts ir dermatolo\u0123iski un oftalmolo\u0123iski test\u0113ts, piem\u0113rots jut\u012bgai \u0101dai ap ac\u012bm. Dubultais aplikators &#8211; smalka oti\u0146a skropst\u0101m un birst\u012bte uzac\u012bm &#8211; nodro\u0161ina \u0113rtu un prec\u012bzu uzkl\u0101\u0161anu.<\/p>\n<p data-start=\"876\" data-end=\"896\"><strong data-start=\"876\" data-end=\"888\">Tilpums:<\/strong> 10 ml<\/p>\n","protected":false},"excerpt":{"rendered":"<p data-start=\"1305\" data-end=\"1362\">Divk\u0101r\u0161as iedarb\u012bbas serums-booster skropst\u0101m un uzac\u012bm<\/p>\n<h2 data-start=\"1364\" data-end=\"1671\"><strong data-start=\"1364\" data-end=\"1439\">\u012apa\u0161\u012bbas Cantabria Labs &#8211; Iraltone 2in1 Lashes &amp; Eyebrows Serum Booster<\/strong><\/h2>\n<p data-start=\"1364\" data-end=\"1671\">\u2714\ufe0f Stimul\u0113 skropstu un uzacu dabisko aug\u0161anu<br data-start=\"1486\" data-end=\"1489\" \/>\u2714\ufe0f Stiprina mati\u0146u s\u012bpoli\u0146us un nov\u0113r\u0161 l\u016b\u0161anu<br data-start=\"1534\" data-end=\"1537\" \/>\u2714\ufe0f Palielina bl\u012bvumu un apjomu<br data-start=\"1567\" data-end=\"1570\" \/>\u2714\ufe0f Atjauno un baro boj\u0101tos mati\u0146us<br data-start=\"1604\" data-end=\"1607\" \/>\u2714\ufe0f Dro\u0161s jut\u012bgai \u0101dai ap ac\u012bm un piem\u0113rots ikdienas lieto\u0161anai<\/p>\n","protected":false},"featured_media":65075,"template":"","meta":[],"pwb-brand":[1201],"product_brand":[],"product_cat":[723],"product_tag":[],"giftcard-category":[],"class_list":{"0":"post-58146","1":"product","2":"type-product","3":"status-publish","4":"has-post-thumbnail","6":"pwb-brand-cantabria-labs-lv","7":"product_cat-serumi","9":"first","10":"instock","11":"taxable","12":"shipping-taxable","13":"purchasable","14":"product-type-simple"},"acf":[],"brands":[{"id":1201,"name":"Cantabria Labs","slug":"cantabria-labs-lv"}],"_links":{"self":[{"href":"https:\/\/skinstudio.ee\/lv\/wp-json\/wp\/v2\/product\/58146","targetHints":{"allow":["GET"]}}],"collection":[{"href":"https:\/\/skinstudio.ee\/lv\/wp-json\/wp\/v2\/product"}],"about":[{"href":"https:\/\/skinstudio.ee\/lv\/wp-json\/wp\/v2\/types\/product"}],"version-history":[{"count":0,"href":"https:\/\/skinstudio.ee\/lv\/wp-json\/wp\/v2\/product\/58146\/revisions"}],"wp:featuredmedia":[{"embeddable":true,"href":"https:\/\/skinstudio.ee\/lv\/wp-json\/wp\/v2\/media\/65075"}],"wp:attachment":[{"href":"https:\/\/skinstudio.ee\/lv\/wp-json\/wp\/v2\/media?parent=58146"}],"wp:term":[{"taxonomy":"pwb-brand","embeddable":true,"href":"https:\/\/skinstudio.ee\/lv\/wp-json\/wp\/v2\/pwb-brand?post=58146"},{"taxonomy":"product_brand","embeddable":true,"href":"https:\/\/skinstudio.ee\/lv\/wp-json\/wp\/v2\/product_brand?post=58146"},{"taxonomy":"product_cat","embeddable":true,"href":"https:\/\/skinstudio.ee\/lv\/wp-json\/wp\/v2\/product_cat?post=58146"},{"taxonomy":"product_tag","embeddable":true,"href":"https:\/\/skinstudio.ee\/lv\/wp-json\/wp\/v2\/product_tag?post=58146"},{"taxonomy":"giftcard-category","embeddable":true,"href":"https:\/\/skinstudio.ee\/lv\/wp-json\/wp\/v2\/giftcard-category?post=58146"}],"curies":[{"name":"wp","href":"https:\/\/api.w.org\/{rel}","templated":true}]}}