{"id":58204,"date":"2025-11-07T11:52:56","date_gmt":"2025-11-07T11:52:56","guid":{"rendered":"https:\/\/skinstudio.ee\/?post_type=product&#038;p=58204"},"modified":"2026-04-15T08:53:08","modified_gmt":"2026-04-15T08:53:08","slug":"iraltone-forte-melatonin","status":"publish","type":"product","link":"https:\/\/skinstudio.ee\/lv\/catalog\/cantabria-labs-lv\/iraltone-forte-melatonin\/","title":{"rendered":"Iraltone Forte Melatonin"},"content":{"rendered":"<p data-start=\"81\" data-end=\"205\"><strong data-start=\"81\" data-end=\"205\">Iraltone Forte Melatonin no Cantabria Labs &#8211; uztura bag\u0101tin\u0101t\u0101js ar vitam\u012bnu, miner\u0101lvielu un citu komponentu kompleksu.<\/strong><\/p>\n<p data-start=\"207\" data-end=\"385\">Formula paredz\u0113ta ikdienas lieto\u0161anai un satur sast\u0101vda\u013cas, kuras pla\u0161i izmanto uztura bag\u0101tin\u0101t\u0101jos. Kapsulu forma nodro\u0161ina \u0113rtu lieto\u0161anu un ir piem\u0113rota regul\u0101rai lieto\u0161anai.<\/p>\n<p data-start=\"387\" data-end=\"508\">Sast\u0101v\u0101 ir B grupas vitam\u012bni, cinks, var\u0161, melaton\u012bns un citi komponenti. Produkts piem\u0113rots iek\u013cau\u0161anai ikdienas uztur\u0101.<\/p>\n<p data-start=\"510\" data-end=\"705\"><strong data-start=\"510\" data-end=\"528\">Ra\u017eots Eirop\u0101.<\/strong><br data-start=\"528\" data-end=\"531\" \/><strong data-start=\"531\" data-end=\"552\">Der\u012bguma termi\u0146\u0161:<\/strong> skat\u012bt uz iepakojuma<br data-start=\"573\" data-end=\"576\" \/><strong data-start=\"576\" data-end=\"602\">Uzglab\u0101\u0161anas apst\u0101k\u013ci:<\/strong> uzglab\u0101t cie\u0161i nosl\u0113gtu saus\u0101, v\u0113s\u0101 viet\u0101, prom no tie\u0161iem saules stariem<br data-start=\"676\" data-end=\"679\" \/><strong data-start=\"679\" data-end=\"691\">Tilpums:<\/strong> 60 kapsulas<\/p>\n","protected":false},"excerpt":{"rendered":"<p data-start=\"1172\" data-end=\"1201\">Kapsulu uztura bag\u0101tin\u0101t\u0101js<\/p>\n<h2 data-start=\"1203\" data-end=\"1257\"><strong data-start=\"1203\" data-end=\"1257\">\u012apa\u0161\u012bbas Cantabria Labs &#8211; Iraltone Forte Melatonin<\/strong><\/h2>\n<p data-start=\"1259\" data-end=\"1441\">\u2714\ufe0f B grupas vitam\u012bnu, cinka un vara komplekss<br data-start=\"1304\" data-end=\"1307\" \/>\u2714\ufe0f Melaton\u012bns k\u0101 da\u013ca no sast\u0101va<br data-start=\"1339\" data-end=\"1342\" \/>\u2714\ufe0f Kapsulu forma \u0113rtai lieto\u0161anai<br data-start=\"1375\" data-end=\"1378\" \/>\u2714\ufe0f Piem\u0113rots ikdienas lieto\u0161anai<br data-start=\"1410\" data-end=\"1413\" \/>\u2714\ufe0f Daudzkomponentu sast\u0101vs<\/p>\n","protected":false},"featured_media":65060,"template":"","meta":[],"pwb-brand":[1201],"product_brand":[],"product_cat":[768],"product_tag":[],"giftcard-category":[],"class_list":{"0":"post-58204","1":"product","2":"type-product","3":"status-publish","4":"has-post-thumbnail","6":"pwb-brand-cantabria-labs-lv","7":"product_cat-vitamini","9":"first","10":"instock","11":"taxable","12":"shipping-taxable","13":"purchasable","14":"product-type-simple"},"acf":[],"brands":[{"id":1201,"name":"Cantabria Labs","slug":"cantabria-labs-lv"}],"_links":{"self":[{"href":"https:\/\/skinstudio.ee\/lv\/wp-json\/wp\/v2\/product\/58204","targetHints":{"allow":["GET"]}}],"collection":[{"href":"https:\/\/skinstudio.ee\/lv\/wp-json\/wp\/v2\/product"}],"about":[{"href":"https:\/\/skinstudio.ee\/lv\/wp-json\/wp\/v2\/types\/product"}],"version-history":[{"count":1,"href":"https:\/\/skinstudio.ee\/lv\/wp-json\/wp\/v2\/product\/58204\/revisions"}],"predecessor-version":[{"id":90914,"href":"https:\/\/skinstudio.ee\/lv\/wp-json\/wp\/v2\/product\/58204\/revisions\/90914"}],"wp:featuredmedia":[{"embeddable":true,"href":"https:\/\/skinstudio.ee\/lv\/wp-json\/wp\/v2\/media\/65060"}],"wp:attachment":[{"href":"https:\/\/skinstudio.ee\/lv\/wp-json\/wp\/v2\/media?parent=58204"}],"wp:term":[{"taxonomy":"pwb-brand","embeddable":true,"href":"https:\/\/skinstudio.ee\/lv\/wp-json\/wp\/v2\/pwb-brand?post=58204"},{"taxonomy":"product_brand","embeddable":true,"href":"https:\/\/skinstudio.ee\/lv\/wp-json\/wp\/v2\/product_brand?post=58204"},{"taxonomy":"product_cat","embeddable":true,"href":"https:\/\/skinstudio.ee\/lv\/wp-json\/wp\/v2\/product_cat?post=58204"},{"taxonomy":"product_tag","embeddable":true,"href":"https:\/\/skinstudio.ee\/lv\/wp-json\/wp\/v2\/product_tag?post=58204"},{"taxonomy":"giftcard-category","embeddable":true,"href":"https:\/\/skinstudio.ee\/lv\/wp-json\/wp\/v2\/giftcard-category?post=58204"}],"curies":[{"name":"wp","href":"https:\/\/api.w.org\/{rel}","templated":true}]}}