{"id":58231,"date":"2025-11-07T12:18:48","date_gmt":"2025-11-07T12:18:48","guid":{"rendered":"https:\/\/skinstudio.ee\/?post_type=product&#038;p=58231"},"modified":"2025-12-18T13:27:21","modified_gmt":"2025-12-18T13:27:21","slug":"neoretin-dc-ultra-emulsion","status":"publish","type":"product","link":"https:\/\/skinstudio.ee\/lv\/catalog\/cantabria-labs-lv\/neoretin-dc-ultra-emulsion\/","title":{"rendered":"Neoretin DC Ultra Emulsion"},"content":{"rendered":"<p data-start=\"56\" data-end=\"534\">Neoretin DC Ultra Emulsion ir intens\u012bva emulsija, kas paredz\u0113ta notur\u012bgas hiperpigment\u0101cijas, tostarp melasmas un p\u0113ciekaisuma plankumu, korekcijai. T\u0101 izl\u012bdzina \u0101das toni un tekst\u016bru, apvienojot depigment\u0113jo\u0161u un atjaunojo\u0161u iedarb\u012bbu, nodro\u0161inot \u0101trus un redzamus rezult\u0101tus. Pateicoties <strong data-start=\"346\" data-end=\"372\">RetinDuo\u00ae tehnolo\u0123ijai<\/strong>, kas apvieno retinolu, retinalu un dabiskas izcelsmes pastiprin\u0101t\u0101ju, emulsija nodro\u0161ina intens\u012bvu epidermas atjauno\u0161anos, padarot \u0101du glud\u0101ku un vienm\u0113r\u012bg\u0101ku.<\/p>\n<p data-start=\"536\" data-end=\"996\">Formula ietver <strong data-start=\"551\" data-end=\"578\">RetinSphere\u00ae Technology<\/strong> ar augstu retino\u012bdu koncentr\u0101ciju sp\u0113c\u012bgai \u0101das atjauno\u0161anai, k\u0101 ar\u012b <strong data-start=\"648\" data-end=\"663\">niacinam\u012bdu<\/strong> un <strong data-start=\"667\" data-end=\"687\">traneksam\u012bnsk\u0101bi<\/strong>, kas pal\u012bdz blo\u0137\u0113t pigmenta veido\u0161anos, iedarbojoties uz da\u017e\u0101diem melan\u012bna sint\u0113zes meh\u0101nismiem. <strong data-start=\"785\" data-end=\"798\">EDAFENCE\u00ae<\/strong> komplekss aizsarg\u0101 \u0101du no pies\u0101r\u0146ojuma un vides stresa &#8211; diviem galvenajiem tum\u0161o plankumu c\u0113lo\u0146iem. T\u0101s viegl\u0101, bez\u016bdens tekst\u016bra \u0101tri ies\u016bcas, atst\u0101jot neredzamu mat\u0113tu p\u0101rkl\u0101jumu bez lip\u012bguma.<\/p>\n<p data-start=\"998\" data-end=\"1153\">Regul\u0101ra Neoretin DC Ultra Emulsion lieto\u0161ana pal\u012bdz samazin\u0101t pigment\u0101cijas plankumus, uzlabot \u0101das tekst\u016bru un atjaunot t\u0101s vienm\u0113r\u012bgu, starojo\u0161u toni.<\/p>\n<p data-start=\"1155\" data-end=\"1175\"><strong data-start=\"1155\" data-end=\"1167\">Tilpums:<\/strong> 30 ml<\/p>\n","protected":false},"excerpt":{"rendered":"<p data-start=\"1330\" data-end=\"1380\">Intens\u012bva emulsija hiperpigment\u0101cijas korekcijai<\/p>\n<h2 data-start=\"1382\" data-end=\"1648\"><strong data-start=\"1382\" data-end=\"1438\">\u012apa\u0161\u012bbas Cantabria Labs &#8211; Neoretin DC Ultra Emulsion<\/strong><\/h2>\n<p data-start=\"1382\" data-end=\"1648\">\u2714\ufe0f Samazina tum\u0161os plankumus un melasmu<br data-start=\"1480\" data-end=\"1483\" \/>\u2714\ufe0f Izl\u012bdzina \u0101das toni un tekst\u016bru<br data-start=\"1517\" data-end=\"1520\" \/>\u2714\ufe0f Stimul\u0113 epidermas atjauno\u0161anos<br data-start=\"1553\" data-end=\"1556\" \/>\u2714\ufe0f Aizsarg\u0101 no pies\u0101r\u0146ojuma un vides stresa<br data-start=\"1599\" data-end=\"1602\" \/>\u2714\ufe0f Padara \u0101du gludu, starojo\u0161u un vienm\u0113r\u012bgu<\/p>\n","protected":false},"featured_media":65055,"template":"","meta":[],"pwb-brand":[1201],"product_brand":[],"product_cat":[727,749,751,723],"product_tag":[],"giftcard-category":[],"class_list":{"0":"post-58231","1":"product","2":"type-product","3":"status-publish","4":"has-post-thumbnail","6":"pwb-brand-cantabria-labs-lv","7":"product_cat-a-vitamins-retinols","8":"product_cat-novecojosa-ada","9":"product_cat-pigmentacija-lv","10":"product_cat-serumi","12":"first","13":"instock","14":"taxable","15":"shipping-taxable","16":"purchasable","17":"product-type-simple"},"acf":[],"brands":[{"id":1201,"name":"Cantabria Labs","slug":"cantabria-labs-lv"}],"_links":{"self":[{"href":"https:\/\/skinstudio.ee\/lv\/wp-json\/wp\/v2\/product\/58231","targetHints":{"allow":["GET"]}}],"collection":[{"href":"https:\/\/skinstudio.ee\/lv\/wp-json\/wp\/v2\/product"}],"about":[{"href":"https:\/\/skinstudio.ee\/lv\/wp-json\/wp\/v2\/types\/product"}],"version-history":[{"count":0,"href":"https:\/\/skinstudio.ee\/lv\/wp-json\/wp\/v2\/product\/58231\/revisions"}],"wp:featuredmedia":[{"embeddable":true,"href":"https:\/\/skinstudio.ee\/lv\/wp-json\/wp\/v2\/media\/65055"}],"wp:attachment":[{"href":"https:\/\/skinstudio.ee\/lv\/wp-json\/wp\/v2\/media?parent=58231"}],"wp:term":[{"taxonomy":"pwb-brand","embeddable":true,"href":"https:\/\/skinstudio.ee\/lv\/wp-json\/wp\/v2\/pwb-brand?post=58231"},{"taxonomy":"product_brand","embeddable":true,"href":"https:\/\/skinstudio.ee\/lv\/wp-json\/wp\/v2\/product_brand?post=58231"},{"taxonomy":"product_cat","embeddable":true,"href":"https:\/\/skinstudio.ee\/lv\/wp-json\/wp\/v2\/product_cat?post=58231"},{"taxonomy":"product_tag","embeddable":true,"href":"https:\/\/skinstudio.ee\/lv\/wp-json\/wp\/v2\/product_tag?post=58231"},{"taxonomy":"giftcard-category","embeddable":true,"href":"https:\/\/skinstudio.ee\/lv\/wp-json\/wp\/v2\/giftcard-category?post=58231"}],"curies":[{"name":"wp","href":"https:\/\/api.w.org\/{rel}","templated":true}]}}