{"id":58247,"date":"2025-11-07T12:58:13","date_gmt":"2025-11-07T12:58:13","guid":{"rendered":"https:\/\/skinstudio.ee\/?post_type=product&#038;p=58247"},"modified":"2026-04-09T11:20:10","modified_gmt":"2026-04-09T11:20:10","slug":"neoretin-discrom-control-serum-booster-fluid","status":"publish","type":"product","link":"https:\/\/skinstudio.ee\/lv\/catalog\/cantabria-labs-lv\/neoretin-discrom-control-serum-booster-fluid\/","title":{"rendered":"Neoretin DC Serum Booster Fluid"},"content":{"rendered":"<p data-start=\"74\" data-end=\"400\">Neoretin Discrom Control Serum Booster Fluid ir koncentr\u0113ts serums ar vieglu, \u0101tri uzs\u016bco\u0161u tekst\u016bru, kas paredz\u0113ts hiperpigment\u0101cijas mazin\u0101\u0161anai un \u0101das toni izl\u012bdzin\u0101\u0161anai. T\u0101 formula apvieno sp\u0113c\u012bgas depigment\u0113jo\u0161as akt\u012bv\u0101s vielas un inovat\u012bvas tehnolo\u0123ijas, kas pal\u012bdz samazin\u0101t tum\u0161os plankumus un padar\u012bt \u0101du gai\u0161\u0101ku.<\/p>\n<p data-start=\"402\" data-end=\"744\">Patentu sist\u0113ma <strong data-start=\"418\" data-end=\"444\">Pigment Control System<\/strong>, kas satur se\u0161as akt\u012bv\u0101s sast\u0101vda\u013cas, iedarbojas uz melan\u012bna sint\u0113zes procesiem, pal\u012bdzot nov\u0113rst jaunu plankumu veido\u0161anos un mazin\u0101t eso\u0161os. Pateicoties <strong data-start=\"600\" data-end=\"627\">RetinSphere\u00ae Technology<\/strong>, serums nodro\u0161ina maigu \u0101das atjauno\u0161anu un tekst\u016bras uzlabo\u0161anu, padarot \u0101du glud\u0101ku, mirdzo\u0161\u0101ku un vienm\u0113r\u012bg\u0101ku.<\/p>\n<p data-start=\"746\" data-end=\"921\">Neoretin Discrom Control Serum Booster Fluid ir augsti panesams un piem\u0113rots lieto\u0161anai visa gada garum\u0101. Regul\u0101ri lietojot, \u0101da k\u013c\u016bst vizu\u0101li gai\u0161\u0101ka, t\u012br\u0101ka un vesel\u012bg\u0101ka.<\/p>\n<p data-start=\"923\" data-end=\"943\"><strong data-start=\"923\" data-end=\"935\">Tilpums:<\/strong> 30 ml<\/p>\n","protected":false},"excerpt":{"rendered":"<p data-start=\"1038\" data-end=\"1077\">Serums hiperpigment\u0101cijas mazin\u0101\u0161anai<\/p>\n<h2 data-start=\"1079\" data-end=\"1384\"><strong data-start=\"1079\" data-end=\"1153\">\u012apa\u0161\u012bbas Cantabria Labs &#8211; Neoretin Discrom Control Serum Booster Fluid<\/strong><\/h2>\n<p data-start=\"1079\" data-end=\"1384\">\u2714\ufe0f Samazina tum\u0161os plankumus un nov\u0113r\u0161 to atk\u0101rto\u0161anos<br data-start=\"1210\" data-end=\"1213\" \/>\u2714\ufe0f Izl\u012bdzina \u0101das toni un uzlabo tekst\u016bru<br data-start=\"1254\" data-end=\"1257\" \/>\u2714\ufe0f Veicina \u0101das atjauno\u0161anos un mirdzumu<br data-start=\"1297\" data-end=\"1300\" \/>\u2714\ufe0f Piem\u0113rots lieto\u0161anai visa gada garum\u0101<br data-start=\"1340\" data-end=\"1343\" \/>\u2714\ufe0f Padara \u0101du gludu, t\u012bru un vienm\u0113r\u012bgu<\/p>\n","protected":false},"featured_media":65049,"template":"","meta":[],"pwb-brand":[1201],"product_brand":[],"product_cat":[727,749,751,723],"product_tag":[],"giftcard-category":[],"class_list":{"0":"post-58247","1":"product","2":"type-product","3":"status-publish","4":"has-post-thumbnail","6":"pwb-brand-cantabria-labs-lv","7":"product_cat-a-vitamins-retinols","8":"product_cat-novecojosa-ada","9":"product_cat-pigmentacija-lv","10":"product_cat-serumi","12":"first","13":"instock","14":"taxable","15":"shipping-taxable","16":"purchasable","17":"product-type-simple"},"acf":[],"brands":[{"id":1201,"name":"Cantabria Labs","slug":"cantabria-labs-lv"}],"_links":{"self":[{"href":"https:\/\/skinstudio.ee\/lv\/wp-json\/wp\/v2\/product\/58247","targetHints":{"allow":["GET"]}}],"collection":[{"href":"https:\/\/skinstudio.ee\/lv\/wp-json\/wp\/v2\/product"}],"about":[{"href":"https:\/\/skinstudio.ee\/lv\/wp-json\/wp\/v2\/types\/product"}],"version-history":[{"count":1,"href":"https:\/\/skinstudio.ee\/lv\/wp-json\/wp\/v2\/product\/58247\/revisions"}],"predecessor-version":[{"id":90284,"href":"https:\/\/skinstudio.ee\/lv\/wp-json\/wp\/v2\/product\/58247\/revisions\/90284"}],"wp:featuredmedia":[{"embeddable":true,"href":"https:\/\/skinstudio.ee\/lv\/wp-json\/wp\/v2\/media\/65049"}],"wp:attachment":[{"href":"https:\/\/skinstudio.ee\/lv\/wp-json\/wp\/v2\/media?parent=58247"}],"wp:term":[{"taxonomy":"pwb-brand","embeddable":true,"href":"https:\/\/skinstudio.ee\/lv\/wp-json\/wp\/v2\/pwb-brand?post=58247"},{"taxonomy":"product_brand","embeddable":true,"href":"https:\/\/skinstudio.ee\/lv\/wp-json\/wp\/v2\/product_brand?post=58247"},{"taxonomy":"product_cat","embeddable":true,"href":"https:\/\/skinstudio.ee\/lv\/wp-json\/wp\/v2\/product_cat?post=58247"},{"taxonomy":"product_tag","embeddable":true,"href":"https:\/\/skinstudio.ee\/lv\/wp-json\/wp\/v2\/product_tag?post=58247"},{"taxonomy":"giftcard-category","embeddable":true,"href":"https:\/\/skinstudio.ee\/lv\/wp-json\/wp\/v2\/giftcard-category?post=58247"}],"curies":[{"name":"wp","href":"https:\/\/api.w.org\/{rel}","templated":true}]}}