{"id":58264,"date":"2025-11-07T13:05:39","date_gmt":"2025-11-07T13:05:39","guid":{"rendered":"https:\/\/skinstudio.ee\/?post_type=product&#038;p=58264"},"modified":"2026-04-09T11:16:18","modified_gmt":"2026-04-09T11:16:18","slug":"neoretin-discrom-control-gelcream","status":"publish","type":"product","link":"https:\/\/skinstudio.ee\/lv\/catalog\/cantabria-labs-lv\/neoretin-discrom-control-gelcream\/","title":{"rendered":"Neoretin DC Gelcream SPF 50"},"content":{"rendered":"<p data-start=\"63\" data-end=\"422\">Neoretin Discrom Control Gelcream ir vieglas, \u0101tri uzs\u016bco\u0161as tekst\u016bras g\u0113la kr\u0113ms, kas paredz\u0113ts hiperpigment\u0101cijas mazin\u0101\u0161anai un t\u0101s atk\u0101rto\u0161an\u0101s nov\u0113r\u0161anai. T\u0101 formula apvieno sp\u0113c\u012bgus akt\u012bvos komponentus ar pla\u0161a spektra UV filtriem (UVA un UVB), kas pal\u012bdz mazin\u0101t tum\u0161os plankumus, izl\u012bdzin\u0101t \u0101das toni un aizsarg\u0101t pret saules izrais\u012btu pigment\u0101ciju.<\/p>\n<p data-start=\"424\" data-end=\"835\">Inovat\u012bv\u0101 <strong data-start=\"434\" data-end=\"460\">Pigment Control System<\/strong>, kas satur sp\u0113c\u012bgas depigment\u0113jo\u0161as sast\u0101vda\u013cas, iedarbojas uz melan\u012bna sint\u0113zes procesiem, samazinot pigmenta veido\u0161anos un veicinot vienm\u0113r\u012bgu \u0101das toni. <strong data-start=\"617\" data-end=\"644\">RetinSphere\u00ae Technology<\/strong> nodro\u0161ina vieglu p\u012blinga un atjaunojo\u0161u iedarb\u012bbu, uzlabojot \u0101das tekst\u016bru un pie\u0161\u0137irot tai starojumu. Pateicoties augstajai panesam\u012bbai, produkts ir piem\u0113rots lieto\u0161anai visa gada garum\u0101.<\/p>\n<p data-start=\"837\" data-end=\"1000\">Regul\u0101ra Neoretin Discrom Control Gelcream lieto\u0161ana pal\u012bdz padar\u012bt \u0101du glud\u0101ku, mirdzo\u0161\u0101ku un vienm\u0113r\u012bg\u0101ku, vienlaikus nov\u0113r\u0161ot jaunu tum\u0161o plankumu veido\u0161anos.<\/p>\n<p data-start=\"1002\" data-end=\"1022\"><strong data-start=\"1002\" data-end=\"1014\">Tilpums:<\/strong> 40 ml<\/p>\n","protected":false},"excerpt":{"rendered":"<p data-start=\"1075\" data-end=\"1122\">Gai\u0161ino\u0161s g\u0113la kr\u0113ms \u0101das to\u0146a izl\u012bdzin\u0101\u0161anai<\/p>\n<h2 data-start=\"1124\" data-end=\"1413\"><strong data-start=\"1124\" data-end=\"1187\">\u012apa\u0161\u012bbas Cantabria Labs &#8211; Neoretin Discrom Control Gelcream<\/strong><\/h2>\n<p data-start=\"1124\" data-end=\"1413\">\u2714\ufe0f Samazina tum\u0161os plankumus un nov\u0113r\u0161 to atk\u0101rto\u0161anos<br data-start=\"1244\" data-end=\"1247\" \/>\u2714\ufe0f Izl\u012bdzina \u0101das toni un pie\u0161\u0137ir mirdzumu<br data-start=\"1289\" data-end=\"1292\" \/>\u2714\ufe0f Aizsarg\u0101 pret UVA\/UVB starojumu<br data-start=\"1326\" data-end=\"1329\" \/>\u2714\ufe0f Uzlabo \u0101das tekst\u016bru un gludumu<br data-start=\"1363\" data-end=\"1366\" \/>\u2714\ufe0f Piem\u0113rots ikdienas un visa gada lieto\u0161anai<\/p>\n","protected":false},"featured_media":65043,"template":"","meta":[],"pwb-brand":[1201],"product_brand":[],"product_cat":[727,749,751,723],"product_tag":[],"giftcard-category":[],"class_list":{"0":"post-58264","1":"product","2":"type-product","3":"status-publish","4":"has-post-thumbnail","6":"pwb-brand-cantabria-labs-lv","7":"product_cat-a-vitamins-retinols","8":"product_cat-novecojosa-ada","9":"product_cat-pigmentacija-lv","10":"product_cat-serumi","12":"first","13":"instock","14":"taxable","15":"shipping-taxable","16":"purchasable","17":"product-type-simple"},"acf":[],"brands":[{"id":1201,"name":"Cantabria Labs","slug":"cantabria-labs-lv"}],"_links":{"self":[{"href":"https:\/\/skinstudio.ee\/lv\/wp-json\/wp\/v2\/product\/58264","targetHints":{"allow":["GET"]}}],"collection":[{"href":"https:\/\/skinstudio.ee\/lv\/wp-json\/wp\/v2\/product"}],"about":[{"href":"https:\/\/skinstudio.ee\/lv\/wp-json\/wp\/v2\/types\/product"}],"version-history":[{"count":1,"href":"https:\/\/skinstudio.ee\/lv\/wp-json\/wp\/v2\/product\/58264\/revisions"}],"predecessor-version":[{"id":90274,"href":"https:\/\/skinstudio.ee\/lv\/wp-json\/wp\/v2\/product\/58264\/revisions\/90274"}],"wp:featuredmedia":[{"embeddable":true,"href":"https:\/\/skinstudio.ee\/lv\/wp-json\/wp\/v2\/media\/65043"}],"wp:attachment":[{"href":"https:\/\/skinstudio.ee\/lv\/wp-json\/wp\/v2\/media?parent=58264"}],"wp:term":[{"taxonomy":"pwb-brand","embeddable":true,"href":"https:\/\/skinstudio.ee\/lv\/wp-json\/wp\/v2\/pwb-brand?post=58264"},{"taxonomy":"product_brand","embeddable":true,"href":"https:\/\/skinstudio.ee\/lv\/wp-json\/wp\/v2\/product_brand?post=58264"},{"taxonomy":"product_cat","embeddable":true,"href":"https:\/\/skinstudio.ee\/lv\/wp-json\/wp\/v2\/product_cat?post=58264"},{"taxonomy":"product_tag","embeddable":true,"href":"https:\/\/skinstudio.ee\/lv\/wp-json\/wp\/v2\/product_tag?post=58264"},{"taxonomy":"giftcard-category","embeddable":true,"href":"https:\/\/skinstudio.ee\/lv\/wp-json\/wp\/v2\/giftcard-category?post=58264"}],"curies":[{"name":"wp","href":"https:\/\/api.w.org\/{rel}","templated":true}]}}