{"id":58279,"date":"2025-11-07T13:14:20","date_gmt":"2025-11-07T13:14:20","guid":{"rendered":"https:\/\/skinstudio.ee\/?post_type=product&#038;p=58279"},"modified":"2025-12-18T13:27:22","modified_gmt":"2025-12-18T13:27:22","slug":"neoretin-dc-transition-cream","status":"publish","type":"product","link":"https:\/\/skinstudio.ee\/lv\/catalog\/cantabria-labs-lv\/neoretin-dc-transition-cream\/","title":{"rendered":"Neoretin DC Transition Cream"},"content":{"rendered":"<p data-start=\"58\" data-end=\"385\">Neoretin DC Transition Cream ir mitrino\u0161s un nomierino\u0161s kr\u0113ms ar augstu panesam\u012bbu, kas paredz\u0113ts \u0101das kop\u0161anai starp depigment\u0113jo\u0161\u0101m proced\u016br\u0101m vai k\u0101 uzturo\u0161s l\u012bdzeklis. T\u0101 viegl\u0101 formula ar m\u016bsdien\u012bgiem akt\u012bvajiem komponentiem saudz\u012bgi kopj \u0101du, atjauno t\u0101s aizsargbarjeru un pal\u012bdz saglab\u0101t vienm\u0113r\u012bgu un starojo\u0161u toni.<\/p>\n<p data-start=\"387\" data-end=\"775\"><strong data-start=\"387\" data-end=\"413\">Pigment Control System<\/strong>, kas bag\u0101tin\u0101ta ar <strong data-start=\"433\" data-end=\"448\">niacinam\u012bdu<\/strong>, pal\u012bdz mazin\u0101t pigment\u0101ciju un veicina vienm\u0113r\u012bgu \u0101das toni. <strong data-start=\"511\" data-end=\"538\">RetinSphere\u00ae Technology<\/strong> nodro\u0161ina maigu \u0101das atjauno\u0161anu un tekst\u016bras uzlabo\u0161anu, padarot to glud\u0101ku un svaig\u0101ku. <strong data-start=\"629\" data-end=\"642\">EDAFENCE\u00ae<\/strong> aizsargkomplekss stiprina \u0101das barjeru un pasarg\u0101 to no pies\u0101r\u0146ojuma un vides stresa &#8211; diviem galvenajiem tum\u0161o plankumu c\u0113lo\u0146iem.<\/p>\n<p data-start=\"777\" data-end=\"960\">Kr\u0113mam ir viegla, nekomedog\u0113na tekst\u016bra, kas \u0101tri uzs\u016bcas un padara \u0101du maigu, mitrin\u0101tu un komfortablu, neatst\u0101jot taukainu sp\u012bdumu. Piem\u0113rots visiem \u0101das tipiem, ar\u012b jut\u012bgai \u0101dai.<\/p>\n<p data-start=\"962\" data-end=\"982\"><strong data-start=\"962\" data-end=\"974\">Tilpums:<\/strong> 50 ml<\/p>\n","protected":false},"excerpt":{"rendered":"<p data-start=\"1031\" data-end=\"1072\">Mitrino\u0161s kr\u0113ms \u0101das uzturo\u0161ai kop\u0161anai<\/p>\n<h2 data-start=\"1074\" data-end=\"1367\"><strong data-start=\"1074\" data-end=\"1132\">\u012apa\u0161\u012bbas Cantabria Labs &#8211; Neoretin DC Transition Cream<\/strong><\/h2>\n<p data-start=\"1074\" data-end=\"1367\">\u2714\ufe0f Uztur vienm\u0113r\u012bgu toni un gludu tekst\u016bru<br data-start=\"1177\" data-end=\"1180\" \/>\u2714\ufe0f M\u012bkstina un mitrina, nodro\u0161inot komfortu<br data-start=\"1223\" data-end=\"1226\" \/>\u2714\ufe0f Samazina pigment\u0101cijas paz\u012bmes<br data-start=\"1259\" data-end=\"1262\" \/>\u2714\ufe0f Aizsarg\u0101 no pies\u0101r\u0146ojuma un vides stresa<br data-start=\"1305\" data-end=\"1308\" \/>\u2714\ufe0f Veicina \u0101das barjeras atjauno\u0161anos un pie\u0161\u0137ir mirdzumu<\/p>\n","protected":false},"featured_media":65038,"template":"","meta":[],"pwb-brand":[1201],"product_brand":[],"product_cat":[727,749,751,723],"product_tag":[],"giftcard-category":[],"class_list":{"0":"post-58279","1":"product","2":"type-product","3":"status-publish","4":"has-post-thumbnail","6":"pwb-brand-cantabria-labs-lv","7":"product_cat-a-vitamins-retinols","8":"product_cat-novecojosa-ada","9":"product_cat-pigmentacija-lv","10":"product_cat-serumi","12":"first","13":"instock","14":"taxable","15":"shipping-taxable","16":"purchasable","17":"product-type-simple"},"acf":[],"brands":[{"id":1201,"name":"Cantabria Labs","slug":"cantabria-labs-lv"}],"_links":{"self":[{"href":"https:\/\/skinstudio.ee\/lv\/wp-json\/wp\/v2\/product\/58279","targetHints":{"allow":["GET"]}}],"collection":[{"href":"https:\/\/skinstudio.ee\/lv\/wp-json\/wp\/v2\/product"}],"about":[{"href":"https:\/\/skinstudio.ee\/lv\/wp-json\/wp\/v2\/types\/product"}],"version-history":[{"count":0,"href":"https:\/\/skinstudio.ee\/lv\/wp-json\/wp\/v2\/product\/58279\/revisions"}],"wp:featuredmedia":[{"embeddable":true,"href":"https:\/\/skinstudio.ee\/lv\/wp-json\/wp\/v2\/media\/65038"}],"wp:attachment":[{"href":"https:\/\/skinstudio.ee\/lv\/wp-json\/wp\/v2\/media?parent=58279"}],"wp:term":[{"taxonomy":"pwb-brand","embeddable":true,"href":"https:\/\/skinstudio.ee\/lv\/wp-json\/wp\/v2\/pwb-brand?post=58279"},{"taxonomy":"product_brand","embeddable":true,"href":"https:\/\/skinstudio.ee\/lv\/wp-json\/wp\/v2\/product_brand?post=58279"},{"taxonomy":"product_cat","embeddable":true,"href":"https:\/\/skinstudio.ee\/lv\/wp-json\/wp\/v2\/product_cat?post=58279"},{"taxonomy":"product_tag","embeddable":true,"href":"https:\/\/skinstudio.ee\/lv\/wp-json\/wp\/v2\/product_tag?post=58279"},{"taxonomy":"giftcard-category","embeddable":true,"href":"https:\/\/skinstudio.ee\/lv\/wp-json\/wp\/v2\/giftcard-category?post=58279"}],"curies":[{"name":"wp","href":"https:\/\/api.w.org\/{rel}","templated":true}]}}