{"id":58295,"date":"2025-11-07T13:20:33","date_gmt":"2025-11-07T13:20:33","guid":{"rendered":"https:\/\/skinstudio.ee\/?post_type=product&#038;p=58295"},"modified":"2025-12-18T13:27:22","modified_gmt":"2025-12-18T13:27:22","slug":"neoretin-dc-lightening-peel-pads","status":"publish","type":"product","link":"https:\/\/skinstudio.ee\/lv\/catalog\/cantabria-labs-lv\/neoretin-dc-lightening-peel-pads\/","title":{"rendered":"Neoretin DC Lightening Peel Pads"},"content":{"rendered":"<p data-start=\"62\" data-end=\"318\">Neoretin DC Lightening Peel Pads ir inovat\u012bvs m\u0101jas p\u012blinga l\u012bdzeklis, kas pastiprina citu depigment\u0113jo\u0161u produktu iedarb\u012bbu. \u0136\u012bmisko un enz\u012bmu eksfoliantu kombin\u0101cija veicina \u0101das atjauno\u0161anos jau 20 min\u016bt\u0113s, padarot to glud\u0101ku, gai\u0161\u0101ku un vienm\u0113r\u012bg\u0101ku.<\/p>\n<p data-start=\"320\" data-end=\"717\"><strong data-start=\"320\" data-end=\"347\">RetinSphere\u00ae Technology<\/strong> stimul\u0113 epidermas atjauno\u0161anos un uzlabo akt\u012bvo sast\u0101vda\u013cu efektivit\u0101ti. Bez\u0161\u0137iedru vat\u012btes, kas izgatavotas no t\u012briem \u0161\u0137iedriem, ir pies\u016bcin\u0101tas ar nekomedog\u0113nu formulu, kas samazina kairin\u0101juma un aler\u0123iju risku. To nedaudz raupj\u0101 virsma nodro\u0161ina vieglu meh\u0101nisku p\u012blingu un mas\u0101\u017eas efektu, pie\u0161\u0137irot \u0101dai mirdzumu. Piem\u0113rotas visiem \u0101das tipiem, ar\u012b jut\u012bgai \u0101dai.<\/p>\n<p data-start=\"719\" data-end=\"849\">Regul\u0101ra Neoretin DC Lightening Peel Pads lieto\u0161ana pal\u012bdz uzlabot \u0101das tekst\u016bru, izl\u012bdzin\u0101t toni un atjaunot dabisko starojumu.<\/p>\n<p data-start=\"851\" data-end=\"882\"><strong data-start=\"851\" data-end=\"863\">Tilpums:<\/strong> 6 vat\u012btes x 1 ml<\/p>\n","protected":false},"excerpt":{"rendered":"<p data-start=\"1261\" data-end=\"1309\">P\u012blinga vat\u012btes \u0101das atjauno\u0161anai un mirdzumam<\/p>\n<h2 data-start=\"1311\" data-end=\"1584\"><strong data-start=\"1311\" data-end=\"1373\">\u012apa\u0161\u012bbas Cantabria Labs &#8211; Neoretin DC Lightening Peel Pads<\/strong><\/h2>\n<p data-start=\"1311\" data-end=\"1584\">\u2714\ufe0f Atjauno \u0101du 20 min\u016bt\u0113s<br data-start=\"1401\" data-end=\"1404\" \/>\u2714\ufe0f Pastiprina depigment\u0113jo\u0161u produktu iedarb\u012bbu<br data-start=\"1451\" data-end=\"1454\" \/>\u2714\ufe0f Izl\u012bdzina toni un pie\u0161\u0137ir mirdzumu<br data-start=\"1491\" data-end=\"1494\" \/>\u2714\ufe0f Uzlabo \u0101das tekst\u016bru un svaigumu<br data-start=\"1529\" data-end=\"1532\" \/>\u2714\ufe0f Piem\u0113rotas visiem \u0101das tipiem, ar\u012b jut\u012bgai \u0101dai<\/p>\n","protected":false},"featured_media":65032,"template":"","meta":[],"pwb-brand":[1201],"product_brand":[],"product_cat":[751,719],"product_tag":[],"giftcard-category":[],"class_list":{"0":"post-58295","1":"product","2":"type-product","3":"status-publish","4":"has-post-thumbnail","6":"pwb-brand-cantabria-labs-lv","7":"product_cat-pigmentacija-lv","8":"product_cat-skrubji-un-pilingi","10":"first","11":"instock","12":"taxable","13":"shipping-taxable","14":"purchasable","15":"product-type-simple"},"acf":[],"brands":[{"id":1201,"name":"Cantabria Labs","slug":"cantabria-labs-lv"}],"_links":{"self":[{"href":"https:\/\/skinstudio.ee\/lv\/wp-json\/wp\/v2\/product\/58295","targetHints":{"allow":["GET"]}}],"collection":[{"href":"https:\/\/skinstudio.ee\/lv\/wp-json\/wp\/v2\/product"}],"about":[{"href":"https:\/\/skinstudio.ee\/lv\/wp-json\/wp\/v2\/types\/product"}],"version-history":[{"count":0,"href":"https:\/\/skinstudio.ee\/lv\/wp-json\/wp\/v2\/product\/58295\/revisions"}],"wp:featuredmedia":[{"embeddable":true,"href":"https:\/\/skinstudio.ee\/lv\/wp-json\/wp\/v2\/media\/65032"}],"wp:attachment":[{"href":"https:\/\/skinstudio.ee\/lv\/wp-json\/wp\/v2\/media?parent=58295"}],"wp:term":[{"taxonomy":"pwb-brand","embeddable":true,"href":"https:\/\/skinstudio.ee\/lv\/wp-json\/wp\/v2\/pwb-brand?post=58295"},{"taxonomy":"product_brand","embeddable":true,"href":"https:\/\/skinstudio.ee\/lv\/wp-json\/wp\/v2\/product_brand?post=58295"},{"taxonomy":"product_cat","embeddable":true,"href":"https:\/\/skinstudio.ee\/lv\/wp-json\/wp\/v2\/product_cat?post=58295"},{"taxonomy":"product_tag","embeddable":true,"href":"https:\/\/skinstudio.ee\/lv\/wp-json\/wp\/v2\/product_tag?post=58295"},{"taxonomy":"giftcard-category","embeddable":true,"href":"https:\/\/skinstudio.ee\/lv\/wp-json\/wp\/v2\/giftcard-category?post=58295"}],"curies":[{"name":"wp","href":"https:\/\/api.w.org\/{rel}","templated":true}]}}