{"id":58311,"date":"2025-11-07T13:27:19","date_gmt":"2025-11-07T13:27:19","guid":{"rendered":"https:\/\/skinstudio.ee\/?post_type=product&#038;p=58311"},"modified":"2025-12-18T13:27:22","modified_gmt":"2025-12-18T13:27:22","slug":"neoretin-dc-k-eye-contour-cream","status":"publish","type":"product","link":"https:\/\/skinstudio.ee\/lv\/catalog\/cantabria-labs-lv\/neoretin-dc-k-eye-contour-cream\/","title":{"rendered":"Neoretin DC K-Eye Contour Cream"},"content":{"rendered":"<p data-start=\"61\" data-end=\"342\">Neoretin DC K-Eye Contour Cream ir intens\u012bvs kr\u0113ms acu zonai, kas pal\u012bdz samazin\u0101t tum\u0161os lokus un nov\u0113rst hiperpigment\u0101ciju ap ac\u012bm. Tas efekt\u012bvi iedarbojas gan uz asinsvadu, gan \u0123en\u0113tiskas izcelsmes tum\u0161ajiem lokiem, pie\u0161\u0137irot \u0101dai svaig\u0101ku, mirdzo\u0161\u0101ku un jaunekl\u012bg\u0101ku izskatu.<\/p>\n<p data-start=\"344\" data-end=\"719\">Formul\u0101 apvienoti <strong data-start=\"362\" data-end=\"381\">Vitamin K Oxide<\/strong> un <strong data-start=\"385\" data-end=\"404\">Tranexamic Acid<\/strong>, kas pal\u012bdz izgaismot pigment\u0113t\u0101s zonas un uzlabot mikrocirkul\u0101ciju. <strong data-start=\"474\" data-end=\"501\">RetinSphere\u00ae Technology<\/strong>, kur\u0101 ir augstas efektivit\u0101tes retino\u012bdi, izl\u012bdzina \u0101das toni un samazina s\u012bk\u0101s krunci\u0146as, savuk\u0101rt <strong data-start=\"602\" data-end=\"615\">EDAFENCE\u00ae<\/strong> aizsarg\u0101 jut\u012bgo acu kont\u016bras \u0101du no \u0101r\u0113jiem vides faktoriem, piem\u0113ram, pies\u0101r\u0146ojuma un zil\u0101s gaismas.<\/p>\n<p data-start=\"721\" data-end=\"871\">Regul\u0101ra Neoretin DC K-Eye Contour Cream lieto\u0161ana samazina tum\u0161os lokus un smalk\u0101s krunci\u0146as, padarot \u0101du ap ac\u012bm glud\u0101ku, stingr\u0101ku un mirdzo\u0161\u0101ku.<\/p>\n<p data-start=\"873\" data-end=\"893\"><strong data-start=\"873\" data-end=\"885\">Tilpums:<\/strong> 15 ml<\/p>\n","protected":false},"excerpt":{"rendered":"<p data-start=\"1005\" data-end=\"1038\">Acu kont\u016bras izgaismojo\u0161s kr\u0113ms<\/p>\n<h2 data-start=\"1040\" data-end=\"1334\"><strong data-start=\"1040\" data-end=\"1101\">\u012apa\u0161\u012bbas Cantabria Labs &#8211; Neoretin DC K-Eye Contour Cream<\/strong><\/h2>\n<p data-start=\"1040\" data-end=\"1334\">\u2714\ufe0f Samazina tum\u0161os lokus un noguruma paz\u012bmes<br data-start=\"1148\" data-end=\"1151\" \/>\u2714\ufe0f Izl\u012bdzina \u0101das toni un izgaismo acu zonu<br data-start=\"1194\" data-end=\"1197\" \/>\u2714\ufe0f Samazina smalk\u0101s krunci\u0146as un l\u012bnijas<br data-start=\"1237\" data-end=\"1240\" \/>\u2714\ufe0f Nostiprina un toniz\u0113 jut\u012bgo \u0101du<br data-start=\"1274\" data-end=\"1277\" \/>\u2714\ufe0f Aizsarg\u0101 no pies\u0101r\u0146ojuma un zil\u0101s gaismas iedarb\u012bbas<\/p>\n","protected":false},"featured_media":65027,"template":"","meta":[],"pwb-brand":[1201],"product_brand":[],"product_cat":[727,733,749],"product_tag":[],"giftcard-category":[],"class_list":{"0":"post-58311","1":"product","2":"type-product","3":"status-publish","4":"has-post-thumbnail","6":"pwb-brand-cantabria-labs-lv","7":"product_cat-a-vitamins-retinols","8":"product_cat-ada-ap-acim","9":"product_cat-novecojosa-ada","11":"first","12":"instock","13":"taxable","14":"shipping-taxable","15":"purchasable","16":"product-type-simple"},"acf":[],"brands":[{"id":1201,"name":"Cantabria Labs","slug":"cantabria-labs-lv"}],"_links":{"self":[{"href":"https:\/\/skinstudio.ee\/lv\/wp-json\/wp\/v2\/product\/58311","targetHints":{"allow":["GET"]}}],"collection":[{"href":"https:\/\/skinstudio.ee\/lv\/wp-json\/wp\/v2\/product"}],"about":[{"href":"https:\/\/skinstudio.ee\/lv\/wp-json\/wp\/v2\/types\/product"}],"version-history":[{"count":0,"href":"https:\/\/skinstudio.ee\/lv\/wp-json\/wp\/v2\/product\/58311\/revisions"}],"wp:featuredmedia":[{"embeddable":true,"href":"https:\/\/skinstudio.ee\/lv\/wp-json\/wp\/v2\/media\/65027"}],"wp:attachment":[{"href":"https:\/\/skinstudio.ee\/lv\/wp-json\/wp\/v2\/media?parent=58311"}],"wp:term":[{"taxonomy":"pwb-brand","embeddable":true,"href":"https:\/\/skinstudio.ee\/lv\/wp-json\/wp\/v2\/pwb-brand?post=58311"},{"taxonomy":"product_brand","embeddable":true,"href":"https:\/\/skinstudio.ee\/lv\/wp-json\/wp\/v2\/product_brand?post=58311"},{"taxonomy":"product_cat","embeddable":true,"href":"https:\/\/skinstudio.ee\/lv\/wp-json\/wp\/v2\/product_cat?post=58311"},{"taxonomy":"product_tag","embeddable":true,"href":"https:\/\/skinstudio.ee\/lv\/wp-json\/wp\/v2\/product_tag?post=58311"},{"taxonomy":"giftcard-category","embeddable":true,"href":"https:\/\/skinstudio.ee\/lv\/wp-json\/wp\/v2\/giftcard-category?post=58311"}],"curies":[{"name":"wp","href":"https:\/\/api.w.org\/{rel}","templated":true}]}}