{"id":58334,"date":"2025-11-07T13:35:00","date_gmt":"2025-11-07T13:35:00","guid":{"rendered":"https:\/\/skinstudio.ee\/?post_type=product&#038;p=58334"},"modified":"2025-12-18T13:27:22","modified_gmt":"2025-12-18T13:27:22","slug":"neoretin-dc-pigment-neutralizer-serum","status":"publish","type":"product","link":"https:\/\/skinstudio.ee\/lv\/catalog\/cantabria-labs-lv\/neoretin-dc-pigment-neutralizer-serum\/","title":{"rendered":"Neoretin DC Pigment Neutralizer Serum"},"content":{"rendered":"<p data-start=\"67\" data-end=\"442\"><strong>Neoretin DC Pigment Neutralizer Serum<\/strong> ir inovat\u012bvs serums, kas efekt\u012bvi samazina pigment\u0101ciju, neradot \u0101das kairin\u0101jumu. Piem\u0113rots visiem \u0101das tipiem, tostarp jut\u012bgai \u0101dai un tiem, kuri nepanes retinolu vai AHA sk\u0101bes. Viegl\u0101, mitrino\u0161\u0101 formula ar hialuronsk\u0101bi izl\u012bdzina \u0101das toni, pie\u0161\u0137ir mirdzumu un redzami samazina tum\u0161os plankumus, padarot \u0101du glud\u0101ku un starojo\u0161\u0101ku.<\/p>\n<p data-start=\"444\" data-end=\"738\">Patentin\u0101tais <strong data-start=\"458\" data-end=\"478\">Azelaic Aox-Tech<\/strong> komplekss nodro\u0161ina sp\u0113c\u012bgu antioksidantu un izgaismojo\u0161u iedarb\u012bbu, vienlaikus pal\u012bdzot nov\u0113rst jaunu pigment\u0101cijas plankumu veido\u0161anos. Serums dzi\u013ci baro un mitrina \u0101du, uzlabo t\u0101s elast\u012bbu un nodro\u0161ina vesel\u012bgu mirdzumu bez sausuma vai savilkuma saj\u016btas.<\/p>\n<p data-start=\"740\" data-end=\"886\">Regul\u0101ra Neoretin DC Pigment Neutralizer Serum lieto\u0161ana pal\u012bdz atjaunot vienm\u0113r\u012bgu \u0101das toni, padarot \u0101du redzami svaig\u0101ku, gai\u0161\u0101ku un maig\u0101ku.<\/p>\n<p data-start=\"888\" data-end=\"908\"><strong data-start=\"888\" data-end=\"900\">Tilpums:<\/strong> 30 ml<\/p>\n","protected":false},"excerpt":{"rendered":"<p data-start=\"1057\" data-end=\"1115\">Izgaismojo\u0161s serums vienm\u0113r\u012bgam un starojo\u0161am \u0101das tonim<\/p>\n<h2 data-start=\"1117\" data-end=\"1424\"><strong data-start=\"1117\" data-end=\"1184\">\u012apa\u0161\u012bbas Cantabria Labs &#8211; Neoretin DC Pigment Neutralizer Serum<\/strong><\/h2>\n<p data-start=\"1117\" data-end=\"1424\">\u2714\ufe0f Samazina un nov\u0113r\u0161 tum\u0161os plankumus<br data-start=\"1225\" data-end=\"1228\" \/>\u2714\ufe0f Izl\u012bdzina \u0101das toni un pie\u0161\u0137ir mirdzumu<br data-start=\"1270\" data-end=\"1273\" \/>\u2714\ufe0f Piem\u0113rots jut\u012bgai \u0101dai, kas nepanes retinolu un sk\u0101bes<br data-start=\"1330\" data-end=\"1333\" \/>\u2714\ufe0f Dzi\u013ci mitrina un m\u012bkstina \u0101du<br data-start=\"1365\" data-end=\"1368\" \/>\u2714\ufe0f Nodro\u0161ina maigu izgaismojo\u0161u efektu bez kairin\u0101juma<\/p>\n","protected":false},"featured_media":65022,"template":"","meta":[],"pwb-brand":[1201],"product_brand":[],"product_cat":[749,751,723],"product_tag":[],"giftcard-category":[],"class_list":{"0":"post-58334","1":"product","2":"type-product","3":"status-publish","4":"has-post-thumbnail","6":"pwb-brand-cantabria-labs-lv","7":"product_cat-novecojosa-ada","8":"product_cat-pigmentacija-lv","9":"product_cat-serumi","11":"first","12":"instock","13":"taxable","14":"shipping-taxable","15":"purchasable","16":"product-type-simple"},"acf":[],"brands":[{"id":1201,"name":"Cantabria Labs","slug":"cantabria-labs-lv"}],"_links":{"self":[{"href":"https:\/\/skinstudio.ee\/lv\/wp-json\/wp\/v2\/product\/58334","targetHints":{"allow":["GET"]}}],"collection":[{"href":"https:\/\/skinstudio.ee\/lv\/wp-json\/wp\/v2\/product"}],"about":[{"href":"https:\/\/skinstudio.ee\/lv\/wp-json\/wp\/v2\/types\/product"}],"version-history":[{"count":0,"href":"https:\/\/skinstudio.ee\/lv\/wp-json\/wp\/v2\/product\/58334\/revisions"}],"wp:featuredmedia":[{"embeddable":true,"href":"https:\/\/skinstudio.ee\/lv\/wp-json\/wp\/v2\/media\/65022"}],"wp:attachment":[{"href":"https:\/\/skinstudio.ee\/lv\/wp-json\/wp\/v2\/media?parent=58334"}],"wp:term":[{"taxonomy":"pwb-brand","embeddable":true,"href":"https:\/\/skinstudio.ee\/lv\/wp-json\/wp\/v2\/pwb-brand?post=58334"},{"taxonomy":"product_brand","embeddable":true,"href":"https:\/\/skinstudio.ee\/lv\/wp-json\/wp\/v2\/product_brand?post=58334"},{"taxonomy":"product_cat","embeddable":true,"href":"https:\/\/skinstudio.ee\/lv\/wp-json\/wp\/v2\/product_cat?post=58334"},{"taxonomy":"product_tag","embeddable":true,"href":"https:\/\/skinstudio.ee\/lv\/wp-json\/wp\/v2\/product_tag?post=58334"},{"taxonomy":"giftcard-category","embeddable":true,"href":"https:\/\/skinstudio.ee\/lv\/wp-json\/wp\/v2\/giftcard-category?post=58334"}],"curies":[{"name":"wp","href":"https:\/\/api.w.org\/{rel}","templated":true}]}}