{"id":58350,"date":"2025-11-07T13:45:56","date_gmt":"2025-11-07T13:45:56","guid":{"rendered":"https:\/\/skinstudio.ee\/?post_type=product&#038;p=58350"},"modified":"2026-04-09T11:18:48","modified_gmt":"2026-04-09T11:18:48","slug":"neoretin-discrom-control-sensitive-areas-body-lotion","status":"publish","type":"product","link":"https:\/\/skinstudio.ee\/lv\/catalog\/cantabria-labs-lv\/neoretin-discrom-control-sensitive-areas-body-lotion\/","title":{"rendered":"Neoretin DC Body Lotion"},"content":{"rendered":"<p data-start=\"82\" data-end=\"488\">Neoretin Discrom Control Sensitive Areas Body Lotion ir maigs izgaismojo\u0161s \u0137erme\u0146a losjons, kas \u012bpa\u0161i izstr\u0101d\u0101ts jut\u012bg\u0101m zon\u0101m. Tas pal\u012bdz izl\u012bdzin\u0101t \u0101das toni, intens\u012bvi mitrina un stiprina \u0101das aizsargbarjeru. Formula apvieno <strong data-start=\"310\" data-end=\"325\">niacinam\u012bdu<\/strong>, <strong data-start=\"327\" data-end=\"343\">azela\u012bnsk\u0101bi<\/strong>, <strong data-start=\"345\" data-end=\"365\">traneksam\u012bnsk\u0101bi<\/strong> un inovat\u012bvo <strong data-start=\"379\" data-end=\"406\">RetinSphere\u00ae Technology<\/strong>, nodro\u0161inot augstu efektivit\u0101ti un lielisku panesam\u012bbu pat visjut\u012bg\u0101kajai \u0101dai.<\/p>\n<p data-start=\"490\" data-end=\"760\">Losjons efekt\u012bvi izgaismo un m\u012bkstina \u0101du viet\u0101s, kur m\u0113dz veidoties pigment\u0101cija, piem\u0113ram, aug\u0161stilbu iek\u0161pus\u0113, padus\u0113s, uz elko\u0146iem un ce\u013ciem. Tas stiprina \u0101das barjeru, nov\u0113r\u0161 jaunu plankumu veido\u0161anos un uzlabo \u0101das tekst\u016bru, padarot to gludu, maigu un starojo\u0161u.<\/p>\n<p data-start=\"762\" data-end=\"954\">Pateicoties vieglajai un \u0101tri uzs\u016bco\u0161ajai tekst\u016brai, Neoretin Discrom Control Sensitive Areas Body Lotion ir ide\u0101li piem\u0113rots ikdienas lieto\u0161anai. Bez smar\u017eviel\u0101m. Dermatolo\u0123iski p\u0101rbaud\u012bts.<\/p>\n<p data-start=\"956\" data-end=\"977\"><strong data-start=\"956\" data-end=\"968\">Tilpums:<\/strong> 100 ml<\/p>\n","protected":false},"excerpt":{"rendered":"<p data-start=\"1140\" data-end=\"1184\">Izgaismojo\u0161s \u0137erme\u0146a losjons jut\u012bg\u0101m zon\u0101m<\/p>\n<h2 data-start=\"1186\" data-end=\"1505\"><strong data-start=\"1186\" data-end=\"1268\">\u012apa\u0161\u012bbas Cantabria Labs &#8211; Neoretin Discrom Control Sensitive Areas Body Lotion<\/strong><\/h2>\n<p data-start=\"1186\" data-end=\"1505\">\u2714\ufe0f Izl\u012bdzina \u0101das toni jut\u012bgaj\u0101s zon\u0101s<br data-start=\"1309\" data-end=\"1312\" \/>\u2714\ufe0f Dzi\u013ci mitrina un stiprina \u0101das aizsargbarjeru<br data-start=\"1360\" data-end=\"1363\" \/>\u2714\ufe0f Izgaismo pigment\u0113t\u0101s vietas bez kairin\u0101juma<br data-start=\"1409\" data-end=\"1412\" \/>\u2714\ufe0f Padara \u0101du gludu, maigu un starojo\u0161u<br data-start=\"1451\" data-end=\"1454\" \/>\u2714\ufe0f Bez smar\u017eviel\u0101m, piem\u0113rots ikdienas lieto\u0161anai<\/p>\n","protected":false},"featured_media":65017,"template":"","meta":[],"pwb-brand":[1201],"product_brand":[],"product_cat":[757],"product_tag":[],"giftcard-category":[],"class_list":{"0":"post-58350","1":"product","2":"type-product","3":"status-publish","4":"has-post-thumbnail","6":"pwb-brand-cantabria-labs-lv","7":"product_cat-kermena-kopsana","9":"first","10":"instock","11":"taxable","12":"shipping-taxable","13":"purchasable","14":"product-type-simple"},"acf":[],"brands":[{"id":1201,"name":"Cantabria Labs","slug":"cantabria-labs-lv"}],"_links":{"self":[{"href":"https:\/\/skinstudio.ee\/lv\/wp-json\/wp\/v2\/product\/58350","targetHints":{"allow":["GET"]}}],"collection":[{"href":"https:\/\/skinstudio.ee\/lv\/wp-json\/wp\/v2\/product"}],"about":[{"href":"https:\/\/skinstudio.ee\/lv\/wp-json\/wp\/v2\/types\/product"}],"version-history":[{"count":1,"href":"https:\/\/skinstudio.ee\/lv\/wp-json\/wp\/v2\/product\/58350\/revisions"}],"predecessor-version":[{"id":90280,"href":"https:\/\/skinstudio.ee\/lv\/wp-json\/wp\/v2\/product\/58350\/revisions\/90280"}],"wp:featuredmedia":[{"embeddable":true,"href":"https:\/\/skinstudio.ee\/lv\/wp-json\/wp\/v2\/media\/65017"}],"wp:attachment":[{"href":"https:\/\/skinstudio.ee\/lv\/wp-json\/wp\/v2\/media?parent=58350"}],"wp:term":[{"taxonomy":"pwb-brand","embeddable":true,"href":"https:\/\/skinstudio.ee\/lv\/wp-json\/wp\/v2\/pwb-brand?post=58350"},{"taxonomy":"product_brand","embeddable":true,"href":"https:\/\/skinstudio.ee\/lv\/wp-json\/wp\/v2\/product_brand?post=58350"},{"taxonomy":"product_cat","embeddable":true,"href":"https:\/\/skinstudio.ee\/lv\/wp-json\/wp\/v2\/product_cat?post=58350"},{"taxonomy":"product_tag","embeddable":true,"href":"https:\/\/skinstudio.ee\/lv\/wp-json\/wp\/v2\/product_tag?post=58350"},{"taxonomy":"giftcard-category","embeddable":true,"href":"https:\/\/skinstudio.ee\/lv\/wp-json\/wp\/v2\/giftcard-category?post=58350"}],"curies":[{"name":"wp","href":"https:\/\/api.w.org\/{rel}","templated":true}]}}