{"id":58365,"date":"2025-11-07T13:53:04","date_gmt":"2025-11-07T13:53:04","guid":{"rendered":"https:\/\/skinstudio.ee\/?post_type=product&#038;p=58365"},"modified":"2025-12-18T13:27:22","modified_gmt":"2025-12-18T13:27:22","slug":"skin-resist-velvet-cleanser","status":"publish","type":"product","link":"https:\/\/skinstudio.ee\/lv\/catalog\/cantabria-labs-lv\/skin-resist-velvet-cleanser\/","title":{"rendered":"Skin Resist Velvet Cleanser"},"content":{"rendered":"<p data-start=\"57\" data-end=\"323\">Skin Resist Velvet Cleanser ir \u012bpa\u0161i maigs, samtainas tekst\u016bras att\u012bro\u0161s gels, kas paredz\u0113ts ikdienas lieto\u0161anai un grima no\u0146em\u0161anai no sejas un acu zonas. Tas efekt\u012bvi att\u012bra \u0101du, saglab\u0101jot t\u0101s dabisko l\u012bdzsvaru, un ir ide\u0101li piem\u0113rots jut\u012bgai un reakt\u012bvai \u0101dai.<\/p>\n<p data-start=\"325\" data-end=\"693\">Formul\u0101 izmantota patent\u0113t\u0101 <strong data-start=\"353\" data-end=\"380\">Aquammunist\u00ae Technology<\/strong>, kas balst\u012bta uz miner\u0101lviel\u0101m bag\u0101tu term\u0101lo \u016bdeni un diatomej\u0101m. T\u0101 nomierina \u0101du, stiprina t\u0101s aizsargbarjeru un samazina jut\u012bgumu. <strong data-start=\"516\" data-end=\"558\">SkinCalm Booster (\u010cerimojas ekstrakts)<\/strong> uzlabo \u0101das adaptog\u0113n\u0101s \u012bpa\u0161\u012bbas un mazina iekaisumu, bet <strong data-start=\"617\" data-end=\"632\">niacinam\u012bds<\/strong> pal\u012bdz atjaunot \u0101das aizsargfunkciju un padara to glud\u0101ku.<\/p>\n<p data-start=\"695\" data-end=\"835\">Skin Resist Velvet Cleanser ne tikai att\u012bra \u0101du, bet ar\u012b stiprina t\u0101s iztur\u012bbu pret kairin\u0101jumiem, pie\u0161\u0137irot komfortu un dabisku mirdzumu.<\/p>\n<p data-start=\"837\" data-end=\"858\"><strong data-start=\"837\" data-end=\"849\">Tilpums:<\/strong> 200 ml<\/p>\n","protected":false},"excerpt":{"rendered":"<p data-start=\"1062\" data-end=\"1104\">Maigs att\u012bro\u0161s gels ar samtainu tekst\u016bru<\/p>\n<h2 data-start=\"1106\" data-end=\"1396\"><strong data-start=\"1106\" data-end=\"1163\">\u012apa\u0161\u012bbas Cantabria Labs &#8211; Skin Resist Velvet Cleanser<\/strong><\/h2>\n<p data-start=\"1106\" data-end=\"1396\">\u2714\ufe0f Nomierina \u0101du un samazina jut\u012bgumu<br data-start=\"1203\" data-end=\"1206\" \/>\u2714\ufe0f Atjauno \u0101das aizsargbarjeru un saglab\u0101 mitrumu<br data-start=\"1255\" data-end=\"1258\" \/>\u2714\ufe0f Samazina iekaisumu un reaktivit\u0101ti<br data-start=\"1295\" data-end=\"1298\" \/>\u2714\ufe0f Padara \u0101du maigu, gludu un komfortablu<br data-start=\"1339\" data-end=\"1342\" \/>\u2714\ufe0f Piem\u0113rots ikdienas lieto\u0161anai un grima no\u0146em\u0161anai<\/p>\n","protected":false},"featured_media":58358,"template":"","meta":[],"pwb-brand":[1201],"product_brand":[],"product_cat":[715,745],"product_tag":[],"giftcard-category":[],"class_list":{"0":"post-58365","1":"product","2":"type-product","3":"status-publish","4":"has-post-thumbnail","6":"pwb-brand-cantabria-labs-lv","7":"product_cat-attirisana","8":"product_cat-jutigai-adai","10":"first","11":"instock","12":"taxable","13":"shipping-taxable","14":"purchasable","15":"product-type-simple"},"acf":[],"brands":[{"id":1201,"name":"Cantabria Labs","slug":"cantabria-labs-lv"}],"_links":{"self":[{"href":"https:\/\/skinstudio.ee\/lv\/wp-json\/wp\/v2\/product\/58365","targetHints":{"allow":["GET"]}}],"collection":[{"href":"https:\/\/skinstudio.ee\/lv\/wp-json\/wp\/v2\/product"}],"about":[{"href":"https:\/\/skinstudio.ee\/lv\/wp-json\/wp\/v2\/types\/product"}],"version-history":[{"count":0,"href":"https:\/\/skinstudio.ee\/lv\/wp-json\/wp\/v2\/product\/58365\/revisions"}],"wp:featuredmedia":[{"embeddable":true,"href":"https:\/\/skinstudio.ee\/lv\/wp-json\/wp\/v2\/media\/58358"}],"wp:attachment":[{"href":"https:\/\/skinstudio.ee\/lv\/wp-json\/wp\/v2\/media?parent=58365"}],"wp:term":[{"taxonomy":"pwb-brand","embeddable":true,"href":"https:\/\/skinstudio.ee\/lv\/wp-json\/wp\/v2\/pwb-brand?post=58365"},{"taxonomy":"product_brand","embeddable":true,"href":"https:\/\/skinstudio.ee\/lv\/wp-json\/wp\/v2\/product_brand?post=58365"},{"taxonomy":"product_cat","embeddable":true,"href":"https:\/\/skinstudio.ee\/lv\/wp-json\/wp\/v2\/product_cat?post=58365"},{"taxonomy":"product_tag","embeddable":true,"href":"https:\/\/skinstudio.ee\/lv\/wp-json\/wp\/v2\/product_tag?post=58365"},{"taxonomy":"giftcard-category","embeddable":true,"href":"https:\/\/skinstudio.ee\/lv\/wp-json\/wp\/v2\/giftcard-category?post=58365"}],"curies":[{"name":"wp","href":"https:\/\/api.w.org\/{rel}","templated":true}]}}