{"id":58381,"date":"2025-11-07T13:59:44","date_gmt":"2025-11-07T13:59:44","guid":{"rendered":"https:\/\/skinstudio.ee\/?post_type=product&#038;p=58381"},"modified":"2025-12-18T13:27:22","modified_gmt":"2025-12-18T13:27:22","slug":"skin-resist-sensage-serum","status":"publish","type":"product","link":"https:\/\/skinstudio.ee\/lv\/catalog\/cantabria-labs-lv\/skin-resist-sensage-serum\/","title":{"rendered":"Skin Resist Sensage Serum"},"content":{"rendered":"<p data-start=\"55\" data-end=\"292\">Skin Resist Sensage Serum ir intens\u012bvs atjaunojo\u0161s serums, kas paredz\u0113ts jut\u012bgas un rea\u0123\u0113jo\u0161as \u0101das kop\u0161anai. Tas dzi\u013ci mitrina, mazina sausumu un stiprina \u0101das notur\u012bbu pret kairin\u0101jumiem, padarot to mier\u012bg\u0101ku, glud\u0101ku un starojo\u0161\u0101ku.<\/p>\n<p data-start=\"294\" data-end=\"606\">T\u0101 uzlabot\u0101 formula nodro\u0161ina izteiktu pretnoveco\u0161an\u0101s efektu &#8211; iedarbojas uz priek\u0161laic\u012bgas noveco\u0161an\u0101s c\u0113lo\u0146iem un samazina m\u012bmikas grumbas. Akt\u012bv\u0101s sast\u0101vda\u013cas stimul\u0113 kolag\u0113na sint\u0113zi, uzlabo \u0101das bl\u012bvumu un atjauno aizsargbarjeru. Viegl\u0101, \u0101tri uzs\u016bco\u0161\u0101 tekst\u016bra sniedz ilgsto\u0161u komforta un maiguma saj\u016btu.<\/p>\n<p data-start=\"608\" data-end=\"702\">Regul\u0101ri lietojot Skin Resist Sensage Serum, \u0101da k\u013c\u016bst atjaunota, starojo\u0161a un maz\u0101k jut\u012bga.<\/p>\n<p data-start=\"704\" data-end=\"724\"><strong data-start=\"704\" data-end=\"716\">Tilpums:<\/strong> 30 ml<\/p>\n","protected":false},"excerpt":{"rendered":"<p data-start=\"967\" data-end=\"1014\">Atjaunojo\u0161s serums jut\u012bgai un rea\u0123\u0113jo\u0161ai \u0101dai<\/p>\n<h2 data-start=\"1016\" data-end=\"1293\"><strong data-start=\"1016\" data-end=\"1071\">\u012apa\u0161\u012bbas Cantabria Labs &#8211; Skin Resist Sensage Serum<\/strong><\/h2>\n<p data-start=\"1016\" data-end=\"1293\">\u2714\ufe0f Mazina \u0101das jut\u012bgumu un sausumu<br data-start=\"1108\" data-end=\"1111\" \/>\u2714\ufe0f Atjauno un stiprina \u0101das aizsargbarjeru<br data-start=\"1153\" data-end=\"1156\" \/>\u2714\ufe0f Samazina s\u012bk\u0101s grumbi\u0146as un izl\u012bdzina \u0101du<br data-start=\"1200\" data-end=\"1203\" \/>\u2714\ufe0f Uzlabo elast\u012bbu un pie\u0161\u0137ir \u0101dai mirdzumu<br data-start=\"1246\" data-end=\"1249\" \/>\u2714\ufe0f Nomierina un samazina \u0101das reaktivit\u0101ti<\/p>\n","protected":false},"featured_media":65012,"template":"","meta":[],"pwb-brand":[1201],"product_brand":[],"product_cat":[745,749,723],"product_tag":[],"giftcard-category":[],"class_list":{"0":"post-58381","1":"product","2":"type-product","3":"status-publish","4":"has-post-thumbnail","6":"pwb-brand-cantabria-labs-lv","7":"product_cat-jutigai-adai","8":"product_cat-novecojosa-ada","9":"product_cat-serumi","11":"first","12":"instock","13":"taxable","14":"shipping-taxable","15":"purchasable","16":"product-type-simple"},"acf":[],"brands":[{"id":1201,"name":"Cantabria Labs","slug":"cantabria-labs-lv"}],"_links":{"self":[{"href":"https:\/\/skinstudio.ee\/lv\/wp-json\/wp\/v2\/product\/58381","targetHints":{"allow":["GET"]}}],"collection":[{"href":"https:\/\/skinstudio.ee\/lv\/wp-json\/wp\/v2\/product"}],"about":[{"href":"https:\/\/skinstudio.ee\/lv\/wp-json\/wp\/v2\/types\/product"}],"version-history":[{"count":0,"href":"https:\/\/skinstudio.ee\/lv\/wp-json\/wp\/v2\/product\/58381\/revisions"}],"wp:featuredmedia":[{"embeddable":true,"href":"https:\/\/skinstudio.ee\/lv\/wp-json\/wp\/v2\/media\/65012"}],"wp:attachment":[{"href":"https:\/\/skinstudio.ee\/lv\/wp-json\/wp\/v2\/media?parent=58381"}],"wp:term":[{"taxonomy":"pwb-brand","embeddable":true,"href":"https:\/\/skinstudio.ee\/lv\/wp-json\/wp\/v2\/pwb-brand?post=58381"},{"taxonomy":"product_brand","embeddable":true,"href":"https:\/\/skinstudio.ee\/lv\/wp-json\/wp\/v2\/product_brand?post=58381"},{"taxonomy":"product_cat","embeddable":true,"href":"https:\/\/skinstudio.ee\/lv\/wp-json\/wp\/v2\/product_cat?post=58381"},{"taxonomy":"product_tag","embeddable":true,"href":"https:\/\/skinstudio.ee\/lv\/wp-json\/wp\/v2\/product_tag?post=58381"},{"taxonomy":"giftcard-category","embeddable":true,"href":"https:\/\/skinstudio.ee\/lv\/wp-json\/wp\/v2\/giftcard-category?post=58381"}],"curies":[{"name":"wp","href":"https:\/\/api.w.org\/{rel}","templated":true}]}}