{"id":58403,"date":"2025-11-07T14:07:39","date_gmt":"2025-11-07T14:07:39","guid":{"rendered":"https:\/\/skinstudio.ee\/?post_type=product&#038;p=58403"},"modified":"2025-12-18T13:27:22","modified_gmt":"2025-12-18T13:27:22","slug":"skin-resist-daily-fluid","status":"publish","type":"product","link":"https:\/\/skinstudio.ee\/lv\/catalog\/cantabria-labs-lv\/skin-resist-daily-fluid\/","title":{"rendered":"Skin Resist Daily Fluid"},"content":{"rendered":"<p data-start=\"252\" data-end=\"639\">Skin Resist Daily Fluid ir viegls mitrino\u0161s flu\u012bds, kas paredz\u0113ts jut\u012bgas un reakt\u012bvas \u0101das ikdienas kop\u0161anai. T\u0101 inovat\u012bv\u0101 formula pal\u012bdz atjaunot l\u012bdzsvaru, stiprina \u0101das aizsargbarjeru un nodro\u0161ina komfortu, vienlaikus aizsarg\u0101jot \u0101du no \u0101r\u0113jiem faktoriem. Flu\u012bda viegl\u0101 tekst\u016bra \u0101tri uzs\u016bcas, acumirkl\u012b mazina sausuma un diskomforta saj\u016btu, atst\u0101jot \u0101du maigu, svaigu un starojo\u0161u.<\/p>\n<p data-start=\"641\" data-end=\"1037\">Formulas pamat\u0101 ir patent\u0113t\u0101 <strong data-start=\"670\" data-end=\"697\">Aquammunist\u00ae Technology<\/strong>, kas bag\u0101tin\u0101ta ar miner\u0101l\u016bdeni un diatomej\u0101m, stiprina \u0101das barjeru un samazina t\u0101s reaktivit\u0101ti. <strong data-start=\"797\" data-end=\"812\">Niacinam\u012bds<\/strong> pal\u012bdz atjaunot \u0101das mitruma l\u012bdzsvaru un uzlabo toni, savuk\u0101rt <strong data-start=\"877\" data-end=\"919\">Cherimoya (Annona cherimola) ekstrakts<\/strong>, paz\u012bstams k\u0101 SkinCalm Booster, nomierina kairin\u0101jumu un palielina \u0101das iztur\u012bbu pret stresu un \u0101r\u0113jo pies\u0101r\u0146ojumu.<\/p>\n<p data-start=\"1039\" data-end=\"1249\">Regul\u0101ri lietojot Skin Resist Daily Fluid, \u0101da k\u013c\u016bst glud\u0101ka, elast\u012bg\u0101ka un maz\u0101k jut\u012bga. Flu\u012bds pal\u012bdz uztur\u0113t optim\u0101lu mitruma l\u012bmeni un veicina \u0101das dabisko aizsardz\u012bbu, padarot to vesel\u012bgu un l\u012bdzsvarotu.<\/p>\n<p data-start=\"1251\" data-end=\"1271\"><strong data-start=\"1251\" data-end=\"1263\">Tilpums:<\/strong> 50 ml<\/p>\n","protected":false},"excerpt":{"rendered":"<p data-start=\"1520\" data-end=\"1571\">Viegls mitrino\u0161s flu\u012bds jut\u012bgai un reakt\u012bvai \u0101dai<\/p>\n<h2 data-start=\"1573\" data-end=\"1858\"><strong data-start=\"1573\" data-end=\"1626\">\u012apa\u0161\u012bbas Cantabria Labs &#8211; Skin Resist Daily Fluid<\/strong><\/h2>\n<p data-start=\"1573\" data-end=\"1858\">\u2714\ufe0f Nomierina \u0101du un samazina t\u0101s reaktivit\u0101ti<br data-start=\"1674\" data-end=\"1677\" \/>\u2714\ufe0f Stiprina \u0101das aizsargbarjeru un uztur mitrumu<br data-start=\"1725\" data-end=\"1728\" \/>\u2714\ufe0f Samazina kairin\u0101jumu un aps\u0101rtumu<br data-start=\"1764\" data-end=\"1767\" \/>\u2714\ufe0f Nodro\u0161ina maigumu, komfortu un svaigumu<br data-start=\"1809\" data-end=\"1812\" \/>\u2714\ufe0f Pie\u0161\u0137ir \u0101dai vesel\u012bgu un dabisku mirdzumu<\/p>\n","protected":false},"featured_media":91881,"template":"","meta":[],"pwb-brand":[1201],"product_brand":[],"product_cat":[745,749,723],"product_tag":[],"giftcard-category":[],"class_list":{"0":"post-58403","1":"product","2":"type-product","3":"status-publish","4":"has-post-thumbnail","6":"pwb-brand-cantabria-labs-lv","7":"product_cat-jutigai-adai","8":"product_cat-novecojosa-ada","9":"product_cat-serumi","11":"first","12":"instock","13":"taxable","14":"shipping-taxable","15":"purchasable","16":"product-type-simple"},"acf":[],"brands":[{"id":1201,"name":"Cantabria Labs","slug":"cantabria-labs-lv"}],"_links":{"self":[{"href":"https:\/\/skinstudio.ee\/lv\/wp-json\/wp\/v2\/product\/58403","targetHints":{"allow":["GET"]}}],"collection":[{"href":"https:\/\/skinstudio.ee\/lv\/wp-json\/wp\/v2\/product"}],"about":[{"href":"https:\/\/skinstudio.ee\/lv\/wp-json\/wp\/v2\/types\/product"}],"version-history":[{"count":0,"href":"https:\/\/skinstudio.ee\/lv\/wp-json\/wp\/v2\/product\/58403\/revisions"}],"wp:featuredmedia":[{"embeddable":true,"href":"https:\/\/skinstudio.ee\/lv\/wp-json\/wp\/v2\/media\/91881"}],"wp:attachment":[{"href":"https:\/\/skinstudio.ee\/lv\/wp-json\/wp\/v2\/media?parent=58403"}],"wp:term":[{"taxonomy":"pwb-brand","embeddable":true,"href":"https:\/\/skinstudio.ee\/lv\/wp-json\/wp\/v2\/pwb-brand?post=58403"},{"taxonomy":"product_brand","embeddable":true,"href":"https:\/\/skinstudio.ee\/lv\/wp-json\/wp\/v2\/product_brand?post=58403"},{"taxonomy":"product_cat","embeddable":true,"href":"https:\/\/skinstudio.ee\/lv\/wp-json\/wp\/v2\/product_cat?post=58403"},{"taxonomy":"product_tag","embeddable":true,"href":"https:\/\/skinstudio.ee\/lv\/wp-json\/wp\/v2\/product_tag?post=58403"},{"taxonomy":"giftcard-category","embeddable":true,"href":"https:\/\/skinstudio.ee\/lv\/wp-json\/wp\/v2\/giftcard-category?post=58403"}],"curies":[{"name":"wp","href":"https:\/\/api.w.org\/{rel}","templated":true}]}}